{"id":52329,"date":"2025-07-19T02:28:37","date_gmt":"2025-07-19T09:28:37","guid":{"rendered":"https:\/\/moeinsurgicalarts.com\/?page_id=52329"},"modified":"2025-08-30T10:29:31","modified_gmt":"2025-08-30T17:29:31","slug":"tratamiento-capilar-prp","status":"publish","type":"page","link":"https:\/\/moeinsurgicalarts.com\/es\/tratamiento-capilar-prp\/","title":{"rendered":"Tratamiento capilar PRP"},"content":{"rendered":"\n\n\t<p>La p\u00e9rdida de cabello no se trata solo de la apariencia; afecta c\u00f3mo te sientes, c\u00f3mo te presentas y c\u00f3mo te ves a ti mismo. Con la terapia de Plasma Rico en Plaquetas (PRP), tu propio cuerpo se convierte en la soluci\u00f3n. Se toma una peque\u00f1a muestra de tu sangre para aislar los factores de crecimiento que estimulan la capacidad natural de tu cuero cabelludo para regenerar cabello sin cirug\u00eda, sin medicamentos y sin tiempo de inactividad.<\/p>\n<p>\u00a0<\/p>\n\t<p>Ya sea que est\u00e9s experimentando un adelgazamiento temprano del cabello, una l\u00ednea de cabello en retroceso o una ca\u00edda posnatal, el PRP es una soluci\u00f3n segura y no invasiva. El proceso implica molestias m\u00ednimas, dura menos de una hora y brinda resultados visibles en tan solo 3 meses. Lo m\u00e1s importante es que utiliza tu propia biolog\u00eda, nada artificial.<\/p>\n\t\t\t\t<img decoding=\"async\" src=\"https:\/\/moeinsurgicalarts.com\/wp-content\/uploads\/PRP-Hair-Treatment-in-Los-Angeles.webp\" alt=\"PRP Hair Treatment in Los Angeles\" itemprop=\"image\" height=\"530\" width=\"800\" title=\"PRP Hair Treatment in Los Angeles\" onerror=\"this.style.display='none'\" loading=\"lazy\">\n<h2>\n\t\t\t\u00bfQui\u00e9n se beneficia m\u00e1s del tratamiento capilar con PRP?\t<\/h2>\n\tEl PRP es ideal para personas en las primeras etapas hasta moderadas de adelgazamiento del cabello. Si tu raya se est\u00e1 ensanchando, tu cola de caballo es m\u00e1s delgada que antes, o tu l\u00ednea de cabello se est\u00e1 retrocediendo lentamente, este es tu momento para actuar. El PRP no solo ayuda a detener la ca\u00edda del cabello; fortalece los fol\u00edculos d\u00e9biles, espesa los mechones existentes y fomenta un nuevo crecimiento cuando es posible.\n\nEs adecuado para:\n<ul data-start=\"572\" data-end=\"765\">\n<li data-start=\"572\" data-end=\"622\">\nHombres con entradas o coronillas que se est\u00e1n adelgazando\n<\/li>\n<li data-start=\"623\" data-end=\"674\">\nMujeres con p\u00e9rdida de cabello hormonal o postparto\n<\/li>\n<li data-start=\"675\" data-end=\"714\">\nAdultos que notan un adelgazamiento temprano del cabello\n<\/li>\n<li data-start=\"715\" data-end=\"765\">\nCualquiera que busque una soluci\u00f3n natural y libre de medicamentos u otro problema como <a href=\"https:\/\/healthylifebariatrics.com\/hair-loss-and-bariatric-surgery\/\" target=\"_blank\" rel=\"noopener\">cirug\u00eda bari\u00e1trica<\/a>\n<\/li>\n<\/ul>\n<h2>\n\t\t\t\u00bfPor qu\u00e9 funciona el tratamiento de PRP?\t<\/h2>\n\t\t\t\t<img decoding=\"async\" src=\"https:\/\/moeinsurgicalarts.com\/wp-content\/uploads\/Why-PRP-Treatment-Works.webp\" alt=\"Why PRP Treatment Works?\" itemprop=\"image\" height=\"533\" width=\"800\" title=\"Why PRP Treatment Works?\" onerror=\"this.style.display='none'\" loading=\"lazy\">\n\t<p>Tu sangre contiene poderosos factores de crecimiento. Cuando estos se concentran y se reintroducen en \u00e1reas de cabello debilitado, \u00abdespiertan\u00bb los fol\u00edculos dormidos. Pi\u00e9nsalo como fertilizar el suelo, est\u00e1s alimentando tu cuero cabelludo con los nutrientes exactos que necesita para estimular un crecimiento fresco.<\/p>\n<p>A diferencia de los productos de venta libre que enmascaran el problema, la PRP trata la causa ra\u00edz (literalmente). Es ideal para aquellos que desean resultados sin cirug\u00eda, medicamentos o pelucas.<\/p>\n<h3>\n\t\t\t\u00bfPor qu\u00e9 elegir PRP para la p\u00e9rdida de cabello?\t<\/h3>\n\tA diferencia de los champ\u00fas, gorras l\u00e1ser o suplementos que a menudo prometen mucho y cumplen poco, el PRP est\u00e1 respaldado por una verdadera ciencia m\u00e9dica. Funciona con tu cuerpo, no en su contra. Y cuando se realiza correctamente, tiene el poder de retrasar o incluso prevenir la necesidad de intervenci\u00f3n quir\u00fargica.\n\n\u2714 Utiliza tu propia sangre, segura y natural<br data-start=\"1202\" data-end=\"1205\">\u2714 Ideal tanto para hombres como para mujeres<br data-start=\"1235\" data-end=\"1238\">\u2714 Perfecto para la p\u00e9rdida de cabello en etapa temprana<br data-start=\"1273\" data-end=\"1276\">\u2714 Sin cirug\u00eda ni larga recuperaci\u00f3n<br data-start=\"1305\" data-end=\"1308\">\u2714 Planes personalizados para resultados a largo plazo<br>\n\u2714 Libre de medicamentos y compatible con otros tratamientos\n<h2>\n\t\t\t\u00bfQu\u00e9 esperar durante el proceso?\t<\/h2>\n\t<ol data-start=\"813\" data-end=\"1012\">\n<li data-start=\"813\" data-end=\"864\">\n<strong data-start=\"816\" data-end=\"836\">Extracci\u00f3n r\u00e1pida de sangre<\/strong> \u2013 Como un an\u00e1lisis de laboratorio de rutina\n<\/li>\n<li data-start=\"865\" data-end=\"935\">\n<strong data-start=\"868\" data-end=\"891\">Separaci\u00f3n de plaquetas<\/strong> \u2013 Su sangre se centrifuga en una m\u00e1quina especial\n<\/li>\n<li data-start=\"936\" data-end=\"1012\">\n<strong data-start=\"939\" data-end=\"962\">Inyecciones dirigidas<\/strong> \u2013 El PRP se inyecta suavemente en \u00e1reas de adelgazamiento por <a href=\"https:\/\/moeinsurgicalarts.com\/es\/mejor-cirujano-estetico-de-los-angeles\/\">el cirujano cosm\u00e9tico Dr. Moein<\/a>\n<\/li>\n<\/ol>\n\nCada sesi\u00f3n dura aproximadamente de 30 a 45 minutos. La mayor\u00eda de los pacientes regresan al trabajo o a sus actividades normales el mismo d\u00eda. No hay cicatrices y no es necesario un per\u00edodo de recuperaci\u00f3n.\n<h2>\n\t\t\tPRP vs. Otros Tratamientos para la P\u00e9rdida de Cabello: \u00bfCu\u00e1l es la Diferencia?\t<\/h2>\n\t<table>\n  <thead>\n    <tr>\n      <th>Tratamiento<\/th>\n      <th>Invasividad<\/th>\n      <th>Tiempo de recuperaci\u00f3n<\/th>\n      <th>Crecimiento natural<\/th>\n      <th>Mejor para<\/th>\n      <th>Rango de costo (Aprox.)<\/th>\n    <\/tr>\n  <\/thead>\n  <tbody>\n    <tr>\n      <td><strong>Terapia con PRP<\/strong><\/td>\n      <td>No quir\u00fargico<\/td>\n      <td>M\u00ednimo a ninguno<\/td>\n      <td>\u2705 S\u00ed<\/td>\n      <td>P\u00e9rdida de cabello en etapa inicial, adelgazamiento general<\/td>\n      <td>$$ Moderado<\/td>\n    <\/tr>\n    <tr>\n      <td><strong>Trasplante de cabello<\/strong><\/td>\n      <td>Quir\u00fargico<\/td>\n      <td>1-2 semanas<\/td>\n      <td>\u2705 S\u00ed<\/td>\n      <td>P\u00e9rdida de cabello avanzada, parches calvos<\/td>\n      <td>$$$$ Alto<\/td>\n    <\/tr>\n    <tr>\n      <td><strong>Medicaci\u00f3n oral<\/strong><\/td>\n      <td>No invasivo<\/td>\n      <td>Ninguno<\/td>\n      <td>\u274c No (previene la p\u00e9rdida)<\/td>\n      <td>Hombres con calvicie de patr\u00f3n<\/td>\n      <td>$ Bajo (continuo)<\/td>\n    <\/tr>\n    <tr>\n      <td><strong>Productos t\u00f3picos<\/strong><\/td>\n      <td>No invasivo<\/td>\n      <td>Ninguno<\/td>\n      <td>\u274c M\u00ednimo<\/td>\n      <td>Ca\u00edda leve o prevenci\u00f3n<\/td>\n      <td>$ Bajo<\/td>\n    <\/tr>\n    <tr>\n      <td><strong>Gorras l\u00e1ser<\/strong><\/td>\n      <td>No invasivo<\/td>\n      <td>Ninguno<\/td>\n      <td>\u26a0\ufe0f Leve\/Var\u00eda<\/td>\n      <td>Estimulaci\u00f3n general (uso en casa)<\/td>\n      <td>$$ Moderado<\/td>\n    <\/tr>\n  <\/tbody>\n<\/table>\n<h2>\n\t\t\tCronograma del Tratamiento de Restauraci\u00f3n Capilar con PRP\t<\/h2>\n\t<table>\n  <thead>\n    <tr>\n      <th>Periodo de Tiempo<\/th>\n      <th>Qu\u00e9 Sucede<\/th>\n    <\/tr>\n  <\/thead>\n  <tbody>\n    <tr>\n      <td><strong>Semana 0 \u2013 Consulta<\/strong><\/td>\n      <td>Evaluaci\u00f3n completa del cuero cabelludo, historial m\u00e9dico y planificaci\u00f3n de tratamiento personalizado.<\/td>\n    <\/tr>\n    <tr>\n      <td><strong>Semana 1 \u2013 Sesi\u00f3n 1<\/strong><\/td>\n      <td>Extracci\u00f3n de sangre, preparaci\u00f3n de PRP y primera ronda de inyecciones dirigidas en el cuero cabelludo (30-45 minutos).<\/td>\n    <\/tr>\n    <tr>\n      <td><strong>Semana 4 \u2013 Sesi\u00f3n 2<\/strong><\/td>\n      <td>Segunda sesi\u00f3n para reforzar la estimulaci\u00f3n de fol\u00edculos y apoyar el fortalecimiento temprano del cabello.<\/td>\n    <\/tr>\n    <tr>\n      <td><strong>Semana 8 \u2013 Sesi\u00f3n 3<\/strong><\/td>\n      <td>Continuaci\u00f3n de la construcci\u00f3n de densidad y rejuvenecimiento del cuero cabelludo, especialmente en zonas espec\u00edficas.<\/td>\n    <\/tr>\n    <tr>\n      <td><strong>Semana 12 \u2013 Sesi\u00f3n 4<\/strong><\/td>\n      <td>Sesi\u00f3n central final. La mayor\u00eda de los pacientes comienzan a ver resultados notables en este punto.<\/td>\n    <\/tr>\n    <tr>\n      <td><strong>Mes 6-12 \u2013 Mantenimiento<\/strong><\/td>\n      <td>Sesiones de refuerzo opcionales para preservar y maximizar el crecimiento y grosor a largo plazo.<\/td>\n    <\/tr>\n  <\/tbody>\n<\/table>\n<h2>\n\t\t\tConsejos posteriores al cuidado para resultados m\u00e1s fuertes y duraderos\t<\/h2>\n\tObtener el m\u00e1ximo beneficio de tu tratamiento de PRP implica seguir unos simples pero importantes pasos:\n<ul data-start=\"3183\" data-end=\"3504\">\n<li data-start=\"3183\" data-end=\"3245\">\n<strong data-start=\"3185\" data-end=\"3228\">Evita lavar tu cabello durante 24-48 horas<\/strong> despu\u00e9s del tratamiento\n<\/li>\n<li data-start=\"3246\" data-end=\"3315\">\n<strong data-start=\"3248\" data-end=\"3291\">Evita herramientas de calor y productos agresivos para el cabello<\/strong> durante al menos dos d\u00edas\n<\/li>\n<li data-start=\"3316\" data-end=\"3363\">\n<strong data-start=\"3318\" data-end=\"3340\">Limita la exposici\u00f3n al sol<\/strong> para proteger el cuero cabelludo\n<\/li>\n<li data-start=\"3364\" data-end=\"3443\">\n<strong data-start=\"3366\" data-end=\"3412\">Mantente hidratado y sigue una dieta rica en nutrientes<\/strong> para apoyar la funci\u00f3n folicular\n<\/li>\n<li data-start=\"3444\" data-end=\"3504\">\n<strong data-start=\"3446\" data-end=\"3479\">Sigue el horario de sesiones<\/strong> recomendado en tu plan\n<\/li>\n<\/ul>\n\nUn cuidado adecuado despu\u00e9s ayuda a que tus fol\u00edculos absorban eficazmente los factores de crecimiento y brinda a tu cabello la mejor oportunidad de volver a crecer.\n<h2>\n\t\t\tPor qu\u00e9 los pacientes conf\u00edan en Moein Surgical Arts para PRP\t<\/h2>\n\t\t\t\t<img decoding=\"async\" src=\"https:\/\/moeinsurgicalarts.com\/wp-content\/uploads\/Why-Patients-Trust-Moein-Surgical-Arts-for-PRP.webp\" alt=\"Why Patients Trust Moein Surgical Arts for PRP\" itemprop=\"image\" height=\"533\" width=\"800\" title=\"Why Patients Trust Moein Surgical Arts for PRP\" onerror=\"this.style.display='none'\" loading=\"lazy\">\n\t<p>Con tantas opciones disponibles, es importante elegir un proveedor con experiencia y credibilidad. En Moein Surgical Arts, la terapia de PRP es realizada por <a href=\"https:\/\/moeinsurgicalarts.com\/es\/mejor-cirujano-estetico-de-los-angeles\/certificado-del-dr-moein-cirugia-estetica-cosmetica-y-cirugia-minimamente-invasiva\/\">el Dr. Moein, un cirujano certificado por la junta<\/a> con un profundo conocimiento de anatom\u00eda, est\u00e9tica y medicina regenerativa.<\/p>\n<p>El tratamiento se realiza utilizando herramientas de precisi\u00f3n, t\u00e9cnica est\u00e9ril y la \u00faltima tecnolog\u00eda de PRP para garantizar la m\u00e1xima concentraci\u00f3n de plaquetas y seguridad. Y debido a que se realiza en una instalaci\u00f3n de grado quir\u00fargico, est\u00e1s recibiendo el m\u00e1s alto nivel de atenci\u00f3n en el entorno m\u00e1s profesional.<\/p>\n\t<p>No solo est\u00e1s restaurando cabello, est\u00e1s invirtiendo en confianza, energ\u00eda y en c\u00f3mo te presentas en el mundo.<\/p>\n<p>\u2705 Atenci\u00f3n certificada por la junta<br data-start=\"4009\" data-end=\"4012\">\u2705 Instalaciones m\u00e9dicamente est\u00e9riles<br data-start=\"4040\" data-end=\"4043\">\u2705 Planes de tratamiento personalizados<br data-start=\"4071\" data-end=\"4074\">\u2705 Precios y financiamiento transparentes<br data-start=\"4109\" data-end=\"4112\">\u2705 Historial comprobado en est\u00e9tica tanto cosm\u00e9tica como m\u00e9dica<\/p>\n<h2>\n\t\t\tComienza tu viaje de tratamiento capilar con PRP en Los \u00c1ngeles\t<\/h2>\n\tLa p\u00e9rdida de cabello a menudo se presenta silenciosamente, pero una vez que la notas, es dif\u00edcil ignorarla. En lugar de esperar y preguntarte qu\u00e9 pasar\u00e1, toma medidas hoy con un tratamiento que funcione con tu cuerpo, no en su contra.\n\nEl PRP no se trata solo de hacer crecer el cabello. Se trata de restaurar la forma en que te sientes al mirarte en el espejo. M\u00e1s natural, m\u00e1s seguro, m\u00e1s como t\u00fa mismo de nuevo.\n\nEn <strong data-start=\"645\" data-end=\"668\">Moein Surgical Arts<\/strong>, cada tratamiento de PRP se realiza en un entorno m\u00e9dicamente avanzado por un cirujano certificado que comprende no solo la ciencia detr\u00e1s de la restauraci\u00f3n capilar, sino tambi\u00e9n el impacto emocional de la p\u00e9rdida de cabello.\n<p>Junto con la restauraci\u00f3n capilar, la cl\u00ednica tambi\u00e9n ofrece tratamientos est\u00e9ticos adicionales, incluido <a href=\"https:\/\/moeinsurgicalarts.com\/es\/med-spa-services\/eliminacion-de-cabello-laser\/\">eliminaci\u00f3n de vello con l\u00e1ser<\/a>, todo bajo un mismo techo discreto y confiable.<\/p>\n<p>Ya sea que te encuentres en Beverly Hills, Encino o en cualquier lugar de Los \u00c1ngeles, tu camino hacia un cabello m\u00e1s completo y saludable puede comenzar con una consulta.<\/p>\n\ud83d\udcbc <strong data-start=\"875\" data-end=\"895\">Ubicaci\u00f3n de la cl\u00ednica:<\/strong><br data-start=\"895\" data-end=\"898\">2080 Century Park East, Suite 501,<br data-start=\"932\" data-end=\"935\">Los \u00c1ngeles, CA 90067\n\n\ud83d\udcde <strong data-start=\"961\" data-end=\"971\">Tel\u00e9fono:<\/strong><br data-start=\"971\" data-end=\"974\">(<a href=\"tel:+13104558020\">310) 455-8020<\/a>\n\n\ud83d\udcc5 <strong data-start=\"993\" data-end=\"1021\">Consultas Disponibles:<\/strong><br data-start=\"1021\" data-end=\"1024\">Lunes a viernes | 9:00 AM \u2013 5:00 PM\n\nYa sea que te encuentres en Beverly Hills, Encino o en cualquier lugar del \u00e1rea metropolitana de Los \u00c1ngeles, tu camino hacia un cabello m\u00e1s completo y saludable puede <a href=\"https:\/\/moeinsurgicalarts.com\/es\/contactar-con-el-cirujano-estetico\/\">comenzar con una cita r\u00e1pida<\/a>.\n\t<h3 data-start=\"1219\" data-end=\"1241\">\ud83d\udcac \u00bfListo para comenzar?<\/h3>\n\n\u27a1\ufe0f <a href=\"https:\/\/moeinsurgicalarts.com\/es\/consulta-virtual\/\" rel=\"noopener\" data-start=\"1246\" data-end=\"1289\">Programa tu consulta en l\u00ednea ahora<\/a><br data-start=\"1289\" data-end=\"1292\">\u27a1\ufe0f <a href=\"tel:+13104558020\" rel=\"noopener\" data-start=\"1295\" data-end=\"1352\">Llama al (310) 455-8020 para reservar al instante<\/a>\n\n","protected":false},"excerpt":{"rendered":"<p>La p\u00e9rdida de cabello no se trata solo de la apariencia; afecta c\u00f3mo te sientes, c\u00f3mo te presentas y c\u00f3mo te ves a ti mismo. Con la terapia de Plasma Rico en Plaquetas (PRP), tu propio cuerpo se convierte en la soluci\u00f3n. Se toma una peque\u00f1a muestra de tu sangre para aislar los factores de [&hellip;]<\/p>\n","protected":false},"author":23,"featured_media":45616,"parent":0,"menu_order":0,"comment_status":"closed","ping_status":"closed","template":"","meta":{"footnotes":""},"class_list":["post-52329","page","type-page","status-publish","has-post-thumbnail","hentry"],"_links":{"self":[{"href":"https:\/\/moeinsurgicalarts.com\/es\/wp-json\/wp\/v2\/pages\/52329","targetHints":{"allow":["GET"]}}],"collection":[{"href":"https:\/\/moeinsurgicalarts.com\/es\/wp-json\/wp\/v2\/pages"}],"about":[{"href":"https:\/\/moeinsurgicalarts.com\/es\/wp-json\/wp\/v2\/types\/page"}],"author":[{"embeddable":true,"href":"https:\/\/moeinsurgicalarts.com\/es\/wp-json\/wp\/v2\/users\/23"}],"replies":[{"embeddable":true,"href":"https:\/\/moeinsurgicalarts.com\/es\/wp-json\/wp\/v2\/comments?post=52329"}],"version-history":[{"count":1,"href":"https:\/\/moeinsurgicalarts.com\/es\/wp-json\/wp\/v2\/pages\/52329\/revisions"}],"predecessor-version":[{"id":54090,"href":"https:\/\/moeinsurgicalarts.com\/es\/wp-json\/wp\/v2\/pages\/52329\/revisions\/54090"}],"wp:featuredmedia":[{"embeddable":true,"href":"https:\/\/moeinsurgicalarts.com\/es\/wp-json\/wp\/v2\/media\/45616"}],"wp:attachment":[{"href":"https:\/\/moeinsurgicalarts.com\/es\/wp-json\/wp\/v2\/media?parent=52329"}],"curies":[{"name":"wp","href":"https:\/\/api.w.org\/{rel}","templated":true}]}}