{"id":52300,"date":"2025-05-16T15:16:44","date_gmt":"2025-05-16T22:16:44","guid":{"rendered":"https:\/\/moeinsurgicalarts.com\/procedimientos-corporales\/elevacion-de-gluteos\/"},"modified":"2026-02-02T21:01:43","modified_gmt":"2026-02-03T05:01:43","slug":"elevacion-de-gluteos","status":"publish","type":"page","link":"https:\/\/moeinsurgicalarts.com\/es\/procedimientos-corporales\/elevacion-de-gluteos\/","title":{"rendered":"Elevaci\u00f3n de Gl\u00fateos"},"content":{"rendered":"\n<h2>\n\t\t\t\u00bfQu\u00e9 es una Elevaci\u00f3n de Gl\u00fateos?\t<\/h2>\n\t<p>El Levantamiento de Gl\u00fateos, com\u00fanmente conocido como levantamiento gl\u00fateo, es una t\u00e9cnica quir\u00fargica sofisticada dise\u00f1ada para mejorar y redefinir los contornos de los gl\u00fateos. Este procedimiento transformador implica la meticulosa eliminaci\u00f3n de piel y grasa excesivas, proporcionando una apariencia bellamente elevada. Junto con este levantamiento, se utilizan t\u00e9cnicas como el injerto de grasa para agregar volumen y plenitud, creando una silueta armoniosa. Al personalizar el procedimiento para alinearlo con tu forma corporal \u00fanica, nos esforzamos por lograr resultados impresionantes y naturales que realzan de manera fluida tu figura en general, celebrando tu individualidad y aumentando tu confianza.<\/p>\n\t\t\t\t<img decoding=\"async\" src=\"https:\/\/moeinsurgicalarts.com\/wp-content\/uploads\/Butt-Lift-Los-Angeles-CA.webp\" alt=\"Butt Lift Los Angeles, CA\" itemprop=\"image\" height=\"1000\" width=\"850\" title=\"Butt Lift Los Angeles, CA\" onerror=\"this.style.display='none'\" loading=\"lazy\">\n\t\n<h2>\n\t\t\tElevaci\u00f3n de Gl\u00fateos Antes y Despu\u00e9s\t<\/h2>\n<h2>\n\t\t\tPrincipales Beneficios de un Levantamiento de Gl\u00fateos\t<\/h2>\n\t<ul>\n<li><strong>Contornos Naturales Mejorados<\/strong>: El procedimiento de Levantamiento de Gl\u00fateos est\u00e1 dise\u00f1ado para aumentar significativamente el volumen y la proyecci\u00f3n de tus gl\u00fateos. Al usar t\u00e9cnicas para levantar y dar forma a la zona, los pacientes pueden lograr una silueta m\u00e1s voluptuosa y juvenil que complementa su f\u00edsico general, resultando en un contorno impresionante que realza tanto la belleza natural como el estilo personal.<\/li>\n<li><strong>Proporciones Equilibradas<\/strong>: Una de las ventajas destacadas de un Levantamiento de Gl\u00fateos es su capacidad para crear una figura m\u00e1s proporcional. Al mejorar estrat\u00e9gicamente la forma y la plenitud de los gl\u00fateos, este procedimiento ayuda a establecer un equilibrio agradable entre el cuerpo superior e inferior. Como resultado, la cintura puede parecer m\u00e1s delgada y definida, realzando la forma de reloj de arena femenina que muchas desean.<\/li>\n<\/ul>\n\t<ul>\n<li><strong>Aumento de la autoconfianza<\/strong>: Un beneficio notable experimentado por muchas personas despu\u00e9s de un levantamiento de gl\u00fateos es un profundo aumento en la autoconfianza. Despu\u00e9s de la cirug\u00eda, los pacientes a menudo sienten un renovado sentido de empoderamiento y comodidad en su piel. Esta transformaci\u00f3n no solo eleva la autoestima, sino que tambi\u00e9n influye positivamente en varios aspectos de la vida, lo que conduce a una calidad de vida enriquecida a medida que las personas aceptan su apariencia mejorada con orgullo.<\/li>\n<\/ul>\n\t<p>El Levantamiento de Gl\u00fateos Brasile\u00f1o (BBL, por sus siglas en ingl\u00e9s) y el Levantamiento de Gl\u00fateos son procedimientos cosm\u00e9ticos destinados a mejorar los gl\u00fateos, pero difieren en sus t\u00e9cnicas. El BBL utiliza la liposucci\u00f3n para eliminar grasa de otras \u00e1reas del cuerpo, que luego se inyecta en los gl\u00fateos para darles una apariencia m\u00e1s llena, tambi\u00e9n contorneando los sitios donantes. En contraste, un Levantamiento de Gl\u00fateos implica la eliminaci\u00f3n de piel excesiva y a veces grasa para tensar y levantar los gl\u00fateos, generalmente para aquellos con piel fl\u00e1cida debido a la p\u00e9rdida de peso. Mientras que el <a href=\"https:\/\/moeinsurgicalarts.com\/es\/procedimientos-corporales\/levantamiento-de-gluteos-brasileno-en-los-angeles-ca\/\">BBL mejora el volumen<\/a> y se siente m\u00e1s natural, el Levantamiento de Gl\u00fateos se centra en mejorar la forma y la firmeza. La elecci\u00f3n entre los dos depende de los objetivos individuales y los tipos de cuerpo.<\/p>\n\t<p>En <strong>Moein Surgical Arts<\/strong>, estamos dedicados a ayudarte a lograr el cuerpo de tus sue\u00f1os. Nuestra Elevaci\u00f3n de Gl\u00fateos ofrece una experiencia transformadora dise\u00f1ada para mejorar la curvatura y redondez de tus gl\u00fateos, resultando en una silueta m\u00e1s equilibrada y est\u00e9ticamente agradable.<\/p>\n<h2>\n\t\t\t\u00bfCandidatos ideales para un levantamiento de gl\u00fateos?\t<\/h2>\n\t<ol>\n<li>Est\u00e1s experimentando flacidez o acumulaci\u00f3n de piel excesiva, que puede resultar de factores como el proceso natural de envejecimiento, una p\u00e9rdida de peso <a href=\"https:\/\/moeinsurgicalarts.com\/es\/perdida-de-alto-peso\/\">significativa<\/a>, o rasgos gen\u00e9ticos <a href=\"http:\/\/pmc.ncbi.nlm.nih.gov\/articles\/PMC12170653\/\" target=\"_blank\" rel=\"noopener\">heredados que afectan la elasticidad y firmeza de la piel<\/a>.<\/li>\n<li>Tienes el deseo de mejorar tanto el tama\u00f1o como el contorno de tus gl\u00fateos, con el objetivo de lograr una silueta m\u00e1s equilibrada y est\u00e9ticamente agradable que se alinee con tus metas personales de imagen corporal.<\/li>\n<li>Generalmente gozas de buena salud, mantienes un peso consistente y posees una clara comprensi\u00f3n de qu\u00e9 resultados esperar de la cirug\u00eda: tener metas realistas es crucial para la satisfacci\u00f3n despu\u00e9s del procedimiento.<\/li>\n<li>Ahora est\u00e1s listo para comprometerte plenamente con el proceso de recuperaci\u00f3n siguiendo las instrucciones de cuidado postoperatorio proporcionadas por tu cirujano, ya que este compromiso es crucial para lograr resultados \u00f3ptimos de curaci\u00f3n y maximizar los resultados de la cirug\u00eda.<\/li>\n<\/ol>\n<h2>\n\t\t\tTransforma tu silueta con nuestro levantamiento de gl\u00fateos realizado expertamente\t<\/h2>\n\t<p>El Levantamiento de Gl\u00fateos se realiza bajo anestesia general para garantizar su comodidad durante todo el procedimiento. Aqu\u00ed hay una descripci\u00f3n detallada de los pasos involucrados:<\/p>\n<p>1. <strong>Consulta Detallada<\/strong>: Su viaje transformador comienza con una consulta exhaustiva donde nuestro cirujano experto escuchar\u00e1 atentamente sus objetivos est\u00e9ticos. Durante esta sesi\u00f3n, se evaluar\u00e1 meticulosamente su cuerpo y se dise\u00f1ar\u00e1 un plan de tratamiento personalizado para alinearse con sus aspiraciones espec\u00edficas. Esta primera reuni\u00f3n es crucial para establecer una comprensi\u00f3n clara de lo que espera lograr.<\/p>\n<p>2. <strong>Incisiones Precisas<\/strong>: Para minimizar la apariencia de las cicatrices, hacemos incisiones bien ubicadas en \u00e1reas estrat\u00e9gicas. Estas incisiones generalmente se colocan en los pliegues y contornos naturales de los gl\u00fateos, permitiendo as\u00ed una curaci\u00f3n discreta. El objetivo es lograr un resultado est\u00e9tico y sin costuras que complemente su figura en general.<\/p>\n<p>3. <strong>Liposucci\u00f3n y Contorno<\/strong>: En este paso, nos enfocamos en refinar los contornos de su cuerpo. Se eliminan meticulosamente el exceso de piel y grasa para remodelar los gl\u00fateos. Si su tratamiento incluye la transferencia de grasa, cosecharemos cuidadosamente grasa de otras \u00e1reas de su cuerpo, como el abdomen o los muslos, utilizando <a href=\"https:\/\/moeinsurgicalarts.com\/es\/procedimientos-corporales\/liposuccion-los-angeles\/\">t\u00e9cnicas de liposucci\u00f3n<\/a>. Esta grasa cosechada se procesa e inyecta en los gl\u00fateos para mejorar el volumen, la forma y el contorno general, creando una apariencia m\u00e1s completa y juvenil.<\/p>\n<p>4. <strong>Esculpir y Levantar<\/strong>: Despu\u00e9s de la fase de contorno, nuestro equipo experto proceder\u00e1 a levantar y esculpir los gl\u00fateos para lograr la forma deseada. Este paso es crucial para asegurar que el resultado final se vea natural y armonioso con su cuerpo, mejorando sus curvas de una manera que se siente y se ve hermosa y equilibrada.<\/p>\n<p>5. <strong>Plan de Recuperaci\u00f3n<\/strong>: Una vez que se completa el procedimiento, nuestro equipo dedicado le proporcionar\u00e1 un plan de recuperaci\u00f3n meticulosamente delineado. Este plan est\u00e1 dise\u00f1ado para facilitar un proceso de curaci\u00f3n suave, con instrucciones espec\u00edficas sobre actividades, restricciones de movimiento y citas de seguimiento. Nuestro objetivo es asegurar que su recuperaci\u00f3n sea lo m\u00e1s c\u00f3moda y eficiente posible, permiti\u00e9ndole disfrutar de su nuevo aspecto m\u00e1s pronto.<\/p>\n<h2>\n\t\t\tRecuperaci\u00f3n y Cuidado Posterior del Levantamiento de Gl\u00fateos\t<\/h2>\n\t<p>Despu\u00e9s de la cirug\u00eda, tu recuperaci\u00f3n puede variar, pero generalmente incluye un per\u00edodo de ajuste con hinchaz\u00f3n, moretones y algo de incomodidad. Esto es lo que puedes esperar:<\/p>\n<p><strong>Descanso Postoperatorio<\/strong>: Evita sentarte directamente sobre tus gl\u00fateos durante al menos 2-3 semanas para prevenir presi\u00f3n en el \u00e1rea reci\u00e9n contorneada.<\/p>\n<p><strong>Prendas de Compresi\u00f3n<\/strong>: Te proporcionaremos una <a href=\"https:\/\/www.recovapostsurgery.com\/blog\/the-importance-of-wearing-compression-garments-after-brazilian-butt-lift.html#\" rel=\"noopener\">prenda de compresi\u00f3n<\/a> para usar durante varias semanas, lo que ayuda a promover una mejor curaci\u00f3n y minimizar la hinchaz\u00f3n.<\/p>\n<p><strong>Visitas de Seguimiento<\/strong>: Se programar\u00e1n citas de seguimiento regulares para monitorear tu proceso de curaci\u00f3n y responder cualquier pregunta que puedas tener.<\/p>\n<h2>\n\t\t\t\u00bfPor qu\u00e9 elegir Moein Surgical Arts en Los \u00c1ngeles?\t<\/h2>\n\t<p><strong>Cirujanos H\u00e1biles y Compasivos<\/strong>: En Moein Surgical Arts, nuestro cirujano cosm\u00e9tico certificado por la junta, <a href=\"https:\/\/moeinsurgicalarts.com\/es\/mejor-cirujano-estetico-de-los-angeles\/\">Dr. Moein, se especializa en procedimientos de contorno corporal<\/a> como el levantamiento de gl\u00fateos. Con a\u00f1os de experiencia y un compromiso con el arte, el Dr. Moein garantiza que sus resultados sean tanto impresionantes como naturales.<\/p>\n<p><strong>Atenci\u00f3n al Paciente Personalizada<\/strong>: Creemos en proporcionar atenci\u00f3n personalizada, por lo que cada plan de tratamiento en nuestra cl\u00ednica se adapta para alinearse con sus objetivos est\u00e9ticos espec\u00edficos, preferencias y anatom\u00eda \u00fanica.<\/p>\n<p><strong>Instalaciones Modernas<\/strong>: Moein Surgical Arts cuenta con instalaciones quir\u00fargicas de \u00faltima generaci\u00f3n, equipadas con la tecnolog\u00eda m\u00e1s reciente para priorizar su seguridad y comodidad durante todo el procedimiento de levantamiento de gl\u00fateos.<\/p>\n<h2>\n\t\t\t\u00bfListo para dar el siguiente paso? \u00a1Agenda tu consulta hoy!\t<\/h2>\n\t<p>Eleva tus curvas e impulsa tu confianza con un Levantamiento de Gl\u00fateos, magistralmente realizado por el Dr. Moein. Si est\u00e1s listo para transformar tu silueta y abrazar tu belleza, no lo dudes, llama al <a href=\"tel:+13104558020\">(310) 455- 8020<\/a> hoy para programar tu consulta personalizada. \u00a1Nuestro dedicado equipo se compromete a guiarte en cada paso de tu viaje, asegur\u00e1ndote que te sientas apoyado y empoderado en todo momento!<\/p>\n<h2>\n\t\t\tReferencias\t<\/h2>\n\t<p>1. Willemsen, J.\u202fC., Lindenblatt, N., &amp; Stevens, H.\u202fP. (2013)<br>Resultados y satisfacci\u00f3n a largo plazo del paciente despu\u00e9s de la ampliaci\u00f3n gl\u00fatea con grasa aut\u00f3loga enriquecida con plasma rico en plaquetas<br>European Journal of Plastic Surgery,<br>Este estudio encontr\u00f3 que el injerto de grasa potenciado con PRP en los gl\u00fateos fue seguro y produjo resultados est\u00e9ticos duraderos y consistentes con una alta satisfacci\u00f3n del paciente.<br><a href=\"https:\/\/pmc.ncbi.nlm.nih.gov\/articles\/PMC3827835\/?utm_source=chatgpt.com\" target=\"_blank\" rel=\"noopener\">([Revistas Lippincott][1], [Centro Nacional de Informaci\u00f3n Biotecnol\u00f3gica][2])<\/a><\/p>\n<p>2. Rosique, R.\u202fG., Rosique, M.\u202fJ., &amp; Mendieta, C. (2018)<br>Gluteoplastia de aumento: Una perspectiva brasile\u00f1a<br>Plastic and Reconstructive Surgery,<br>Ofrece una perspectiva integral sobre las t\u00e9cnicas de mejora del contorno gl\u00fateo, incluidos los levantamientos, enfatizando su efectividad para lograr una silueta mejorada con resultados aprobados por el paciente.<br><a href=\"https:\/\/journals.lww.com\/tjps\/fulltext\/2025\/04000\/the_bibliometric_analysis_of_75_most_cited.5.aspx?utm_source=chatgpt.com\" target=\"_blank\" rel=\"noopener\">([Revistas Lippincott][1])<\/a><\/p>\n\n","protected":false},"excerpt":{"rendered":"<p>\u00bfQu\u00e9 es una Elevaci\u00f3n de Gl\u00fateos? El Levantamiento de Gl\u00fateos, com\u00fanmente conocido como levantamiento gl\u00fateo, es una t\u00e9cnica quir\u00fargica sofisticada dise\u00f1ada para mejorar y redefinir los contornos de los gl\u00fateos. Este procedimiento transformador implica la meticulosa eliminaci\u00f3n de piel y grasa excesivas, proporcionando una apariencia bellamente elevada. Junto con este levantamiento, se utilizan t\u00e9cnicas como [&hellip;]<\/p>\n","protected":false},"author":6,"featured_media":51356,"parent":47887,"menu_order":0,"comment_status":"closed","ping_status":"closed","template":"","meta":{"footnotes":""},"class_list":["post-52300","page","type-page","status-publish","has-post-thumbnail","hentry"],"_links":{"self":[{"href":"https:\/\/moeinsurgicalarts.com\/es\/wp-json\/wp\/v2\/pages\/52300","targetHints":{"allow":["GET"]}}],"collection":[{"href":"https:\/\/moeinsurgicalarts.com\/es\/wp-json\/wp\/v2\/pages"}],"about":[{"href":"https:\/\/moeinsurgicalarts.com\/es\/wp-json\/wp\/v2\/types\/page"}],"author":[{"embeddable":true,"href":"https:\/\/moeinsurgicalarts.com\/es\/wp-json\/wp\/v2\/users\/6"}],"replies":[{"embeddable":true,"href":"https:\/\/moeinsurgicalarts.com\/es\/wp-json\/wp\/v2\/comments?post=52300"}],"version-history":[{"count":3,"href":"https:\/\/moeinsurgicalarts.com\/es\/wp-json\/wp\/v2\/pages\/52300\/revisions"}],"predecessor-version":[{"id":56670,"href":"https:\/\/moeinsurgicalarts.com\/es\/wp-json\/wp\/v2\/pages\/52300\/revisions\/56670"}],"up":[{"embeddable":true,"href":"https:\/\/moeinsurgicalarts.com\/es\/wp-json\/wp\/v2\/pages\/47887"}],"wp:featuredmedia":[{"embeddable":true,"href":"https:\/\/moeinsurgicalarts.com\/es\/wp-json\/wp\/v2\/media\/51356"}],"wp:attachment":[{"href":"https:\/\/moeinsurgicalarts.com\/es\/wp-json\/wp\/v2\/media?parent=52300"}],"curies":[{"name":"wp","href":"https:\/\/api.w.org\/{rel}","templated":true}]}}