{"id":50225,"date":"2023-10-06T08:15:59","date_gmt":"2023-10-06T15:15:59","guid":{"rendered":"https:\/\/moeinsurgicalarts.com\/med-spa-services\/attiva-skin-apriete-la-proxima-generacion-de-soluciones-esteticas\/"},"modified":"2025-08-21T15:15:58","modified_gmt":"2025-08-21T22:15:58","slug":"attiva-skin-apriete-la-proxima-generacion-de-soluciones-esteticas","status":"publish","type":"page","link":"https:\/\/moeinsurgicalarts.com\/es\/med-spa-services\/attiva-skin-apriete-la-proxima-generacion-de-soluciones-esteticas\/","title":{"rendered":"Attiva Reafirmaci\u00f3n de la Piel: La Siguiente Generaci\u00f3n de Soluciones Est\u00e9ticas"},"content":{"rendered":"","protected":false},"excerpt":{"rendered":"","protected":false},"author":6,"featured_media":45731,"parent":50218,"menu_order":0,"comment_status":"closed","ping_status":"closed","template":"","meta":{"footnotes":""},"class_list":["post-50225","page","type-page","status-publish","has-post-thumbnail","hentry"],"_links":{"self":[{"href":"https:\/\/moeinsurgicalarts.com\/es\/wp-json\/wp\/v2\/pages\/50225","targetHints":{"allow":["GET"]}}],"collection":[{"href":"https:\/\/moeinsurgicalarts.com\/es\/wp-json\/wp\/v2\/pages"}],"about":[{"href":"https:\/\/moeinsurgicalarts.com\/es\/wp-json\/wp\/v2\/types\/page"}],"author":[{"embeddable":true,"href":"https:\/\/moeinsurgicalarts.com\/es\/wp-json\/wp\/v2\/users\/6"}],"replies":[{"embeddable":true,"href":"https:\/\/moeinsurgicalarts.com\/es\/wp-json\/wp\/v2\/comments?post=50225"}],"version-history":[{"count":0,"href":"https:\/\/moeinsurgicalarts.com\/es\/wp-json\/wp\/v2\/pages\/50225\/revisions"}],"up":[{"embeddable":true,"href":"https:\/\/moeinsurgicalarts.com\/es\/wp-json\/wp\/v2\/pages\/50218"}],"wp:featuredmedia":[{"embeddable":true,"href":"https:\/\/moeinsurgicalarts.com\/es\/wp-json\/wp\/v2\/media\/45731"}],"wp:attachment":[{"href":"https:\/\/moeinsurgicalarts.com\/es\/wp-json\/wp\/v2\/media?parent=50225"}],"curies":[{"name":"wp","href":"https:\/\/api.w.org\/{rel}","templated":true}]}}