{"id":50210,"date":"2018-02-23T07:13:08","date_gmt":"2018-02-23T15:13:08","guid":{"rendered":"https:\/\/moeinsurgicalarts.com\/procedimientos-faciales\/upper-eyelid-surgery\/"},"modified":"2026-02-09T00:12:38","modified_gmt":"2026-02-09T08:12:38","slug":"upper-eyelid-surgery","status":"publish","type":"page","link":"https:\/\/moeinsurgicalarts.com\/es\/procedimientos-faciales\/upper-eyelid-surgery\/","title":{"rendered":"Cirug\u00eda de p\u00e1rpados superiores en Los \u00c1ngeles"},"content":{"rendered":"\n\n\t<style type=\"text\/css\">@media only screen and (min-width: 1000px) and (max-width: 5000px){body.kc-css-system .kc-css-275156{width: 100%;}body.kc-css-system .kc-css-67775{width: 100%;}body.kc-css-system .kc-css-2512183{width: 100%;}body.kc-css-system .kc-css-897763{width: 33.33%;}body.kc-css-system .kc-css-2629404{width: 33.33%;}body.kc-css-system .kc-css-1742138{width: 33.33%;}}body.kc-css-system .kc-css-1008332.kc_title,body.kc-css-system .kc-css-1008332 .kc_title,body.kc-css-system .kc-css-1008332 .kc_title a.kc_title_link{color: #16b1b0;font-family: Raleway;font-size: 35px;font-weight: 500;line-height: 45px;text-transform: uppercase;padding-bottom: 20px;}body.kc-css-system .kc-css-3947739 ,body.kc-css-system .kc-css-3947739 p{color: #666666;font-family: Raleway;font-size: 18px;line-height: 30px;font-weight: 300;text-align: justify;}body.kc-css-system .kc-css-1805497.kc_title,body.kc-css-system .kc-css-1805497 .kc_title,body.kc-css-system .kc-css-1805497 .kc_title a.kc_title_link{color: #16b1b0;font-family: Raleway;font-size: 28px;font-weight: 500;line-height: 45px;text-transform: uppercase;padding-bottom: 20px;}body.kc-css-system .kc-css-3169225 ,body.kc-css-system .kc-css-3169225 p{color: #666666;font-family: Raleway;font-size: 18px;line-height: 30px;font-weight: 300;text-align: justify;}body.kc-css-system .kc-css-1041368{text-align: center;}body.kc-css-system .kc-css-1041368 img{padding-bottom: 40px;}body.kc-css-system .kc-css-2917394 ,body.kc-css-system .kc-css-2917394 p{text-align: center;}body.kc-css-system .kc-css-2917394{padding-top: 10px;padding-bottom: 10px;}body.kc-css-system .kc-css-2917394 p{margin-top: 0px;margin-bottom: 0px;}body.kc-css-system .kc-css-125184 ,body.kc-css-system .kc-css-125184 p{color: #000000;font-family: Raleway;font-size: 18px;line-height: 28px;font-weight: 300;}body.kc-css-system .kc-css-125184{padding-top: 20px;padding-bottom: 20px;}body.kc-css-system .kc-css-125184 p{margin-top: 0px;margin-bottom: 0px;}body.kc-css-system .kc-css-2006579 p{margin-bottom: 20px;}body.kc-css-system .kc-css-332027{text-align: center;}body.kc-css-system .kc-css-332027 img{padding-bottom: 40px;}body.kc-css-system .kc-css-2867026.kc_title,body.kc-css-system .kc-css-2867026 .kc_title,body.kc-css-system .kc-css-2867026 .kc_title a.kc_title_link{color: #16b1b0;font-family: Raleway;font-size: 28px;font-weight: 500;line-height: 45px;text-transform: uppercase;padding-bottom: 20px;}body.kc-css-system .kc-css-3304194 ,body.kc-css-system .kc-css-3304194 p{color: #666666;font-family: Raleway;font-size: 18px;line-height: 30px;font-weight: 300;text-align: justify;}body.kc-css-system .kc-css-1030931.kc_title,body.kc-css-system .kc-css-1030931 .kc_title,body.kc-css-system .kc-css-1030931 .kc_title a.kc_title_link{color: #16b1b0;font-family: Raleway;font-size: 28px;font-weight: 500;line-height: 45px;text-transform: uppercase;padding-bottom: 20px;}body.kc-css-system .kc-css-830082 ,body.kc-css-system .kc-css-830082 p{color: #666666;font-family: Raleway;font-size: 18px;line-height: 30px;font-weight: 300;text-align: justify;}@media only screen and (max-width: 767px){body.kc-css-system .kc-css-125184 ,body.kc-css-system .kc-css-125184 p{text-align: left;}}<\/style>\n<section>\n<h2>CIRUG\u00cdA DE P\u00c1RPADOS SUPERIORES<\/h2>\n<p>A medida que uno envejece, la piel ca\u00edda del p\u00e1rpado superior puede obstaculizar la l\u00ednea de visi\u00f3n, dificultando ver claramente. Los dep\u00f3sitos de grasa pueden hacer que las esquinas media e interna de los p\u00e1rpados superiores parezcan hinchadas, creando un aspecto cansado. Los m\u00fasculos fl\u00e1cidos pueden acentuar este aspecto, haci\u00e9ndote parecer mayor. Para corregir estos problemas, es posible que necesites una blefaroplastia de p\u00e1rpados superiores. La cirug\u00eda de p\u00e1rpados superiores o blefaroplastia superior es una opci\u00f3n popular disponible en <a href=\"\/cirujano-cosmetico\/\" target=\"_blank\" rel=\"noopener\">Moein Surgical Arts<\/a> para revitalizar tu aspecto. Elimina el exceso de tejido en los p\u00e1rpados superiores o logra el pliegue doble natural que siempre has deseado; llama para programar tu consulta.<\/p>\n<p><\/p><div class=\"lazyvideo\" aria-label=\"Play video\" data-url=\"https:\/\/player.understand.com\/drmoein\/es\/4d07e4b8-dfd0-4bf2-bea8-3aaf1af34237\/18a8b236-ca65-4c97-8ff5-7f84d4875dbd?pauseFirstStep=1\"><img loading=\"lazy\" alt=\"video\" style=\"height:100%;\" data-src=\"\/wp-content\/themes\/drmoein\/cache\/542bfde6c7abc0b45cfc18961e5d0d49.webp\" src=\"data:image\/gif;base64,R0lGODdhAQABAPAAAMPDwwAAACwAAAAAAQABAAACAkQBADs=\"><\/div>\n<h2>El Procedimiento<\/h2>\n<p>El procedimiento de blefaroplastia de p\u00e1rpados superiores se puede utilizar para recortar el exceso de piel ca\u00edda, tensar y alterar m\u00fasculos y membranas, y eliminar dep\u00f3sitos desiguales de tejido graso. Esta cirug\u00eda puede durar alrededor de una a tres horas. Si un paciente se somete a una combinaci\u00f3n de blefaroplastia de p\u00e1rpados superiores e inferiores, estos se pueden realizar durante el mismo procedimiento y generalmente comenzar\u00e1n con los p\u00e1rpados superiores.<\/p>\n<p>Para comenzar la cirug\u00eda de p\u00e1rpados superiores, se administrar\u00e1 sedaci\u00f3n intravenosa o anestesia general. Luego, se crear\u00e1 una peque\u00f1a incisi\u00f3n en el pliegue natural de cada uno de los p\u00e1rpados superiores del paciente. Los tejidos de la zona se remodelar\u00e1n. Finalmente, la incisi\u00f3n se sellar\u00e1 con suturas, cinta quir\u00fargica o adhesivos cut\u00e1neos.<\/p>\n<p>Para aquellos interesados en la blefaroplastia inferior, por favor consulten nuestra p\u00e1gina de <a href=\"https:\/\/moeinsurgicalarts.com\/es\/es-adecuado-para-ti-un-lifting-de-cejas-o-una-cirugia-de-parpados\/\" target=\"_blank\" rel=\"noopener\">cirug\u00eda de p\u00e1rpados inferiores<\/a>.<\/p>\n<p><img decoding=\"async\" loading=\"lazy\" src=\"https:\/\/moeinsurgicalarts.com\/wp-content\/uploads\/2018\/02\/border-bg.jpg\" alt=\"border bg\"><\/p>\nPROGRAMA UNA<br>\nCONSULTA\nPara obtener m\u00e1s informaci\u00f3n sobre <strong>DR BABAK MOEIN.<\/strong> Te recomendamos solicitar una consulta en l\u00ednea. Si lo prefieres, tambi\u00e9n puedes llamar a nuestra oficina<br>\npara programar tu cita.\n<p><a href=\"tel:+1-310-694-4486\">310 694 4486<\/a><\/p>\n<a title=\"\" href=\"https:\/\/moeinsurgicalarts.com\/es\/contactar-con-el-cirujano-estetico\/\" target=\"_self\" rel=\"noopener\"><br>\n<img decoding=\"async\" loading=\"lazy\" src=\"https:\/\/moeinsurgicalarts.com\/wp-content\/uploads\/2019\/09\/contact-us.jpg\" alt=\"Cont\u00e1ctanos\" width=\"307\" height=\"79\"> <\/a>\n<p><img decoding=\"async\" loading=\"lazy\" src=\"https:\/\/moeinsurgicalarts.com\/wp-content\/uploads\/2018\/02\/border-bg.jpg\" alt=\"border bg\"><\/p>\n<h2>Recuperaci\u00f3n de la Cirug\u00eda de P\u00e1rpados Superiores<\/h2>\n<p>Despu\u00e9s del procedimiento, un amigo o familiar te llevar\u00e1 a casa. Esta persona tambi\u00e9n deber\u00eda quedarse contigo durante la noche para asegurarse de que est\u00e9s cuidado. Tu recuperaci\u00f3n de la blefaroplastia de p\u00e1rpados superiores implicar\u00e1 descanso y actividad limitada durante aproximadamente siete a diez d\u00edas. Despu\u00e9s de esto, deber\u00edas poder reanudar tu rutina diaria. Evita tu rutina de ejercicio normal hasta que te den permiso tu <a href=\"https:\/\/www.cosmeticsurgery.org\/\" rel=\"noopener\">cirujano cosm\u00e9tico.<\/a><\/p>\n<p>Los ojos secos son un efecto secundario com\u00fan de la blefaroplastia; este problema se puede aliviar con el uso de pomada lubricante para los ojos. Mientras te est\u00e1s recuperando, evita periodos prolongados viendo televisi\u00f3n, usando la computadora y leyendo, ya que pueden resecar los ojos. Tambi\u00e9n se deben usar gafas de sol para proteger los ojos del viento y el sol.<\/p>\n<p>Puede haber un leve grado de moretones e hinchaz\u00f3n durante la primera a dos semanas despu\u00e9s del procedimiento. Las compresas fr\u00edas pueden ayudar a reducir estos problemas. En tres d\u00edas a una semana despu\u00e9s de la cirug\u00eda de p\u00e1rpados superiores, podr\u00e1s regresar para que te retiren las suturas.<\/p>\n<p>Los efectos rejuvenecedores de tu blefaroplastia de p\u00e1rpados superiores pueden mantenerse frescos durante cinco a siete a\u00f1os completos, as\u00ed que cont\u00e1ctanos hoy y programa una cita con el Dr. Moein.<\/p>\n<h2>Cont\u00e1ctanos<\/h2>\n<p>Para discutir la blefaroplastia de p\u00e1rpados superiores con m\u00e1s detalle con un cirujano cosm\u00e9tico experimentado, <a href=\"https:\/\/moeinsurgicalarts.com\/es\/contactar-con-el-cirujano-estetico\/\">contacta a nuestra oficina<\/a> y programa una <a href=\"https:\/\/moeinsurgicalarts.com\/es\/mejor-cirujano-estetico-de-los-angeles\/\">consulta con el Dr. Moein<\/a>.<\/p>\n<\/section>\n\n","protected":false},"excerpt":{"rendered":"<p>CIRUG\u00cdA DE P\u00c1RPADOS SUPERIORES A medida que uno envejece, la piel ca\u00edda del p\u00e1rpado superior puede obstaculizar la l\u00ednea de visi\u00f3n, dificultando ver claramente. Los dep\u00f3sitos de grasa pueden hacer que las esquinas media e interna de los p\u00e1rpados superiores parezcan hinchadas, creando un aspecto cansado. Los m\u00fasculos fl\u00e1cidos pueden acentuar este aspecto, haci\u00e9ndote parecer [&hellip;]<\/p>\n","protected":false},"author":7,"featured_media":45616,"parent":49861,"menu_order":0,"comment_status":"closed","ping_status":"closed","template":"","meta":{"footnotes":""},"class_list":["post-50210","page","type-page","status-publish","has-post-thumbnail","hentry"],"_links":{"self":[{"href":"https:\/\/moeinsurgicalarts.com\/es\/wp-json\/wp\/v2\/pages\/50210","targetHints":{"allow":["GET"]}}],"collection":[{"href":"https:\/\/moeinsurgicalarts.com\/es\/wp-json\/wp\/v2\/pages"}],"about":[{"href":"https:\/\/moeinsurgicalarts.com\/es\/wp-json\/wp\/v2\/types\/page"}],"author":[{"embeddable":true,"href":"https:\/\/moeinsurgicalarts.com\/es\/wp-json\/wp\/v2\/users\/7"}],"replies":[{"embeddable":true,"href":"https:\/\/moeinsurgicalarts.com\/es\/wp-json\/wp\/v2\/comments?post=50210"}],"version-history":[{"count":1,"href":"https:\/\/moeinsurgicalarts.com\/es\/wp-json\/wp\/v2\/pages\/50210\/revisions"}],"predecessor-version":[{"id":56705,"href":"https:\/\/moeinsurgicalarts.com\/es\/wp-json\/wp\/v2\/pages\/50210\/revisions\/56705"}],"up":[{"embeddable":true,"href":"https:\/\/moeinsurgicalarts.com\/es\/wp-json\/wp\/v2\/pages\/49861"}],"wp:featuredmedia":[{"embeddable":true,"href":"https:\/\/moeinsurgicalarts.com\/es\/wp-json\/wp\/v2\/media\/45616"}],"wp:attachment":[{"href":"https:\/\/moeinsurgicalarts.com\/es\/wp-json\/wp\/v2\/media?parent=50210"}],"curies":[{"name":"wp","href":"https:\/\/api.w.org\/{rel}","templated":true}]}}