{"id":50184,"date":"2018-08-28T08:01:05","date_gmt":"2018-08-28T15:01:05","guid":{"rendered":"https:\/\/moeinsurgicalarts.com\/autonomo-real\/"},"modified":"2025-07-14T02:23:13","modified_gmt":"2025-07-14T09:23:13","slug":"autonomo-real","status":"publish","type":"page","link":"https:\/\/moeinsurgicalarts.com\/es\/autonomo-real\/","title":{"rendered":"RealSelf"},"content":{"rendered":"\n\n\t\t\t\t<img decoding=\"async\" src=\"https:\/\/moeinsurgicalarts.com\/wp-content\/plugins\/bb-plugin\/img\/pixel.png\" alt=\"pixel\" itemprop=\"image\" onerror=\"this.style.display='none'\">\n<h2>\n\t\tREALSELF REVIEWs \u2013 BABAK MOEINOLMOLKI, MD, FACS\n\t<\/h2>\n\t<section>\n\n<p><a id=\"rs-reviews-link\" href=\"https:\/\/www.realself.com\/find\/California\/Los-Angeles\/Bariatric-Surgeon\/Babak-Moeinolmolki#dr-reviews\" target=\"_blank\" rel=\"nofollow noopener\">Rese\u00f1as de los pacientes de Babak Moeinolmolki, MD, FACS<\/a><\/p>\nMudanza de implantes de menta, eliminaci\u00f3n de silicona &amp; Tummy Tuck\nTen\u00eda implantes de nalgas colocados en 2015, la p\u00e9rdida de grasa de infecci\u00f3n atrapada, no ten\u00eda grasa para transferirse para fijarse \u00bb ten\u00eda inyecciones de silicona. El Dr. Moein hizo mi cirug\u00eda;\u2026READ MORE\nViaje notable \u2013 muy recomendable esta pr\u00e1ctica\nMi viaje con el Dr. Moeinolmolki y su equipo fue realmente notable. Me guiaron a trav\u00e9s de todo el proceso, proporcionando informaci\u00f3n \u00fatil y mostrando\u2026READ MORE\nRealizado un tuck de est\u00f3mago \u00bb los resultados superaron mis expectativas\nPuedo decir con confianza que el Dr. Moeinolmolki es un cirujano de primer nivel. Me hizo un truco de est\u00f3mago, y los resultados superaron mis expectativas. Tanto \u00e9l como\u2026READ MORE\nRevisi\u00f3n de la oficina \u2013 hizo milagros a lo largo de mi cirug\u00eda ginecomastia!\nEl personal aqu\u00ed es muy amable y competente. \u00a1El Dr. Babak realiz\u00f3 milagros a lo largo de mi cirug\u00eda ginecomastia! Aprecio sinceramente que me ayudes\u2026READ MORE\nYa he empezado a ver cambios significativos en mi salud y calidad de vida\nRecientemente fui sometido a cirug\u00eda de manga g\u00e1strica con el Dr. Babak Moeinolmolki y no pude estar m\u00e1s feliz con los resultados. El Dr. Moeinolmolki es un experto en su\u2026READ MORE\n<a href=\"\/\/www.realself.com\/dr\/babak-moeinolmolki-los-angeles-ca#reviews\" target=\"_blank\" rel=\"nofollow noopener\">Leer todas mis revisiones de Realself<\/a>\nDescargo: Los comentarios mostrados aqu\u00ed son curados de Real Self. Los resultados y la experiencia del paciente pueden variar.\n\n<\/section>\n\n","protected":false},"excerpt":{"rendered":"<p>REALSELF REVIEWs \u2013 BABAK MOEINOLMOLKI, MD, FACS Rese\u00f1as de los pacientes de Babak Moeinolmolki, MD, FACS Mudanza de implantes de menta, eliminaci\u00f3n de silicona &amp; Tummy Tuck Ten\u00eda implantes de nalgas colocados en 2015, la p\u00e9rdida de grasa de infecci\u00f3n atrapada, no ten\u00eda grasa para transferirse para fijarse \u00bb ten\u00eda inyecciones de silicona. El Dr. [&hellip;]<\/p>\n","protected":false},"author":7,"featured_media":0,"parent":0,"menu_order":0,"comment_status":"closed","ping_status":"closed","template":"","meta":{"footnotes":""},"class_list":["post-50184","page","type-page","status-publish","hentry"],"_links":{"self":[{"href":"https:\/\/moeinsurgicalarts.com\/es\/wp-json\/wp\/v2\/pages\/50184","targetHints":{"allow":["GET"]}}],"collection":[{"href":"https:\/\/moeinsurgicalarts.com\/es\/wp-json\/wp\/v2\/pages"}],"about":[{"href":"https:\/\/moeinsurgicalarts.com\/es\/wp-json\/wp\/v2\/types\/page"}],"author":[{"embeddable":true,"href":"https:\/\/moeinsurgicalarts.com\/es\/wp-json\/wp\/v2\/users\/7"}],"replies":[{"embeddable":true,"href":"https:\/\/moeinsurgicalarts.com\/es\/wp-json\/wp\/v2\/comments?post=50184"}],"version-history":[{"count":0,"href":"https:\/\/moeinsurgicalarts.com\/es\/wp-json\/wp\/v2\/pages\/50184\/revisions"}],"wp:attachment":[{"href":"https:\/\/moeinsurgicalarts.com\/es\/wp-json\/wp\/v2\/media?parent=50184"}],"curies":[{"name":"wp","href":"https:\/\/api.w.org\/{rel}","templated":true}]}}