{"id":49994,"date":"2018-09-20T22:55:04","date_gmt":"2018-09-21T05:55:04","guid":{"rendered":"https:\/\/moeinsurgicalarts.com\/procedimientos-faciales\/tratamiento-de-circulos-oscuros-de-los-angeles\/"},"modified":"2025-10-11T09:11:57","modified_gmt":"2025-10-11T16:11:57","slug":"tratamiento-de-circulos-oscuros-de-los-angeles","status":"publish","type":"page","link":"https:\/\/moeinsurgicalarts.com\/es\/procedimientos-faciales\/tratamiento-de-circulos-oscuros-de-los-angeles\/","title":{"rendered":"Tratamiento para las ojeras en Los \u00c1ngeles"},"content":{"rendered":"\n<h2>\n\t\t\t\u00bfQu\u00e9 causa las ojeras?\t<\/h2>\n\tComprender la causa de la oscuridad debajo de los ojos es clave para un tratamiento efectivo. Las causas comunes incluyen:\n<ul data-start=\"1696\" data-end=\"1950\">\n<li data-start=\"1696\" data-end=\"1732\">\n<strong data-start=\"1698\" data-end=\"1732\">Gen\u00e9tica y pigmentaci\u00f3n de la piel<\/strong>\n<\/li>\n<li data-start=\"1733\" data-end=\"1795\">\n<strong data-start=\"1735\" data-end=\"1765\">P\u00e9rdida de volumen y hundimiento<\/strong> bajo los ojos (surcos lagrimales)\n<\/li>\n<li data-start=\"1796\" data-end=\"1846\">\n<strong data-start=\"1798\" data-end=\"1811\">Piel delgada<\/strong> que revela los vasos sangu\u00edneos subyacentes\n<\/li>\n<li data-start=\"1847\" data-end=\"1880\">\n<strong data-start=\"1849\" data-end=\"1880\">Fatiga o estr\u00e9s relacionado con el estilo de vida<\/strong>\n<\/li>\n<li data-start=\"1881\" data-end=\"1916\">\n<strong data-start=\"1883\" data-end=\"1916\">Alergias o congesti\u00f3n sinusal<\/strong>\n<\/li>\n<li data-start=\"1917\" data-end=\"1950\">\n<strong data-start=\"1919\" data-end=\"1935\">Exposici\u00f3n al sol<\/strong> y envejecimiento de la piel\n<\/li>\n<\/ul>\n\t\t\t\t<img decoding=\"async\" src=\"https:\/\/moeinsurgicalarts.com\/wp-content\/uploads\/Dark-Circle-Removal-in-Los-Angeles.webp\" alt=\"Dark Circle Removal in Los Angeles\" itemprop=\"image\" height=\"500\" width=\"800\" title=\"Dark Circle Removal in Los Angeles\" onerror=\"this.style.display='none'\" loading=\"lazy\">\n<h2>\n\t\t\t\u00bfCu\u00e1les son los beneficios de eliminar las ojeras?\t<\/h2>\n\tEliminar las ojeras no solo mejora tu apariencia; puede aumentar tu confianza y cambiar la percepci\u00f3n que otros tienen de ti. Muchos de nuestros pacientes informan sentirse m\u00e1s energizados, seguros de s\u00ed mismos y abiertos a oportunidades sociales y profesionales despu\u00e9s del tratamiento.\n\nEstos son los beneficios m\u00e1s comunes:\n<ul data-start=\"4845\" data-end=\"5132\">\n<li data-start=\"4845\" data-end=\"4879\">\nUna apariencia m\u00e1s fresca y despierta\n<\/li>\n<li data-start=\"4880\" data-end=\"4948\">\nOjos con aspecto m\u00e1s joven sin necesidad de cirug\u00eda (para candidatos no quir\u00fargicos)\n<\/li>\n<li data-start=\"4949\" data-end=\"4988\">\nMenor necesidad de maquillaje o correctores\n<\/li>\n<li data-start=\"4989\" data-end=\"5030\">\nTextura de piel m\u00e1s suave y tono mejorado\n<\/li>\n<li data-start=\"5031\" data-end=\"5067\">\nMejor equilibrio y simetr\u00eda facial\n<\/li>\n<li data-start=\"5068\" data-end=\"5132\">\nResultados duraderos o semipermanentes dependiendo del m\u00e9todo\n<\/li>\n<\/ul>\n<h2>\n\t\t\tOpciones de tratamiento para eliminar las ojeras\t<\/h2>\n\tDebido a que cada caso es \u00fanico, Moein Surgical Arts ofrece una variedad de soluciones respaldadas cient\u00edficamente para corregir las ojeras. Dependiendo de tu condici\u00f3n, puedes beneficiarte de uno o una combinaci\u00f3n de los siguientes tratamientos.\n\t<h3 data-start=\"2389\" data-end=\"2411\">Relleno de surco lagrimal<\/h3>\n\nLos rellenos de surco lagrimal son una opci\u00f3n m\u00ednimamente invasiva ideal para pacientes con p\u00e9rdida de volumen bajo los ojos. Utilizando rellenos a base de \u00e1cido hialur\u00f3nico como Restylane o Belotero, el Dr. Moein restaura el volumen perdido, suavizando la transici\u00f3n entre el p\u00e1rpado inferior y la mejilla. Esto reduce las sombras y crea una apariencia m\u00e1s descansada.\n<ul data-start=\"2738\" data-end=\"2879\">\n<li data-start=\"2738\" data-end=\"2769\">\nTiempo de procedimiento: 15-30 minutos\n<\/li>\n<li data-start=\"2770\" data-end=\"2800\">\nDuraci\u00f3n de los resultados: 6 a 12 meses\n<\/li>\n<li data-start=\"2801\" data-end=\"2820\">\nTiempo de recuperaci\u00f3n: M\u00ednimo\n<\/li>\n<li data-start=\"2821\" data-end=\"2879\">\nIdeal para: Hundimiento del surco lagrimal y ligera decoloraci\u00f3n\n<\/li>\n<\/ul>\n\t\t\t\t<img decoding=\"async\" src=\"https:\/\/moeinsurgicalarts.com\/wp-content\/uploads\/Treatment-Options-for-Dark-Circles-Removal.webp\" alt=\"Treatment Options for Dark Circles Removal in LA\" itemprop=\"image\" height=\"448\" width=\"800\" title=\"Treatment Options for Dark Circles Removal\" onerror=\"this.style.display='none'\" loading=\"lazy\">\n\t<h3 data-start=\"2881\" data-end=\"2902\">Rejuvenecimiento l\u00e1ser<\/h3>\n\nEl rejuvenecimiento l\u00e1ser es uno de los tratamientos m\u00e1s efectivos para las ojeras relacionadas con la pigmentaci\u00f3n. <a href=\"https:\/\/moeinsurgicalarts.com\/es\/procedimientos-faciales\/co2-fraccional-resurfaccion-laser\/\" target=\"_blank\" rel=\"noopener\">Utilizando l\u00e1seres CO2 fraccionados o de erbio<\/a>, apuntamos a la acumulaci\u00f3n de melanina mientras estimulamos el col\u00e1geno para mejorar el grosor y la textura de la piel.\n<ul data-start=\"3133\" data-end=\"3286\">\n<li data-start=\"3133\" data-end=\"3164\">\nTiempo de procedimiento: 30-45 minutos\n<\/li>\n<li data-start=\"3165\" data-end=\"3185\">\nRecuperaci\u00f3n: 5-7 d\u00edas\n<\/li>\n<li data-start=\"3186\" data-end=\"3239\">\nResultados: Mejora progresiva durante varias semanas\n<\/li>\n<li data-start=\"3240\" data-end=\"3286\">\nIdeal para: Pigmentaci\u00f3n oscura y piel arrugada\n<\/li>\n<\/ul>\n\n<h3 data-start=\"3288\" data-end=\"3314\">Microagujas con PRP<\/h3>\n\nEsta potente combinaci\u00f3n estimula la producci\u00f3n de col\u00e1geno y promueve la regeneraci\u00f3n de la piel. <a href=\"https:\/\/moeinsurgicalarts.com\/es\/med-spa-services\/microneedling\/\" target=\"_blank\" rel=\"noopener\">Las microagujas<\/a> crean microlesiones controladas, mientras que el plasma rico en plaquetas (PRP) derivado de su sangre mejora la cicatrizaci\u00f3n y la tonalidad de la piel.\n<ul data-start=\"3542\" data-end=\"3711\">\n<li data-start=\"3542\" data-end=\"3570\">\nTiempo de tratamiento: 45 minutos\n<\/li>\n<li data-start=\"3571\" data-end=\"3600\">\nResultados: Despu\u00e9s de 2-3 sesiones\n<\/li>\n<li data-start=\"3601\" data-end=\"3641\">\nTiempo de inactividad: Enrojecimiento leve durante 24-48 horas\n<\/li>\n<li data-start=\"3642\" data-end=\"3711\">\nIdeal para: Decoloraci\u00f3n, irregularidades en la textura y adelgazamiento de la piel\n<\/li>\n<\/ul>\n\n<h3 data-start=\"3713\" data-end=\"3747\">Reafirmaci\u00f3n de la piel con radiofrecuencia<\/h3>\n\n<a href=\"https:\/\/www.webmd.com\/beauty\/what-is-radiofrequency-skin-tightening\" target=\"_blank\" rel=\"noopener\">La terapia de radiofrecuencia (RF)<\/a> es un m\u00e9todo no invasivo que tensa la piel suelta alrededor de los ojos. Ayuda con la hinchaz\u00f3n leve y la laxitud de la piel al estimular el col\u00e1geno a un nivel d\u00e9rmico m\u00e1s profundo.\n<ul data-start=\"3940\" data-end=\"4076\">\n<li data-start=\"3940\" data-end=\"3983\">\nTiempo de tratamiento: 20-30 minutos por sesi\u00f3n\n<\/li>\n<li data-start=\"3984\" data-end=\"4008\">\nSesiones requeridas: 4-6\n<\/li>\n<li data-start=\"4009\" data-end=\"4025\">\nTiempo de inactividad: Ninguno\n<\/li>\n<li data-start=\"4026\" data-end=\"4076\">\nIdeal para: Flacidez leve y signos tempranos de envejecimiento\n<\/li>\n<\/ul>\n\n<h3 data-start=\"4078\" data-end=\"4109\">Blefaroplastia de p\u00e1rpados inferiores<\/h3>\n\nPara preocupaciones m\u00e1s avanzadas como hinchaz\u00f3n significativa, bolsas debajo de los ojos o piel redundante, la cirug\u00eda puede ser la mejor soluci\u00f3n. <a href=\"https:\/\/moeinsurgicalarts.com\/es\/procedimientos-faciales\/cirugia-de-parpados-inferiores-en-los-angeles\/\">La blefaroplastia de p\u00e1rpados inferiores<\/a> elimina o reposiciona los ac\u00famulos de grasa y tensa la piel para resolver el problema de manera permanente.\n<ul data-start=\"4355\" data-end=\"4493\">\n<li data-start=\"4355\" data-end=\"4382\">\nTiempo de procedimiento: 1-2 horas\n<\/li>\n<li data-start=\"4383\" data-end=\"4405\">\nRecuperaci\u00f3n: 10-14 d\u00edas\n<\/li>\n<li data-start=\"4406\" data-end=\"4442\">\nResultados: Duraderos o permanentes\n<\/li>\n<li data-start=\"4443\" data-end=\"4493\">\nIdeal para: Herniaci\u00f3n grasa severa y laxitud de la piel\n<\/li>\n<\/ul>\n<h2>\n\t\t\tCandidatos ideales para eliminaci\u00f3n de ojeras.\t<\/h2>\n\tPuede ser un buen candidato para eliminar las ojeras si:\n<ul data-start=\"5226\" data-end=\"5587\">\n<li data-start=\"5226\" data-end=\"5288\">\nLe molestan las sombras persistentes debajo de los ojos o la hinchaz\u00f3n\n<\/li>\n<li data-start=\"5289\" data-end=\"5366\">\nGoza de buena salud en general y no tiene afecciones oculares o cut\u00e1neas sin tratar\n<\/li>\n<li data-start=\"5367\" data-end=\"5443\">\nDesea mejorar su apariencia sin alterar dr\u00e1sticamente su rostro\n<\/li>\n<li data-start=\"5444\" data-end=\"5517\">\nNo est\u00e1 embarazada o amamantando (para la mayor\u00eda de los tratamientos no quir\u00fargicos)\n<\/li>\n<li data-start=\"5518\" data-end=\"5587\">\nComprende las limitaciones y beneficios del procedimiento elegido\n<\/li>\n<\/ul>\n\t\t\t\t<img decoding=\"async\" src=\"https:\/\/moeinsurgicalarts.com\/wp-content\/uploads\/Ideal-Candidates-For-Dark-Circle-Removal.webp\" alt=\"Ideal Candidates For Dark Circle Removal\" itemprop=\"image\" height=\"533\" width=\"800\" title=\"Ideal Candidates For Dark Circle Removal\" onerror=\"this.style.display='none'\" loading=\"lazy\">\n<h2>\n\t\t\t\u00bfQu\u00e9 esperar durante tu visita?\t<\/h2>\n\tNuestro proceso se basa en la personalizaci\u00f3n y la comodidad del paciente. Desde su primera consulta hasta el seguimiento posterior al tratamiento, brindamos una comunicaci\u00f3n clara y una atenci\u00f3n atenta.\n<h3 data-start=\"5942\" data-end=\"5981\">Paso 1: Consulta y Evaluaci\u00f3n<\/h3>\n\n<a href=\"https:\/\/moeinsurgicalarts.com\/es\/mejor-cirujano-estetico-de-los-angeles\/certificado-del-dr-moein-cirugia-estetica-cosmetica-y-cirugia-minimamente-invasiva\/\" target=\"_blank\" rel=\"noopener\">El Dr. Moein realiza un an\u00e1lisis facial detallado<\/a>, utilizando tanto el examen f\u00edsico como la imagen digital. Seg\u00fan la estructura de su borde orbital, tono de piel y distribuci\u00f3n de grasa, recomendar\u00e1 el mejor curso de tratamiento.\n<h3 data-start=\"6209\" data-end=\"6242\">Paso 2: Plan de Tratamiento Personalizado<\/h3>\n\nSu tratamiento puede implicar un procedimiento o una combinaci\u00f3n de modalidades. Explicamos cada detalle, incluidos los pasos de preparaci\u00f3n, el cronograma y los resultados esperados.\n<h3 data-start=\"6404\" data-end=\"6429\">Paso 3: D\u00eda del Procedimiento<\/h3>\n\nLa mayor\u00eda de los tratamientos no quir\u00fargicos se realizan en la consulta en 30-60 minutos. Utilizamos cremas anest\u00e9sicas o anestesia local para garantizar su comodidad. Los procedimientos quir\u00fargicos se realizan en nuestra suite quir\u00fargica acreditada.\n<h3 data-start=\"6641\" data-end=\"6673\">Paso 4: Recuperaci\u00f3n y Resultados<\/h3>\n\nLa recuperaci\u00f3n var\u00eda seg\u00fan el tratamiento. Los rellenos pueden causar hematomas o hinchaz\u00f3n leves. Los procedimientos con l\u00e1ser y quir\u00fargicos requieren m\u00e1s tiempo de inactividad. Proporcionamos instrucciones detalladas de cuidado posterior y citas de seguimiento para monitorear la recuperaci\u00f3n.\n<h2>\n\t\t\tRejuvenecimiento Facial en Moein Surgical Arts\t<\/h2>\n\tEl Dr. Babak Moein es un l\u00edder en medicina est\u00e9tica, que ofrece rejuvenecimiento facial con un enfoque art\u00edstico y centrado en resultados. Con a\u00f1os de experiencia quir\u00fargica y no quir\u00fargica, comprende c\u00f3mo tratar el \u00e1rea delicada de los ojos con precisi\u00f3n y cuidado.\n\nLo que nos distingue:\n<ul data-start=\"9107\" data-end=\"9359\">\n<li data-start=\"9107\" data-end=\"9145\">\nConocimiento avanzado en <a href=\"https:\/\/www.kenhub.com\/en\/library\/anatomy\/the-human-face\" target=\"_blank\" rel=\"noopener\">anatom\u00eda facial<\/a>\n<\/li>\n<li data-start=\"9146\" data-end=\"9198\">\nAcceso a soluciones tanto no invasivas como quir\u00fargicas\n<\/li>\n<li data-start=\"9199\" data-end=\"9238\">\nAtenci\u00f3n personalizada en cada etapa\n<\/li>\n<\/ul>\n\t\t\t\t<img decoding=\"async\" src=\"https:\/\/moeinsurgicalarts.com\/wp-content\/uploads\/Facial-Rejuvenation-in-Moein-Surgical-Arts.webp\" alt=\"Facial Rejuvenation in Moein Surgical Arts\" itemprop=\"image\" height=\"580\" width=\"800\" title=\"Facial Rejuvenation in Moein Surgical Arts\" onerror=\"this.style.display='none'\" loading=\"lazy\">\n\t<ul data-start=\"9107\" data-end=\"9359\">\n<li data-start=\"9239\" data-end=\"9299\">\nCuidado de nivel de lujo en una cl\u00ednica de vanguardia en Los \u00c1ngeles\n<\/li>\n<li data-start=\"9300\" data-end=\"9359\">\nCientos de pacientes satisfechos en todo el sur de California\n<\/li>\n<\/ul>\n\nOrgullosamente atendemos a pacientes de Los \u00c1ngeles, Beverly Hills, Santa M\u00f3nica, Encino y m\u00e1s all\u00e1. Su viaje hacia una apariencia m\u00e1s brillante y joven comienza aqu\u00ed.\n<h2>\n\t\t\t\u00bfListo para lucir m\u00e1s rejuvenecido?\t<\/h2>\n\tNo hay raz\u00f3n para vivir con ojos cansados cuando hay soluciones probadas disponibles. Da el primer paso hacia una renovada confianza con la <em data-start=\"9692\" data-end=\"9714\">eliminaci\u00f3n de ojeras<\/em> en Moein Surgical Arts.\n\n<strong data-start=\"9740\" data-end=\"9809\">Ll\u00e1manos hoy al <a href=\"tel:+13104558020\">(310) 455-8020<\/a> para programar tu consulta privada, o <a href=\"https:\/\/moeinsurgicalarts.com\/es\/contactar-con-el-cirujano-estetico\/\">visita aqu\u00ed<\/a><\/strong> para solicitar una cita en l\u00ednea.\n\n","protected":false},"excerpt":{"rendered":"<p>\u00bfQu\u00e9 causa las ojeras? Comprender la causa de la oscuridad debajo de los ojos es clave para un tratamiento efectivo. Las causas comunes incluyen: Gen\u00e9tica y pigmentaci\u00f3n de la piel P\u00e9rdida de volumen y hundimiento bajo los ojos (surcos lagrimales) Piel delgada que revela los vasos sangu\u00edneos subyacentes Fatiga o estr\u00e9s relacionado con el estilo [&hellip;]<\/p>\n","protected":false},"author":7,"featured_media":45616,"parent":49861,"menu_order":0,"comment_status":"closed","ping_status":"closed","template":"","meta":{"footnotes":""},"class_list":["post-49994","page","type-page","status-publish","has-post-thumbnail","hentry"],"_links":{"self":[{"href":"https:\/\/moeinsurgicalarts.com\/es\/wp-json\/wp\/v2\/pages\/49994","targetHints":{"allow":["GET"]}}],"collection":[{"href":"https:\/\/moeinsurgicalarts.com\/es\/wp-json\/wp\/v2\/pages"}],"about":[{"href":"https:\/\/moeinsurgicalarts.com\/es\/wp-json\/wp\/v2\/types\/page"}],"author":[{"embeddable":true,"href":"https:\/\/moeinsurgicalarts.com\/es\/wp-json\/wp\/v2\/users\/7"}],"replies":[{"embeddable":true,"href":"https:\/\/moeinsurgicalarts.com\/es\/wp-json\/wp\/v2\/comments?post=49994"}],"version-history":[{"count":3,"href":"https:\/\/moeinsurgicalarts.com\/es\/wp-json\/wp\/v2\/pages\/49994\/revisions"}],"predecessor-version":[{"id":55101,"href":"https:\/\/moeinsurgicalarts.com\/es\/wp-json\/wp\/v2\/pages\/49994\/revisions\/55101"}],"up":[{"embeddable":true,"href":"https:\/\/moeinsurgicalarts.com\/es\/wp-json\/wp\/v2\/pages\/49861"}],"wp:featuredmedia":[{"embeddable":true,"href":"https:\/\/moeinsurgicalarts.com\/es\/wp-json\/wp\/v2\/media\/45616"}],"wp:attachment":[{"href":"https:\/\/moeinsurgicalarts.com\/es\/wp-json\/wp\/v2\/media?parent=49994"}],"curies":[{"name":"wp","href":"https:\/\/api.w.org\/{rel}","templated":true}]}}