{"id":49989,"date":"2018-02-23T09:28:52","date_gmt":"2018-02-23T17:28:52","guid":{"rendered":"https:\/\/moeinsurgicalarts.com\/procedimientos-faciales\/rejuvenecimiento-facial-en-los-angeles\/"},"modified":"2025-09-28T22:12:36","modified_gmt":"2025-09-29T05:12:36","slug":"rejuvenecimiento-facial-en-los-angeles","status":"publish","type":"page","link":"https:\/\/moeinsurgicalarts.com\/es\/procedimientos-faciales\/rejuvenecimiento-facial-en-los-angeles\/","title":{"rendered":"Facelift Los \u00c1ngeles"},"content":{"rendered":"\n<h2>\n\t\t\tLEVANTAMIENTO FACIAL EN LOS \u00c1NGELES\t<\/h2>\n\t<p>El tiempo es una fuerza implacable que no se detiene ante nada, especialmente no ante nuestros miedos al envejecimiento. A medida que pasa el tiempo, la calidad de nuestra piel inevitablemente disminuye y pierde elasticidad. En el rostro, la p\u00e9rdida de elasticidad puede verse como un descolgamiento, que se manifiesta en pliegues, p\u00e9rdida de volumen y arrugas.<\/p>\n<p>Estos signos de envejecimiento pueden hacer que te mires al espejo y veas un reflejo que parece mucho m\u00e1s viejo de lo que te sientes, lo cual puede da\u00f1ar y socavar tu autoestima. Un lifting facial es una herramienta cl\u00e1sica y sigue siendo uno de los mejores m\u00e9todos para retroceder el reloj en tu apariencia.<\/p>\n<p>Si est\u00e1s considerando un lifting facial, tu primer paso es programar una consulta con el Dr. Babak Moein de Moein Surgical Arts para discutir tus objetivos, si eres o no un candidato ideal, tu procedimiento de lifting facial \u00fanico y los resultados que puedes esperar obtener de un lifting facial.<\/p>\n\t<div class=\"lazyvideo\" data-url=\"https:\/\/www.youtube.com\/embed\/VtLdy1nFS6k?si=8UeGdnQ4NC_flBiQ\"><img style=\"height:100%;\" loading=\"lazy\" alt=\"video\" src=\"\/wp-content\/themes\/drmoein\/cache\/a99a7a0596ecb850121c17e35e96ac16.webp\"><\/div>\n\t\t\t\t<img decoding=\"async\" src=\"https:\/\/moeinsurgicalarts.com\/wp-content\/uploads\/2023\/03\/border-bg-copia.webp\" alt=\"Space line\" itemprop=\"image\" height=\"37\" width=\"802\" title=\"border-bg copia\" onerror=\"this.style.display='none'\" loading=\"lazy\">\n<h2>\n\t\t\tANTES Y DESPU\u00c9S\t<\/h2>\n\t\t\t\t<img decoding=\"async\" src=\"https:\/\/moeinsurgicalarts.com\/wp-content\/uploads\/2023\/03\/face-lift-BF01-copia.webp\" alt=\"Neck Lift Before and After in LA\" itemprop=\"image\" height=\"243\" width=\"454\" title=\"face-lift-BF01 copia\" onerror=\"this.style.display='none'\" loading=\"lazy\">\n\t\t\t\t<img decoding=\"async\" src=\"https:\/\/moeinsurgicalarts.com\/wp-content\/uploads\/2023\/03\/face-liftt-BF02-copia.webp\" alt=\"Neck Lift Before and After\" itemprop=\"image\" height=\"243\" width=\"454\" title=\"face-liftt-BF02 copia\" onerror=\"this.style.display='none'\" loading=\"lazy\">\n<h2>\n\t\t\tM\u00c1S EJEMPLOS DE LIFTING FACIAL:\t<\/h2>\n\t\t\t<a href=\"https:\/\/moeinsurgicalarts.com\/es\/before-and-after-cosmetic-surgery\/levantamiento-facial-antes-y-despues\/\" target=\"_self\">\n\t\t\t\t\t\t\tVER M\u00c1S\u2026\n\t\t\t\t\t<\/a>\n\t\t\t\t<img decoding=\"async\" src=\"https:\/\/moeinsurgicalarts.com\/wp-content\/uploads\/2023\/03\/border-bg-copia.webp\" alt=\"Space line\" itemprop=\"image\" height=\"37\" width=\"802\" title=\"border-bg copia\" onerror=\"this.style.display='none'\" loading=\"lazy\">\n<h2>\u00bfPOR QU\u00c9 ELEGIR MOEIN SURGICAL ARTS?<\/h2>\n\n<ul>\n<li>Babak Moein es un cirujano cosm\u00e9tico certificado por la junta que tiene una doble beca, formaci\u00f3n tanto en cirug\u00eda m\u00ednimamente invasiva como en cirug\u00eda est\u00e9tica y de contorno corporal, siendo el \u00fanico cirujano en el sur de California con estas s\u00f3lidas cualificaciones.<\/li>\n<li>La experiencia \u00fanica y los reconocimientos de Moein le permiten llevar su pasi\u00f3n por la ciencia detr\u00e1s de la belleza humana a cada uno de sus clientes, ayudando a lograr un aspecto equilibrado y natural de su cirug\u00eda. Sus especialidades en cirug\u00eda cosm\u00e9tica y procedimientos de rejuvenecimiento de la piel le ayudan a determinar el mejor curso de acci\u00f3n para ayudarte a alcanzar tus objetivos de belleza.<\/li>\n<\/ul>\n<p>Para aprender m\u00e1s sobre la filosof\u00eda equilibrada del Dr. Moein y sus distinguidas credenciales, y para dar el primer paso hacia la consecuci\u00f3n de tu aspecto ideal, programa una consulta en l\u00ednea o llamando al 310-299-9106.<\/p>\n\t\t<div class=\"lazyvideo\" aria-label=\"Play video\" data-url=\"https:\/\/player.understand.com\/drmoein\/en\/4d07e4b8-dfd0-4bf2-bea8-3aaf1af34237\/06298a04-ff7c-4f4a-ad24-7f1659038e2f?pauseFirstStep=1\"><img loading=\"lazy\" alt=\"video\" style=\"height:100%;\" data-src=\"\/wp-content\/themes\/drmoein\/cache\/2ac0d1db91bd1ee867750d1cc0de4c50.webp\" src=\"data:image\/gif;base64,R0lGODdhAQABAPAAAMPDwwAAACwAAAAAAQABAAACAkQBADs=\"><\/div>\t\n<h2>CANDIDATOS PARA LA CIRUG\u00cdA DE ESTIRAMIENTO FACIAL<\/h2>\n\n<p>Los candidatos ideales para la cirug\u00eda de estiramiento facial son hombres y mujeres con un gran inter\u00e9s en mejorar algunos de los signos avanzados de envejecimiento y recuperar una apariencia juvenil. La cirug\u00eda de estiramiento facial puede ayudar a tratar algunos de los signos de envejecimiento m\u00e1s evidentes, como la flacidez, las bolsas, la delgadez y las temidas papadas. Debido a que el paso del tiempo afecta a cada persona de manera diferente, no hay una edad ideal para un estiramiento facial. El momento es completamente dependiente de tu apariencia, tus necesidades y tus objetivos.<\/p>\n\t<p>Dependiendo de sus objetivos est\u00e9ticos, el Dr. Moein puede sugerir combinar su estiramiento facial con otros procedimientos para lograr los mejores resultados. Esto puede incluir trasplantes faciales, transferencias de grasa, inyecciones d\u00e9rmicas, aumento de tejidos y rejuvenecimiento de la piel para abordar de manera \u00f3ptima los signos visibles de envejecimiento.<\/p>\n<div class=\"lazyvideo\" aria-label=\"Play video\" data-url=\"https:\/\/player.understand.com\/drmoein\/en\/4d07e4b8-dfd0-4bf2-bea8-3aaf1af34237\/f9a3b520-c72b-4ee8-92d2-8ec46e718f20?pauseFirstStep=1\"><img loading=\"lazy\" alt=\"video\" style=\"height:100%;\" data-src=\"\/wp-content\/themes\/drmoein\/cache\/c3075672a142080557a8eb625e15493d.webp\" src=\"data:image\/gif;base64,R0lGODdhAQABAPAAAMPDwwAAACwAAAAAAQABAAACAkQBADs=\"><\/div>\t\n\t<p>Los mejores candidatos para la cirug\u00eda de estiramiento facial son personas en general con buena salud. Son no fumadores e individuos con expectativas realistas sobre el resultado de su cirug\u00eda. Durante su consulta individual, el Dr. Moein discutir\u00e1 lo que puede esperar de su cirug\u00eda de estiramiento facial y sus resultados finales.<\/p>\n<div class=\"lazyvideo\" aria-label=\"Play video\" data-url=\"https:\/\/player.understand.com\/drmoein\/en\/4d07e4b8-dfd0-4bf2-bea8-3aaf1af34237\/beed64ae-884e-4fa6-ac99-384b30bed8d4?pauseFirstStep=1\"><img loading=\"lazy\" alt=\"video\" style=\"height:100%;\" data-src=\"\/wp-content\/themes\/drmoein\/cache\/3226d69b13955cfa127733eb4d833cd5.webp\" src=\"data:image\/gif;base64,R0lGODdhAQABAPAAAMPDwwAAACwAAAAAAQABAAACAkQBADs=\"><\/div>\t\n\t\t\t\t<img decoding=\"async\" src=\"https:\/\/moeinsurgicalarts.com\/wp-content\/uploads\/2023\/03\/border-bg-copia.webp\" alt=\"Space line\" itemprop=\"image\" height=\"37\" width=\"802\" title=\"border-bg copia\" onerror=\"this.style.display='none'\" loading=\"lazy\">\n<h2>PROGRAMA UNA<br>\nCONSULTA<\/h2>\n\nPara obtener m\u00e1s informaci\u00f3n sobre\u00a0<strong>DR BABAK MOEIN.<\/strong>\u00a0Te recomendamos solicitar una consulta en l\u00ednea. Si lo prefieres, eres m\u00e1s que bienvenido a llamar a nuestra oficina<br>\npara programar tu cita.\n\n<p><a href=\"tel:+1-310-683-4634\">310 683 4634<\/a><\/p>\n\t\t\t\t<a href=\"https:\/\/moeinsurgicalarts.com\/es\/contactar-con-el-cirujano-estetico\/\" target=\"_blank\" rel=\"noopener\" itemprop=\"url\">\n\t\t\t\t<img decoding=\"async\" src=\"https:\/\/moeinsurgicalarts.com\/wp-content\/uploads\/2023\/03\/contact-us-copia.webp\" alt=\"Logo design for a body contouring contact us page, featuring a white background.\" itemprop=\"image\" height=\"102\" width=\"397\" title=\"Logo design for a body contouring contact us page, featuring a white background.\" onerror=\"this.style.display='none'\" loading=\"lazy\">\n\t\t\t\t<\/a>\n\t\t\t\t<img decoding=\"async\" src=\"https:\/\/moeinsurgicalarts.com\/wp-content\/uploads\/2023\/03\/border-bg-copia.webp\" alt=\"Space line\" itemprop=\"image\" height=\"37\" width=\"802\" title=\"border-bg copia\" onerror=\"this.style.display='none'\" loading=\"lazy\">\n\t<p>Error: cURL error 28: Operation timed out after 60001 milliseconds with 0 bytes received<\/p>\n\t\t\t<a href=\"https:\/\/moeinsurgicalarts.com\/es\/videos-de-procedimientos-de-cirugia-estetica-facial-en-los-angeles-ca\/\" target=\"_blank\" rel=\"noopener\">\n\t\t\t\t\t\tTranslation failed\n\t\t\t\t\t<\/a>\n\n","protected":false},"excerpt":{"rendered":"<p>LEVANTAMIENTO FACIAL EN LOS \u00c1NGELES El tiempo es una fuerza implacable que no se detiene ante nada, especialmente no ante nuestros miedos al envejecimiento. A medida que pasa el tiempo, la calidad de nuestra piel inevitablemente disminuye y pierde elasticidad. En el rostro, la p\u00e9rdida de elasticidad puede verse como un descolgamiento, que se manifiesta [&hellip;]<\/p>\n","protected":false},"author":7,"featured_media":45659,"parent":49861,"menu_order":0,"comment_status":"closed","ping_status":"closed","template":"","meta":{"footnotes":""},"class_list":["post-49989","page","type-page","status-publish","has-post-thumbnail","hentry"],"_links":{"self":[{"href":"https:\/\/moeinsurgicalarts.com\/es\/wp-json\/wp\/v2\/pages\/49989","targetHints":{"allow":["GET"]}}],"collection":[{"href":"https:\/\/moeinsurgicalarts.com\/es\/wp-json\/wp\/v2\/pages"}],"about":[{"href":"https:\/\/moeinsurgicalarts.com\/es\/wp-json\/wp\/v2\/types\/page"}],"author":[{"embeddable":true,"href":"https:\/\/moeinsurgicalarts.com\/es\/wp-json\/wp\/v2\/users\/7"}],"replies":[{"embeddable":true,"href":"https:\/\/moeinsurgicalarts.com\/es\/wp-json\/wp\/v2\/comments?post=49989"}],"version-history":[{"count":1,"href":"https:\/\/moeinsurgicalarts.com\/es\/wp-json\/wp\/v2\/pages\/49989\/revisions"}],"predecessor-version":[{"id":54680,"href":"https:\/\/moeinsurgicalarts.com\/es\/wp-json\/wp\/v2\/pages\/49989\/revisions\/54680"}],"up":[{"embeddable":true,"href":"https:\/\/moeinsurgicalarts.com\/es\/wp-json\/wp\/v2\/pages\/49861"}],"wp:featuredmedia":[{"embeddable":true,"href":"https:\/\/moeinsurgicalarts.com\/es\/wp-json\/wp\/v2\/media\/45659"}],"wp:attachment":[{"href":"https:\/\/moeinsurgicalarts.com\/es\/wp-json\/wp\/v2\/media?parent=49989"}],"curies":[{"name":"wp","href":"https:\/\/api.w.org\/{rel}","templated":true}]}}