{"id":49867,"date":"2019-01-09T11:43:36","date_gmt":"2019-01-09T19:43:36","guid":{"rendered":"https:\/\/moeinsurgicalarts.com\/cirugia-transgenero\/"},"modified":"2025-09-29T02:47:18","modified_gmt":"2025-09-29T09:47:18","slug":"cirugia-transgenero","status":"publish","type":"page","link":"https:\/\/moeinsurgicalarts.com\/es\/cirugia-transgenero\/","title":{"rendered":"Cirug\u00eda Transg\u00e9nero Experta en Los \u00c1ngeles"},"content":{"rendered":"\n\n<nav aria-label=\"breadcrumbs\" class=\"rank-math-breadcrumb\"><p><span class=\"last\">Home<\/span><\/p><\/nav>\n<h2>\n\t\tMTF GENDER REASSIGNMENT (TRANSGENDER SURGERY)\n\t<\/h2>\n\t<section>\nChoosing gender reassignment can be both an exciting and anxiety-ridden experience.<br>\nAt Moein Surgical Arts, we aim to make this time in your life as comfortable as possible.<br>\nDr. Moein and his staff are committed to providing you with compassion and<br>\naccommodation so that your change goes as smoothly as possible. Dr. Moein has<br>\nimmense respect for his transgender patients who display the courage and bravery<br>\nto live as their true selves.\n<h2>TRANSGENDER SURGERY OPTIONS<\/h2>\nWhen you choose us for your male-to-female transition, you have a variety of<br>\nprocedures available to you.\n<p><img decoding=\"async\" loading=\"lazy\" src=\"https:\/\/moeinsurgicalarts.com\/wp-content\/uploads\/2018\/04\/brazilian-butt-lift-banner2.jpg\" alt=\"transgender surgery los angeles dr. moein\" width=\"226\" height=\"251\" data-src=\"https:\/\/moeinsurgicalarts.com\/wp-content\/uploads\/2018\/04\/brazilian-butt-lift-banner2.jpg\"><\/p>\n<ul>\n<li>Gender Reassignment<\/li>\n<li>Hair Grafting<\/li>\n<li>Hair Removal<\/li>\n<li>Breast Augmentation<\/li>\n<li>Tracheal Shave<\/li>\n<li>Facial Feminization<\/li>\n<\/ul>\n<h2>HAIR GRAFTING<\/h2>\nWe offer a variety of hair treatments at Moein Surgical Arts to help you achieve dense, healthy hair.<br>\nWe can treat balding, receding hairlines, and thinning hair. These common issues can be treated<br>\nwith our state-of-the-art options for giving you an attractive and full head of hair.\n<h2>HAIR REMOVAL<\/h2>\nMany male-to-female patients are concerned about\u00a0hair removal. This includes hair on the legs,<br>\narms, chest, back, stomach, and face. When you would prefer to be hairless and smooth, turn to<br>\nDr. Moein. The doctor offers both permanent hair removal with electrolysis and temporary laser<br>\nhair removal to meet your needs.\n<h2>BREAST AUGMENTATION<\/h2>\nA woman places significant value on her breasts, which is a symbol of her femininity. Breasts are<br>\nalso a major factor in a woman\u2019s figure. With breast augmentation by Dr. Babak Moein<br>\nof Moein Surgical Arts, you can obtain breasts that compliment your silhouette. The results look<br>\nnatural and could become just the start of your complete transformation. Dr. Moein will consult<br>\nwith you to determine the size of the breast implant that most closely matches your aesthetic goals.\n<\/section>\n<section>\n<h2>TRACHEAL SHAVE<\/h2>\nThe Adam\u2019s apple is one of the most distinct characteristics of the male gender. A noticeable<br>\nAdam\u2019s apple on the throat gives off a more masculine appearance, which can make it difficult<br>\nfor an MTF transgender individual to blend into the world. With a tracheal shave<br>\n(chondrolaryngoplasty), which is a popular surgery among the transgender community, Dr.<br>\nMoein can reduce the prominence of Adam\u2019s apple for a more feminine look.\n<h2>FACIAL FEMINIZATION<\/h2>\nWhen you want a more feminine face, Dr. Moein can perform facial feminization. FFS can<br>\nencompass a few different procedures depending on your goals. Whether you want to<br>\nenhance your chin, cheeks, jawline, eyelids, lips, nose, or forehead, Dr. Moein can help. Call<br>\nor visit Moein Surgical Arts and tell Dr. Moein which facial features you wish to enhance,<br>\nand he will recommend the best approaches to this popular cosmetic surgery.\n<h3>GENDER REASSIGNMENT<\/h3>\nMale-to-female gender reassignment surgery (GRS), or sexual reassignment jersey (SRS),<br>\nmodifies the form and function of the sexual organs. The penis and testicles will be<br>\nreconstructed and fashioned into a functioning vagina.\n<\/section>\n<h2>SCHEDULE A<br>\nCONSULTATION<\/h2>\nTo find out more about\u00a0<strong>DR BABAK MOEIN.<\/strong>\u00a0We advise you to request a consultation online. If you prefer, you are more than welcome to call our office<br>\nto schedule your appointment.\n<p>\u00a0<a href=\"tel:+1-310-299-9106\">310 299 9106<\/a><\/p>\n\t\t\t\t<a href=\"https:\/\/moeinsurgicalarts.com\/es\/contactar-con-el-cirujano-estetico\/\" target=\"_blank\" rel=\"noopener\" itemprop=\"url\">\n\t\t\t\t<img decoding=\"async\" loading=\"lazy\" src=\"https:\/\/moeinsurgicalarts.com\/wp-content\/uploads\/2023\/03\/contact-us-copia.webp\" alt=\"Logo design for a body contouring contact us page, featuring a white background.\" itemprop=\"image\" height=\"102\" width=\"397\" title=\"Logo design for a body contouring contact us page, featuring a white background.\" onerror=\"this.style.display='none'\">\n\t\t\t\t<\/a>\n\t\t\t\t<img decoding=\"async\" loading=\"lazy\" src=\"https:\/\/moeinsurgicalarts.com\/wp-content\/uploads\/2023\/03\/border-bg-copia.webp\" alt=\"Space line\" itemprop=\"image\" height=\"37\" width=\"802\" title=\"border-bg copia\" onerror=\"this.style.display='none'\">\n\n","protected":false},"excerpt":{"rendered":"<p>MTF GENDER REASSIGNMENT (TRANSGENDER SURGERY) Choosing gender reassignment can be both an exciting and anxiety-ridden experience. At Moein Surgical Arts, we aim to make this time in your life as comfortable as possible. Dr. Moein and his staff are committed to providing you with compassion and accommodation so that your change goes as smoothly as [&hellip;]<\/p>\n","protected":false},"author":7,"featured_media":45620,"parent":0,"menu_order":0,"comment_status":"closed","ping_status":"closed","template":"","meta":{"footnotes":""},"class_list":["post-49867","page","type-page","status-publish","has-post-thumbnail","hentry"],"_links":{"self":[{"href":"https:\/\/moeinsurgicalarts.com\/es\/wp-json\/wp\/v2\/pages\/49867","targetHints":{"allow":["GET"]}}],"collection":[{"href":"https:\/\/moeinsurgicalarts.com\/es\/wp-json\/wp\/v2\/pages"}],"about":[{"href":"https:\/\/moeinsurgicalarts.com\/es\/wp-json\/wp\/v2\/types\/page"}],"author":[{"embeddable":true,"href":"https:\/\/moeinsurgicalarts.com\/es\/wp-json\/wp\/v2\/users\/7"}],"replies":[{"embeddable":true,"href":"https:\/\/moeinsurgicalarts.com\/es\/wp-json\/wp\/v2\/comments?post=49867"}],"version-history":[{"count":1,"href":"https:\/\/moeinsurgicalarts.com\/es\/wp-json\/wp\/v2\/pages\/49867\/revisions"}],"predecessor-version":[{"id":54724,"href":"https:\/\/moeinsurgicalarts.com\/es\/wp-json\/wp\/v2\/pages\/49867\/revisions\/54724"}],"wp:featuredmedia":[{"embeddable":true,"href":"https:\/\/moeinsurgicalarts.com\/es\/wp-json\/wp\/v2\/media\/45620"}],"wp:attachment":[{"href":"https:\/\/moeinsurgicalarts.com\/es\/wp-json\/wp\/v2\/media?parent=49867"}],"curies":[{"name":"wp","href":"https:\/\/api.w.org\/{rel}","templated":true}]}}