{"id":49854,"date":"2019-04-14T16:07:28","date_gmt":"2019-04-14T23:07:28","guid":{"rendered":"https:\/\/moeinsurgicalarts.com\/gastrectomy-sleeve-laparoscopica-en-los-angeles\/"},"modified":"2025-12-01T00:04:25","modified_gmt":"2025-12-01T08:04:25","slug":"gastrectomy-sleeve-laparoscopica-en-los-angeles","status":"publish","type":"page","link":"https:\/\/moeinsurgicalarts.com\/es\/perdida-de-alto-peso\/gastrectomy-sleeve-laparoscopica-en-los-angeles\/","title":{"rendered":"Cirug\u00eda de Manga G\u00e1strica Laparosc\u00f3pica en Los \u00c1ngeles"},"content":{"rendered":"\n\n\t<h2 aria-hidden=\"false\" data-acsb-hidden=\"false\">Introduction to Laparoscopic Sleeve Gastrectomy<\/h2>\nOne of the most effective weight loss surgery methods, a laparoscopic sleeve gastrectomy procedure, works by reducing the size of the stomach, thereby limiting the amount of food that can be ingested. The procedure also removes the portion of the stomach that produces a hormone that can contribute to making you feel hungry, further helping you limit your food intake and reduce your weight.\n<section aria-hidden=\"false\" data-acsb-hidden=\"false\">\n<section aria-hidden=\"false\" data-acsb-hidden=\"false\">\n<a href=\"https:\/\/moeinsurgicalarts.com\/high-weight-loss\/laparoscopic-gastric-sleeve\/\" data-acsb-clickable=\"true\" data-acsb-navigable=\"true\" data-acsb-now-navigable=\"true\" aria-hidden=\"false\" data-acsb-hidden=\"false\"><img decoding=\"async\" loading=\"lazy\" src=\"https:\/\/moeinsurgicalarts.com\/wp-content\/uploads\/2020\/05\/Gastric-Sleeve-Diagram.jpg\" alt=\"Gastric-Sleeve\" width=\"686\" height=\"510\" aria-hidden=\"false\" data-acsb-hidden=\"false\"><\/a>\nThere are several variations in the name for this procedure, including \u00abvertical sleeve gastrectomy\u00bb or simply \u00abgastric sleeve procedure.\u00bb Note that these all refer to the same type of <strong aria-hidden=\"false\" data-acsb-hidden=\"false\"><a href=\"https:\/\/moeinsurgicalarts.com\/high-weight-loss\/\" data-acsb-clickable=\"true\" data-acsb-navigable=\"true\" data-acsb-now-navigable=\"true\" aria-hidden=\"false\" data-acsb-hidden=\"false\">weight loss surgery<\/a><\/strong>. The surgery is often compared to gastric banding procedures (such as Lap-Band) but offers several advantages over those procedures:\n<ul>\n<li>Comparable weight loss, but generally faster than with the gastric band<\/li>\n<li>No band device or other foreign implanted material in your body<\/li>\n<li>Surgical risk is lower because sleeve gastrectomy is a simpler operation<\/li>\n<li>Less food intolerance and sensitivity for most patients<\/li>\n<\/ul>\nNote that unlike gastric banding or other weight loss options such as , the<a href=\"https:\/\/healthylifebariatrics.com\/services\/gastric-sleeve\/\" rel=\"noopener\"> gastric sleeve<\/a> procedure is irreversible since a portion of the stomach is permanently removed.\nWe offer convenient and easy appointments where you can learn about all of the weight loss options Dr. Moein offers. You can  contact or give us a call, and our friendly staff members will be happy to book your visit.\n<\/section>\n<\/section>\n\t\n<h2>\n\t\t\tLaparoscopic Sleeve Gastrectomy : Stories of Transformation \t<\/h2>\n\t<div class=\"lazyvideo\" data-url=\"https:\/\/www.youtube.com\/embed\/ftSP0HMpYIY?si=AI8tn8zbBRdPLBO1\"><img style=\"height:100%;\" loading=\"lazy\" alt=\"video\" src=\"\/wp-content\/themes\/drmoein\/cache\/617a7dc25fb5f0e4c8c77fad5f15608c.webp\"><\/div>\n\t\t\t<a href=\"https:\/\/moeinsurgicalarts.com\/weight-loss-options-videos\/\" target=\"_blank\" rel=\"noopener\">\n\t\t\t\t\t\tWeight Loss Options videos\n\t\t\t\t\t<\/a>\n<h2>\n\t\t\tBefore And After Laparoscopic Sleeve Gastrectomy\t<\/h2>\n\t\t\t\t<img decoding=\"async\" src=\"https:\/\/moeinsurgicalarts.com\/wp-content\/uploads\/Laparoscopic-Sleeve-Gastrectomy-Burbank.webp\" alt=\"Laparoscopic Sleeve Gastrectomy Los Angeles, CA\" itemprop=\"image\" height=\"1024\" width=\"1024\" title=\"Laparoscopic Sleeve Gastrectomy Los Angeles, CA\" onerror=\"this.style.display='none'\" loading=\"lazy\">\n\t\t\t\t<img decoding=\"async\" src=\"https:\/\/moeinsurgicalarts.com\/wp-content\/uploads\/Laparoscopic-Sleeve-Gastrectomy-Los-Angeles.webp\" alt=\"Laparoscopic Sleeve Gastrectomy Los Angeles, CA\" itemprop=\"image\" height=\"1024\" width=\"1024\" title=\"Laparoscopic Sleeve Gastrectomy Los Angeles, CA\" onerror=\"this.style.display='none'\" loading=\"lazy\">\n\t\t\t\t<img decoding=\"async\" src=\"https:\/\/moeinsurgicalarts.com\/wp-content\/uploads\/Laparoscopic-Sleeve-Gastrectomy-Los-Angeles-CA.webp\" alt=\"Laparoscopic Sleeve Gastrectomy Los Angeles, CA\" itemprop=\"image\" height=\"1024\" width=\"1024\" title=\"Before and after Laparoscopic Sleeve Gastrectomy Los Angeles, CA\" onerror=\"this.style.display='none'\" loading=\"lazy\">\n\t\t\t\t<img decoding=\"async\" src=\"https:\/\/moeinsurgicalarts.com\/wp-content\/uploads\/Laparoscopic-Sleeve-Gastrectomy-LA.webp\" alt=\"Laparoscopic Sleeve Gastrectomy Los Angeles, CA\" itemprop=\"image\" height=\"1024\" width=\"1024\" title=\"Laparoscopic Sleeve Gastrectomy Los Angeles, CA\" onerror=\"this.style.display='none'\" loading=\"lazy\">\n\t<section aria-hidden=\"false\" data-acsb-hidden=\"false\">\nRENOWNED LOS ANGELES Weight Loss Surgery<br>\n\nIf you\u2019re in Los Angeles or the surrounding areas, see us at Moein Surgical Arts, where we specialize in body contouring, VASER liposuction, and skin tightening.\n<h2>CALL US<\/h2>\n<p>For a cosmetic\/plastic surgery consultation with a personalized surgical plan to prepare your beach body for summer.<\/p>\n<p>\u00a0<a href=\"tel:+1-310-455-8020\">310-455-8020<\/a><\/p>\n<section aria-hidden=\"false\" data-acsb-hidden=\"false\">\n<h2 role=\"heading\" aria-level=\"4\" aria-hidden=\"false\" data-acsb-hidden=\"false\">Laparoscopic Sleeve Gastrectomy Procedure<\/h2>\nThe word \u00ablaparoscopic\u00bb in laparoscopic sleeve gastrectomy refers to the use of a laparoscope, a small camera, that <a href=\"https:\/\/moeinsurgicalarts.com\/dr-moein-author\/\"><strong>weight loss surgeon Dr. Moein<\/strong><\/a> inserts into an incision to help guide him when performing the surgery. The use of the laparoscope allows the doctor to avoid having to cut open the abdominal area. Instead, he will make 5 or 6 smaller incisions for inserting the laparoscope and other surgical instruments. The laparoscopic method can offer several advantages compared to open surgery:\n<ul>\n<li>Less visible scarring on the abdomen<\/li>\n<li>Increased comfort<\/li>\n<li>A shorter hospital stay and quicker recovery<\/li>\n<li>Reduced risk of infections, adhesions, and internal scarring<\/li>\n<\/ul>\nDr. Moein will remove 60% to 90% of the stomach when performing a laparoscopic sleeve gastrectomy. This reduced size and capacity consequently limit your food intake and helps to achieve <a href=\"https:\/\/moeinsurgicalarts.com\/high-weight-loss\/orbera\/\"><strong>significant weight loss<\/strong><\/a>. During the procedure, the stomach is divided into 2 parts, with the excess section removed and the remaining section stapled shut to form a new, smaller stomach.\nThis smaller stomach, roughly the size and shape of a banana, looks something like a sleeve along the digestive tract, which is where the \u00absleeve\u00bb part of the procedure gets its name. Besides the smaller capacity of the stomach, the normal function of your digestive system is unchanged after the procedure.\n<h2 role=\"heading\" aria-level=\"4\" aria-hidden=\"false\" data-acsb-hidden=\"false\">Laparoscopic Sleeve Gastrectomy Recovery<\/h2>\nYou will remain in the hospital for a couple of days following your procedure as testing is done and your vitals are monitored. You will be sent home with a prescription for <strong aria-hidden=\"false\" data-acsb-hidden=\"false\"><a href=\"https:\/\/moeinsurgicalarts.com\/can-breast-reduction-surgery-ease-back-pain\/\" data-acsb-clickable=\"true\" data-acsb-navigable=\"true\" data-acsb-now-navigable=\"true\" aria-hidden=\"false\" data-acsb-hidden=\"false\">pain management<\/a><\/strong> and detailed instructions about diet, care of incisions, and activity restrictions. During the recovery period, you will gradually transition from clear liquids to a diet of small portions of solid food.\nIt is very important to follow post-operative instructions closely and work your way into new habits so that you can see the best weight-loss results in the long term. A <a href=\"https:\/\/www.who.int\/news-room\/fact-sheets\/detail\/healthy-diet\" rel=\"noopener\">healthy diet<\/a> of smaller meals, combined with regular exercise and other hallmarks of healthy living, will greatly improve your initial weight loss and help you maintain a healthy weight range.\nRemember that Dr. Moein and his staff will be with you every step of the way. He\u2019ll answer all your questions at your initial consultation, check in with you regularly right after surgery, and schedule several follow-up visits to monitor your weight loss and ensure that you are recovering successfully.\n<\/section>\n<\/section>\n<h2>\n\t\t\tLaparoscopic Sleeve Gastrectomy: Schedule A Consulation Los Angeles, CA\t<\/h2>\n\t<section aria-hidden=\"false\" data-acsb-hidden=\"false\">\n<section aria-hidden=\"false\" data-acsb-hidden=\"false\">\n<a href=\"https:\/\/moeinsurgicalarts.com\/contact-cosmetic-surgeon\/\">Contact our office today<\/a> and schedule an informative consultation about laparoscopic gastric sleeve surgery. Dr. Moein and the staff at M\u00f6ein Surgical Arts are available to answer any questions you have to help you make the best decision to achieve your weight-loss goals.\n<\/section>\n<section aria-hidden=\"false\" data-acsb-hidden=\"false\">\n<strong>SCHEDULE A CONSULTATION<\/strong>\nTo find out more about <strong aria-hidden=\"false\" data-acsb-hidden=\"false\">DR BABAK Moein.<\/strong> We advise you to request a consultation online. If you prefer, you are more than welcome to call our office to schedule your appointment.\n<\/section>\n<strong role=\"heading\" data-acsb-fake-title=\"true\" aria-level=\"5\" aria-hidden=\"false\" data-acsb-hidden=\"false\">Related to:<br>\n<\/strong>\n<\/section>\n<strong role=\"heading\" data-acsb-fake-title=\"true\" aria-level=\"5\" aria-hidden=\"false\" data-acsb-hidden=\"false\"><a href=\"https:\/\/moeinsurgicalarts.com\/best-cosmetic-surgeon-in-los-angeles-ca\/\" data-acsb-clickable=\"true\" data-acsb-navigable=\"true\" data-acsb-now-navigable=\"true\" aria-hidden=\"false\" data-acsb-hidden=\"false\">Best Cosmetic Surgeon near me Los Angeles, CA<\/a><\/strong>\n\t\t\t<a href=\"tel:+1-310-455-8020\" target=\"_blank\" rel=\"noopener\">\n\t\t\t\t\t\t310 455 8020\n\t\t\t\t\t<\/a>\n\n","protected":false},"excerpt":{"rendered":"<p>Introduction to Laparoscopic Sleeve Gastrectomy One of the most effective weight loss surgery methods, a laparoscopic sleeve gastrectomy procedure, works by reducing the size of the stomach, thereby limiting the amount of food that can be ingested. The procedure also removes the portion of the stomach that produces a hormone that can contribute to making [&hellip;]<\/p>\n","protected":false},"author":7,"featured_media":46792,"parent":50212,"menu_order":0,"comment_status":"closed","ping_status":"closed","template":"","meta":{"footnotes":""},"class_list":["post-49854","page","type-page","status-publish","has-post-thumbnail","hentry"],"_links":{"self":[{"href":"https:\/\/moeinsurgicalarts.com\/es\/wp-json\/wp\/v2\/pages\/49854","targetHints":{"allow":["GET"]}}],"collection":[{"href":"https:\/\/moeinsurgicalarts.com\/es\/wp-json\/wp\/v2\/pages"}],"about":[{"href":"https:\/\/moeinsurgicalarts.com\/es\/wp-json\/wp\/v2\/types\/page"}],"author":[{"embeddable":true,"href":"https:\/\/moeinsurgicalarts.com\/es\/wp-json\/wp\/v2\/users\/7"}],"replies":[{"embeddable":true,"href":"https:\/\/moeinsurgicalarts.com\/es\/wp-json\/wp\/v2\/comments?post=49854"}],"version-history":[{"count":2,"href":"https:\/\/moeinsurgicalarts.com\/es\/wp-json\/wp\/v2\/pages\/49854\/revisions"}],"predecessor-version":[{"id":56136,"href":"https:\/\/moeinsurgicalarts.com\/es\/wp-json\/wp\/v2\/pages\/49854\/revisions\/56136"}],"up":[{"embeddable":true,"href":"https:\/\/moeinsurgicalarts.com\/es\/wp-json\/wp\/v2\/pages\/50212"}],"wp:featuredmedia":[{"embeddable":true,"href":"https:\/\/moeinsurgicalarts.com\/es\/wp-json\/wp\/v2\/media\/46792"}],"wp:attachment":[{"href":"https:\/\/moeinsurgicalarts.com\/es\/wp-json\/wp\/v2\/media?parent=49854"}],"curies":[{"name":"wp","href":"https:\/\/api.w.org\/{rel}","templated":true}]}}