{"id":49852,"date":"2022-08-27T21:59:38","date_gmt":"2022-08-28T04:59:38","guid":{"rendered":"https:\/\/moeinsurgicalarts.com\/videos-de-procedimientos-de-cirugia-estetica-facial-en-los-angeles-ca\/"},"modified":"2025-08-21T05:56:16","modified_gmt":"2025-08-21T12:56:16","slug":"videos-de-procedimientos-de-cirugia-estetica-facial-en-los-angeles-ca","status":"publish","type":"page","link":"https:\/\/moeinsurgicalarts.com\/es\/videos-de-procedimientos-de-cirugia-estetica-facial-en-los-angeles-ca\/","title":{"rendered":"VIDEOS DE PROCEDIMIENTOS DE CIRUG\u00cdA COSM\u00c9TICA FACIAL EN LOS \u00c1NGELES CA"},"content":{"rendered":"\n\n\t<h2>VIDEOS DE PROCEDIMIENTOS DE CIRUG\u00cdA COSM\u00c9TICA FACIAL EN LOS \u00c1NGELES CA<\/h2>\n\t\t\t<a href=\"#face-lift\" target=\"_self\">\n\t\t\t\t\t\t\tFACE LIFT\n\t\t\t\t\t<\/a>\n\t\t\t<a href=\"#eyelid-surgery\" target=\"_self\">\n\t\t\t\t\t\t\tEYELID SURGERY\n\t\t\t\t\t<\/a>\n\t\t\t<a href=\"#brown-lift\" target=\"_self\">\n\t\t\t\t\t\t\tBROW LIFT\n\t\t\t\t\t<\/a>\n\t\t\t<a href=\"#rhinoplasty\" target=\"_self\">\n\t\t\t\t\t\t\tRHINOPLASTY\n\t\t\t\t\t<\/a>\n\t\t\t<a href=\"#facial-implants\" target=\"_self\">\n\t\t\t\t\t\t\tFACIAL IMPLANTS\n\t\t\t\t\t<\/a>\n<h2>\n\t\t\tProcedimientos Cosm\u00e9ticos Faciales\t<\/h2>\n<h2>\n\t\t\tREJUVENECIMIENTO FACIAL\t<\/h2>\n\t<div class=\"video-container\"><div class=\"video-item\"><div class=\"lazyvideo\" aria-label=\"Play video\" data-url=\"https:\/\/content-files.understand.com\/3e1d121c-a895-4d37-a278-c4c95a354cd7.mp4\"><img loading=\"lazy\" alt=\"video\" style=\"height:100%;\" data-src=\"\/wp-content\/themes\/drmoein\/cache\/ea395faf95832bc259db6f4691cf8bca.webp\" src=\"data:image\/gif;base64,R0lGODdhAQABAPAAAMPDwwAAACwAAAAAAQABAAACAkQBADs=\"><\/div><\/div><div class=\"video-item\"><div class=\"lazyvideo\" aria-label=\"Play video\" data-url=\"https:\/\/content-files.understand.com\/c564cf2b-e174-4a68-a14c-8e58cd11b114.mp4\"><img loading=\"lazy\" alt=\"video\" style=\"height:100%;\" data-src=\"\/wp-content\/themes\/drmoein\/cache\/ea395faf95832bc259db6f4691cf8bca.webp\" src=\"data:image\/gif;base64,R0lGODdhAQABAPAAAMPDwwAAACwAAAAAAQABAAACAkQBADs=\"><\/div><\/div><div class=\"video-item\"><div class=\"lazyvideo\" aria-label=\"Play video\" data-url=\"https:\/\/content-files.understand.com\/abe03f81-70b5-4e86-ba8f-c8d44af1f671.mp4\"><img loading=\"lazy\" alt=\"video\" style=\"height:100%;\" data-src=\"\/wp-content\/themes\/drmoein\/cache\/ea395faf95832bc259db6f4691cf8bca.webp\" src=\"data:image\/gif;base64,R0lGODdhAQABAPAAAMPDwwAAACwAAAAAAQABAAACAkQBADs=\"><\/div><\/div><div class=\"video-item\"><div class=\"lazyvideo\" aria-label=\"Play video\" data-url=\"https:\/\/content-files.understand.com\/bdd19ee8-03f5-492a-822a-7cf54f36a49f.mp4\"><img loading=\"lazy\" alt=\"video\" style=\"height:100%;\" data-src=\"\/wp-content\/themes\/drmoein\/cache\/ea395faf95832bc259db6f4691cf8bca.webp\" src=\"data:image\/gif;base64,R0lGODdhAQABAPAAAMPDwwAAACwAAAAAAQABAAACAkQBADs=\"><\/div><\/div><\/div>\n\t\t\t<a href=\"https:\/\/moeinsurgicalarts.com\/es\/procedimientos-faciales\/rejuvenecimiento-facial-en-los-angeles\/\" target=\"_self\">\n\t\t\t\t\t\t\tVer Servicio de Lifting Facial\n\t\t\t\t\t<\/a>\n<h2>\n\t\t\tCIRUG\u00cdA DE P\u00c1RPADOS\t<\/h2>\n\t<div class=\"video-container\"><div class=\"video-item\"><div class=\"lazyvideo\" aria-label=\"Play video\" data-url=\"https:\/\/content-files.understand.com\/351ee068-d65c-4174-bc45-9b16ebddad6d.mp4\"><img loading=\"lazy\" alt=\"video\" style=\"height:100%;\" data-src=\"\/wp-content\/themes\/drmoein\/cache\/ea395faf95832bc259db6f4691cf8bca.webp\" src=\"data:image\/gif;base64,R0lGODdhAQABAPAAAMPDwwAAACwAAAAAAQABAAACAkQBADs=\"><\/div><\/div><div class=\"video-item\"><div class=\"lazyvideo\" aria-label=\"Play video\" data-url=\"https:\/\/content-files.understand.com\/6904c456-4409-4999-9fe3-673c202d6af2.mp4\"><img loading=\"lazy\" alt=\"video\" style=\"height:100%;\" data-src=\"\/wp-content\/themes\/drmoein\/cache\/ea395faf95832bc259db6f4691cf8bca.webp\" src=\"data:image\/gif;base64,R0lGODdhAQABAPAAAMPDwwAAACwAAAAAAQABAAACAkQBADs=\"><\/div><\/div><\/div>\n\t\t\t<a href=\"https:\/\/moeinsurgicalarts.com\/es\/procedimientos-faciales\/cirugia-de-parpados-blepharoplastia-en-los-angeles\/\" target=\"_self\">\n\t\t\t\t\t\t\tVer Servicio de Cirug\u00eda de P\u00e1rpados\n\t\t\t\t\t<\/a>\n<h2>\n\t\t\tLEVANTAMIENTO DE CEJAS\t<\/h2>\n\t<div class=\"video-container\"><div class=\"video-item\"><div class=\"lazyvideo\" aria-label=\"Play video\" data-url=\"https:\/\/content-files.understand.com\/d1434352-9316-40cf-a3e1-0a016d8793e0.mp4\"><img loading=\"lazy\" alt=\"video\" style=\"height:100%;\" data-src=\"\/wp-content\/themes\/drmoein\/cache\/ea395faf95832bc259db6f4691cf8bca.webp\" src=\"data:image\/gif;base64,R0lGODdhAQABAPAAAMPDwwAAACwAAAAAAQABAAACAkQBADs=\"><\/div><\/div><\/div>\n\t\t\t<a href=\"https:\/\/moeinsurgicalarts.com\/es\/procedimientos-faciales\/el-mejor-levantamiento-de-cejas-en-los-angeles\/\" target=\"_self\">\n\t\t\t\t\t\t\tVer Servicio de Elevaci\u00f3n de Cejas\n\t\t\t\t\t<\/a>\n<h2>\n\t\t\tRINOPLASTIA\t<\/h2>\n\t<div class=\"video-container\"><div class=\"video-item\"><div class=\"lazyvideo\" aria-label=\"Play video\" data-url=\"https:\/\/content-files.understand.com\/bd040552-44d1-4469-8fad-6e4129a5d5db.mp4\"><img loading=\"lazy\" alt=\"video\" style=\"height:100%;\" data-src=\"\/wp-content\/themes\/drmoein\/cache\/ea395faf95832bc259db6f4691cf8bca.webp\" src=\"data:image\/gif;base64,R0lGODdhAQABAPAAAMPDwwAAACwAAAAAAQABAAACAkQBADs=\"><\/div><\/div><\/div>\n\t\t\t<a href=\"https:\/\/moeinsurgicalarts.com\/es\/procedimientos-faciales\/rhinoplasty-los-angeles\/\" target=\"_self\">\n\t\t\t\t\t\t\tVer Servicio de Rinoplastia\n\t\t\t\t\t<\/a>\n<h2>\n\t\t\tIMPLANTES FACIALES\t<\/h2>\n\t<div class=\"video-container\"><div class=\"video-item\"><div class=\"lazyvideo\" aria-label=\"Play video\" data-url=\"https:\/\/content-files.understand.com\/8187ce0f-6b0c-47a5-8aca-23c948cee844.mp4\"><img loading=\"lazy\" alt=\"video\" style=\"height:100%;\" data-src=\"\/wp-content\/themes\/drmoein\/cache\/ea395faf95832bc259db6f4691cf8bca.webp\" src=\"data:image\/gif;base64,R0lGODdhAQABAPAAAMPDwwAAACwAAAAAAQABAAACAkQBADs=\"><\/div><\/div><\/div>\n\t\t\t<a href=\"https:\/\/moeinsurgicalarts.com\/es\/procedimientos-faciales\/facial-implants\/\" target=\"_self\">\n\t\t\t\t\t\t\tVer Servicio de Implantes Faciales\n\t\t\t\t\t<\/a>\n\n","protected":false},"excerpt":{"rendered":"<p>FACE LIFT EYELID SURGERY BROW LIFT RHINOPLASTY FACIAL IMPLANTS Procedimientos Cosm\u00e9ticos Faciales REJUVENECIMIENTO FACIAL Ver Servicio de Lifting Facial CIRUG\u00cdA DE P\u00c1RPADOS Ver Servicio de Cirug\u00eda de P\u00e1rpados LEVANTAMIENTO DE CEJAS Ver Servicio de Elevaci\u00f3n de Cejas RINOPLASTIA Ver Servicio de Rinoplastia IMPLANTES FACIALES Ver Servicio de Implantes Faciales<\/p>\n","protected":false},"author":7,"featured_media":46065,"parent":0,"menu_order":0,"comment_status":"closed","ping_status":"closed","template":"","meta":{"footnotes":""},"class_list":["post-49852","page","type-page","status-publish","has-post-thumbnail","hentry"],"_links":{"self":[{"href":"https:\/\/moeinsurgicalarts.com\/es\/wp-json\/wp\/v2\/pages\/49852","targetHints":{"allow":["GET"]}}],"collection":[{"href":"https:\/\/moeinsurgicalarts.com\/es\/wp-json\/wp\/v2\/pages"}],"about":[{"href":"https:\/\/moeinsurgicalarts.com\/es\/wp-json\/wp\/v2\/types\/page"}],"author":[{"embeddable":true,"href":"https:\/\/moeinsurgicalarts.com\/es\/wp-json\/wp\/v2\/users\/7"}],"replies":[{"embeddable":true,"href":"https:\/\/moeinsurgicalarts.com\/es\/wp-json\/wp\/v2\/comments?post=49852"}],"version-history":[{"count":0,"href":"https:\/\/moeinsurgicalarts.com\/es\/wp-json\/wp\/v2\/pages\/49852\/revisions"}],"wp:featuredmedia":[{"embeddable":true,"href":"https:\/\/moeinsurgicalarts.com\/es\/wp-json\/wp\/v2\/media\/46065"}],"wp:attachment":[{"href":"https:\/\/moeinsurgicalarts.com\/es\/wp-json\/wp\/v2\/media?parent=49852"}],"curies":[{"name":"wp","href":"https:\/\/api.w.org\/{rel}","templated":true}]}}