{"id":49851,"date":"2018-02-23T06:52:46","date_gmt":"2018-02-23T14:52:46","guid":{"rendered":"https:\/\/moeinsurgicalarts.com\/cirugia-de-parpados-blepharoplastia-en-los-angeles\/"},"modified":"2026-02-03T18:56:01","modified_gmt":"2026-02-04T02:56:01","slug":"cirugia-de-parpados-blepharoplastia-en-los-angeles","status":"publish","type":"page","link":"https:\/\/moeinsurgicalarts.com\/es\/procedimientos-faciales\/cirugia-de-parpados-blepharoplastia-en-los-angeles\/","title":{"rendered":"Cirug\u00eda de p\u00e1rpados (blefaroplastia) en Los \u00c1ngeles"},"content":{"rendered":"\n<h2>\n\t\t\tLOS ANGELES EYELID SURGERY\t<\/h2>\n\t\t\t\t<img decoding=\"async\" src=\"https:\/\/moeinsurgicalarts.com\/wp-content\/uploads\/LOS-ANGELES-EYELID-SURGERY.webp\" alt=\"LOS ANGELES EYELID SURGERY\" itemprop=\"image\" height=\"533\" width=\"800\" title=\"LOS ANGELES EYELID SURGERY\" onerror=\"this.style.display='none'\" loading=\"lazy\">\n\t<p>Are you self-conscious of bags under your eyes? Wrinkles in your lower lids? Drooping upper eyelid skin that makes you look tired and maybe even gets in the way of your vision? If so, eyelid surgery may be your perfect solution. This procedure can correct bags under the eyes and hollowness, eliminate fine wrinkles on the lower eyelids, and tighten loose skin on the upper and lower eyelids, providing you with a refreshed, more youthful appearance.<\/p>\n<p>Eyelid surgery is a popular option available at\u00a0<a href=\"https:\/\/moeinsurgicalarts.com\/cosmetic-surgery-reviews\/\">Moein Surgical Arts<\/a> to revitalize your look. Treat the fatigued, stressed, or aged appearance and\u00a0call to schedule your consultation.<\/p>\n\t\t<div class=\"lazyvideo\" aria-label=\"Play video\" data-url=\"https:\/\/player.understand.com\/drmoein\/en\/4d07e4b8-dfd0-4bf2-bea8-3aaf1af34237\/61204aa0-b564-4cae-9966-6f25fcc7d1e7?pauseFirstStep=1\"><img loading=\"lazy\" alt=\"video\" style=\"height:100%;\" data-src=\"\/wp-content\/themes\/drmoein\/cache\/8d91c8ba57f202fa9729c80b04b49961.webp\" src=\"data:image\/gif;base64,R0lGODdhAQABAPAAAMPDwwAAACwAAAAAAQABAAACAkQBADs=\"><\/div>\t\n<div class=\"lazyvideo\" aria-label=\"Play video\" data-url=\"https:\/\/player.understand.com\/drmoein\/en\/4d07e4b8-dfd0-4bf2-bea8-3aaf1af34237\/18a8b236-ca65-4c97-8ff5-7f84d4875dbd?pauseFirstStep=1\"><img loading=\"lazy\" alt=\"video\" style=\"height:100%;\" data-src=\"\/wp-content\/themes\/drmoein\/cache\/542bfde6c7abc0b45cfc18961e5d0d49.webp\" src=\"data:image\/gif;base64,R0lGODdhAQABAPAAAMPDwwAAACwAAAAAAQABAAACAkQBADs=\"><\/div>\t\n<h2>\n\t\t\tBlepharoplasty Before and After\t<\/h2>\n<h2>WHY CHOOSE US<\/h2>\n<ul>\n<li>Babak Moein is board-certified in comprehensive cosmetic aesthetic surgery, minimally invasive surgery, and general surgery and has years of experience helping men and women throughout the Los Angeles area and beyond achieve their body and beauty goals.<\/li>\n<li>Moein is the only Southern California dual fellowship surgeon trained in minimally invasive and cosmetic aesthetic and <a href=\"https:\/\/healthylifebariatrics.com\/body-contouring\/\" rel=\"noopener\">body contouring surgery<\/a>.<\/li>\n<li>At Moein Surgical Arts, our primary focus is to provide excellent service and optimal results for every patient. Dr. Moein and his highly trained surgical team will provide you with individualized care to ensure you get the results you are looking for.<\/li>\n<\/ul>\n<p>If you would like to learn more about eyelid surgery, you can call us online or call our office today at <a href=\"tel:+13104558020\">310-455-8020<\/a> to schedule your one-on-one consultation with Dr. Moein.<\/p>\n<h2>WHAT IS EYELID SURGERY?<\/h2>\n<p>Eyelid surgery, or eye lift or blepharoplasty, removes sagging skin above and below the eyelid, revealing a refreshed, youthful appearance. The benefits of eyelid surgery can be experienced by people of all ages who are not only looking to smooth out their wrinkles or crow\u2019s feet but are seeking to fix drooping eyelids to help dispel discomfort and improve their vision. If your eyes make you look more tired than you are, or if <a href=\"https:\/\/moeinsurgicalarts.com\/med-spa-services\/attiva-skin-tightening-los-angeles-ca\/\">sagging skin<\/a> is getting in the way of your vision, upper eyelid surgery may be right for you.<\/p>\n<p><strong>Common issues that can be improved by eyelid surgery include:<\/strong><\/p>\n<ul>\n<li>Puffiness caused by fat deposits.<\/li>\n<li>Undereye bags.<\/li>\n<li>Loose, sagging excess skin can cause wrinkling or even impair vision on the upper and lower eyelids.<\/li>\n<\/ul>\n<h2>GOOD CANDIDATES FOR EYELID SURGERY<\/h2>\n<p>Ideal candidates for an eyelid lift are men and women in good overall health but are unhappy with the appearance of unwanted excess eyelid skin and tissue. To achieve the best results, it\u2019s best not to smoke or quit smoking at least 6 to 8 weeks before and after your surgery. The best candidates should fully understand the intentions of the eyelid procedure and have realistic expectations for their results.<\/p>\n<p>Eyelid surgery can help men and women achieve many goals, from aesthetic appearance to functionality. Whether you want to address aesthetic or functional concerns due to excess eyelid tissue, eyelid surgery can be an excellent choice.<\/p>\n<p>Blepharoplasty treats sagging skin around the eyes. If you have other facial concerns, Dr. Moein may suggest combining your eyelid surgery with <a href=\"https:\/\/moeinsurgicalarts.com\/med-spa-services\/\">non-surgical treatments<\/a> like <a href=\"https:\/\/moeinsurgicalarts.com\/med-spa-services\/forma\/\">laser skin rejuvenatio<\/a>n or dermal fillers to address fine lines and wrinkles. A forehead lift is another standard procedure that is often paired with blepharoplasty. Dr. Moein can help you develop a comprehensive treatment plan for your needs.<\/p>\n\t<div class=\"lazyvideo\" data-url=\"https:\/\/www.youtube.com\/embed\/ShTk7WWuNoI\"><img style=\"height:100%;\" loading=\"lazy\" alt=\"video\" src=\"\/wp-content\/themes\/drmoein\/cache\/ec34da09f7f254df1ffa3a024217e24c.webp\"><\/div>\n\t\t\t\t<img decoding=\"async\" src=\"https:\/\/moeinsurgicalarts.com\/wp-content\/uploads\/2023\/03\/border-bg-copia.webp\" alt=\"Space line\" itemprop=\"image\" height=\"37\" width=\"802\" title=\"border-bg copia\" onerror=\"this.style.display='none'\" loading=\"lazy\">\n<h2>SCHEDULE A<br>\nCONSULTATION<\/h2>\nTo find out more about\u00a0<strong>DR BABAK MOEIN.<\/strong>\u00a0We advise you to request a consultation online. If you prefer, you are more than welcome to call our office<br>\nto schedule your appointment.\n<p><a href=\"tel:+1-310-455-8020\">310 455 8020<\/a><\/p>\n\t\t\t\t<a href=\"https:\/\/moeinsurgicalarts.com\/contact-cosmetic-surgeon\/\" target=\"_blank\" rel=\"noopener\" itemprop=\"url\">\n\t\t\t\t<img decoding=\"async\" src=\"https:\/\/moeinsurgicalarts.com\/wp-content\/uploads\/2023\/03\/contact-us-copia.webp\" alt=\"Logo design for a body contouring contact us page, featuring a white background.\" itemprop=\"image\" height=\"102\" width=\"397\" title=\"Logo design for a body contouring contact us page, featuring a white background.\" onerror=\"this.style.display='none'\" loading=\"lazy\">\n\t\t\t\t<\/a>\n\t\t\t\t<img decoding=\"async\" src=\"https:\/\/moeinsurgicalarts.com\/wp-content\/uploads\/2023\/03\/border-bg-copia.webp\" alt=\"Space line\" itemprop=\"image\" height=\"37\" width=\"802\" title=\"border-bg copia\" onerror=\"this.style.display='none'\" loading=\"lazy\">\n<h2>\n\t\t\tEYELID SURGERY OVERVIEW\t<\/h2>\n\t\t\t\t<img decoding=\"async\" src=\"https:\/\/moeinsurgicalarts.com\/wp-content\/uploads\/EYELID-SURGERY-OVERVIEW.webp\" alt=\"EYELID SURGERY OVERVIEW\" itemprop=\"image\" height=\"533\" width=\"800\" title=\"EYELID SURGERY OVERVIEW\" onerror=\"this.style.display='none'\" loading=\"lazy\">\n<p>Depending on the condition of your skin, your eyelid procedure may take as little as 1 hour or as many as 3 hours to complete. After the application of anesthesia, you will have two options for your incision for lower eyelid surgery.<\/p>\n<p>The traditional option is a small cut made below the lower eyelid\u2019s eyelash line. If you do not have issues with excess skin but specifically suffer from excess fatty deposits (bags), Dr. Moein can use a different incision called the transconjunctival incision. This is created on the inside of the lower lid, a location ideal for hiding any marks that result from the procedure.<\/p>\n<p>Once your incisions have been created, Dr. Moein will be free to alter the tissues in the area and create a younger, rejuvenated look for your lower lids. The incisions are closed using medical stitches or other dressings.<\/p>\n<p>For upper blepharoplasty,<a href=\"https:\/\/madeforthismoment.asahq.org\/anesthesia-101\/types-of-anesthesia\/ivmonitored-sedation\/\" rel=\"noopener\"> IV sedation<\/a> or general anesthesia is administered. The tissue is recontoured through a small incision, which will then be created in the natural crease of each patient\u2019s upper eyelid. The incision is closed with medical stitches, surgical tape, or skin adhesives. For patients undergoing a combination upper lid and lower lid blepharoplasty, these can be done during the same procedure and typically begin with the upper set of eyelids.<\/p>\n<h2>\n\t\t\tEYELID SURGERY RECOVERY &amp; RESULTS\t<\/h2>\n\t\t\t\t<img decoding=\"async\" src=\"https:\/\/moeinsurgicalarts.com\/wp-content\/uploads\/EYELID-SURGERY-RECOVERY-RESULTS.webp\" alt=\"EYELID SURGERY RECOVERY and RESULTS\" itemprop=\"image\" height=\"650\" width=\"800\" title=\"EYELID SURGERY RECOVERY and RESULTS\" onerror=\"this.style.display='none'\" loading=\"lazy\">\n\tAfter the procedure, you must have a friend or family member drive you home. This person should stay overnight to ensure you\u2019re cared for. Your blepharoplasty recovery will involve rest and limited activity for 7 to 10 days. You\u2019ll need to be gentle with the areas to help them heal faster and reduce the risk of complications. After this brief recovery period, most patients resume their regular schedule. Avoid your normal exercise routine until Dr. Moein has approved it. Sunglasses protect incisions from the sun and other elements during your recovery.\n<p>Although recovery and results vary from person to person, you can do a few things to encourage better healing and results. Make sure that you follow Dr. Moein\u2019s post-operative instructions carefully and avoid partaking in activities that could put pressure on your incision sites. Light walking is also an excellent tool to help you speed up your recovery.<\/p>\n<p>You can expect mild swelling and bruising to peak on the first day following surgery, then gradually subside as you heal. To help combat these side effects, we recommend you relax and apply cold compresses to the eyes and face for the first 24 to 48 hours following surgery. In 3 days to a week after the eyelid surgery, you\u2019ll be able to come back in to get stitches removed. By the 2-week mark, most patients find the majority of the bruising and swelling is gone.<\/p>\n<p>Dry eyes are a common side effect of blepharoplasty and can be treated with <a href=\"https:\/\/www.webmd.com\/drugs\/2\/drug-93194\/lubricant-eye\/details\" rel=\"noopener\">lubricating eye ointment<\/a>. While healing, stay away from extended television watching, computer use, and reading periods since these can dry out the eyes. The rejuvenating effects of your blepharoplasty can stay fresh for 5 to 7 years. Following a healthy diet and exercise plan can help you maintain the longevity of your results. As you age, you may experience the effects of natural skin laxity. Typically, eyelid surgery is a one-time procedure, and other facial cosmetic procedures are better suited to address subsequent age-related changes.<\/p>\n<h2>AVERAGE COST OF EYELID SURGERY<\/h2>\n<p>Upper blepharoplasty typically runs between $3,800 and $4,800. Lower blepharoplasty, which is slightly more involved, costs around $6,000 in most cases. At Moein Surgical Arts, Dr. Moein and his surgical team will <a href=\"https:\/\/moeinsurgicalarts.com\/fees-and-costs-for-cosmetic-surgery\/\">discuss your financial options with you<\/a>. We\u2019ll take great care to make sure you understand the cost of your procedure with zero unexpected expenses.<\/p>\n<h2>CONTACT US<\/h2>\n<p>To discuss eyelid surgery in greater detail with an experienced cosmetic surgeon, <a href=\"https:\/\/moeinsurgicalarts.com\/contact-cosmetic-surgeon\/\">contact us online<\/a> or call our office today at <a href=\"tel:+1-310-455-8020\">310-455-8020<\/a>\u00a0to arrange a one-on-one consultation with Dr. Babak Moein.<\/p>\n<h2>\n\t\t\tReferences\t<\/h2>\n\t1. Tseng, C.\u202fC., et al. (2022)<br>\nAssessing Patient Satisfaction Following Blepharoplasty Using Social Media Reviews<br>\nAmong 1,991 blepharoplasty reviews gathered from RealSelf, 93.7% were positive, with the majority praising bedside manner (48.2%), aesthetic results (46.1%), and overall comfort.<br>\n<a href=\"https:\/\/pubmed.ncbi.nlm.nih.gov\/34537846\/\" target=\"_blank\" rel=\"noopener\">(PubMed)<\/a>\n2. G\u00f3mez, V., Espinoza, J., L\u00f3pez, J., et al. (2020)<br>\nUpper Blepharoplasty Scar and Patient Satisfaction Evaluation<br>\nIn a cohort of 67 patients, a validated satisfaction index (PROM\u2011Q) at three months post-surgery demonstrated over 90% satisfaction, and scar quality assessed via POSAS was nearly imperceptible.<br>\n<a href=\"https:\/\/www.scirp.org\/journal\/paperinformation?paperid=100692&amp;utm_source=chatgpt.com\" target=\"_blank\" rel=\"noopener\">(SCIRP)<\/a>\n\t\t\t<a href=\"https:\/\/moeinsurgicalarts.com\/facial-cosmetic-procedure\/\" target=\"_blank\" rel=\"noopener\">\n\t\t\t\t\t\tFacial Cosmetic Procedure Videos\n\t\t\t\t\t<\/a>\n\n","protected":false},"excerpt":{"rendered":"<p>LOS ANGELES EYELID SURGERY Are you self-conscious of bags under your eyes? Wrinkles in your lower lids? Drooping upper eyelid skin that makes you look tired and maybe even gets in the way of your vision? If so, eyelid surgery may be your perfect solution. This procedure can correct bags under the eyes and hollowness, [&hellip;]<\/p>\n","protected":false},"author":7,"featured_media":45616,"parent":49861,"menu_order":0,"comment_status":"closed","ping_status":"closed","template":"","meta":{"footnotes":""},"class_list":["post-49851","page","type-page","status-publish","has-post-thumbnail","hentry"],"_links":{"self":[{"href":"https:\/\/moeinsurgicalarts.com\/es\/wp-json\/wp\/v2\/pages\/49851","targetHints":{"allow":["GET"]}}],"collection":[{"href":"https:\/\/moeinsurgicalarts.com\/es\/wp-json\/wp\/v2\/pages"}],"about":[{"href":"https:\/\/moeinsurgicalarts.com\/es\/wp-json\/wp\/v2\/types\/page"}],"author":[{"embeddable":true,"href":"https:\/\/moeinsurgicalarts.com\/es\/wp-json\/wp\/v2\/users\/7"}],"replies":[{"embeddable":true,"href":"https:\/\/moeinsurgicalarts.com\/es\/wp-json\/wp\/v2\/comments?post=49851"}],"version-history":[{"count":2,"href":"https:\/\/moeinsurgicalarts.com\/es\/wp-json\/wp\/v2\/pages\/49851\/revisions"}],"predecessor-version":[{"id":56684,"href":"https:\/\/moeinsurgicalarts.com\/es\/wp-json\/wp\/v2\/pages\/49851\/revisions\/56684"}],"up":[{"embeddable":true,"href":"https:\/\/moeinsurgicalarts.com\/es\/wp-json\/wp\/v2\/pages\/49861"}],"wp:featuredmedia":[{"embeddable":true,"href":"https:\/\/moeinsurgicalarts.com\/es\/wp-json\/wp\/v2\/media\/45616"}],"wp:attachment":[{"href":"https:\/\/moeinsurgicalarts.com\/es\/wp-json\/wp\/v2\/media?parent=49851"}],"curies":[{"name":"wp","href":"https:\/\/api.w.org\/{rel}","templated":true}]}}