{"id":49849,"date":"2023-10-25T02:23:53","date_gmt":"2023-10-25T09:23:53","guid":{"rendered":"https:\/\/moeinsurgicalarts.com\/autor-del-dr-moein\/"},"modified":"2025-09-09T22:09:42","modified_gmt":"2025-09-10T05:09:42","slug":"autor-del-dr-moein","status":"publish","type":"page","link":"https:\/\/moeinsurgicalarts.com\/es\/autor-del-dr-moein\/","title":{"rendered":"Autor del Dr. Moein"},"content":{"rendered":"\n<h2>\n\t\t\tSobre el Dr. Moein\t<\/h2>\n\t\t\t\t<img decoding=\"async\" src=\"https:\/\/moeinsurgicalarts.com\/wp-content\/uploads\/2022\/11\/Capture_0417-1.jpg\" alt=\"Dr. Moein author in Cosmetic surgrey\" itemprop=\"image\" title=\"Capture_0417\" onerror=\"this.style.display='none'\" loading=\"lazy\">\n\t<p>Dr. Babak Moeinolmolki aka El Dr. Moein es un cirujano altamente logrado con una amplia gama de conocimientos en el campo quir\u00fargico. Con m\u00e1s de 20 a\u00f1os de experiencia quir\u00fargica, es reconocido como l\u00edder en ambos <a href=\"https:\/\/healthylifebariatrics.com\/\" rel=\"noopener\" target=\"_blank\">Cirug\u00eda bari\u00e1trica<\/a> y <a href=\"\/\" rel=\"noopener\" target=\"_blank\">cirug\u00eda pl\u00e1stica cosm\u00e9tica.<\/a> Su viaje en el mundo de la medicina est\u00e1 marcado por la dedicaci\u00f3n, el aprendizaje continuo, y un fuerte compromiso y compasi\u00f3n hacia el cuidado paciente.<\/p>\n<h2>\n\t\t\tEducaci\u00f3n y capacitaci\u00f3n\t<\/h2>\n\t<p>El viaje acad\u00e9mico del Dr. Moein comenz\u00f3 en el prestigioso <a href=\"https:\/\/www.ucla.edu\/\" rel=\"noopener\" target=\"_blank\">UCLA<\/a>, donde persegu\u00eda un t\u00edtulo en Microbiolog\u00eda y Gen\u00e9tica Molecular gradu\u00e1ndose con Honores. Su sed de conocimiento entonces lo llev\u00f3 a <a href=\"https:\/\/smhs.gwu.edu\/\" rel=\"noopener\" target=\"_blank\">George Washington University Medical School<\/a> en Washington DC, donde complet\u00f3 su educaci\u00f3n m\u00e9dica. Esta s\u00f3lida base en la ciencia m\u00e9dica sent\u00f3 las bases para sus logros futuros.Despu\u00e9s de la escuela de medicina, el Dr. Moein emprendi\u00f3 una residencia quir\u00fargica rigurosa en la <a href=\"https:\/\/www.medstarhealth.org\/education\/residency-programs\/general-surgery-washington-dc\" rel=\"noopener\" target=\"_blank\">Programa de Cirug\u00eda General de la Universidad Georgetown<\/a>. Fue durante este tiempo que perfeccion\u00f3 sus habilidades quir\u00fargicas y desarroll\u00f3 una pasi\u00f3n por la cirug\u00eda m\u00ednimamente invasiva y la cirug\u00eda bari\u00e1trica. Despu\u00e9s de completar su residencia, \u00e9l <a href=\"#\" rel=\"noopener\" target=\"_blank\">certificaci\u00f3n de tableros logrados en Cirug\u00eda General<\/a>, un testamento a su experiencia en el campo.<\/p>\n<h2>\n\t\t\tDr. Moein autor y experto en cirug\u00eda cosm\u00e9tica\t<\/h2>\n\t<p>La dedicaci\u00f3n del Dr. Moein para mejorar la vida de sus pacientes no se detuvo con el entrenamiento de cirug\u00eda bari\u00e1trica. Prosigui\u00f3 sus habilidades realizando una distinguida beca en la <a href=\"https:\/\/www.cosmeticsurgery.org\/\" rel=\"noopener\" target=\"_blank\">American Academy of Cosmetic Surgery<\/a>y <a href=\"https:\/\/www.cosmeticsurgery.org\/page\/BoardCertification\" rel=\"noopener\">ser certificado <\/a>en este campo especializado. Esta doble experiencia en cirug\u00eda bari\u00e1trica y cosm\u00e9tica lo distingue como cirujano que puede proporcionar soluciones integrales a los pacientes que buscan mejorar su salud y apariencia sin fragmentaci\u00f3n de su atenci\u00f3n. Este conjunto \u00fanico de habilidades lo ha habilitado para apoyar el viaje de p\u00e9rdida de peso de su paciente desde su inicio hasta la terminaci\u00f3n en lo que ha acu\u00f1ado el 360CarePlan.<\/p>\n<h2>\n\t\t\tCompromiso con la atenci\u00f3n al paciente\t<\/h2>\n\t<p>M\u00e1s all\u00e1 de sus impresionantes calificaciones, el Dr. Moein es conocido por su compromiso inquebrantable con el bienestar del paciente. Tiene posiciones sobre el personal m\u00e9dico en m\u00faltiples hospitales y centros de cirug\u00eda, asegurando que sus pacientes tengan acceso a atenci\u00f3n de alta calidad en diversos entornos. Adem\u00e1s, extiende su experiencia a pacientes indigentes, tanto dentro de los Estados Unidos como en el extranjero a trav\u00e9s de misiones m\u00e9dicas, proporcionando servicios m\u00e9dicos <a href=\"https:\/\/www.surgicalvolunteers.org\/\" rel=\"noopener\" target=\"_blank\">Atenci\u00f3n quir\u00fargica voluntaria<\/a> .<\/p>\n<h2>\n\t\t\tEducaci\u00f3n\t<\/h2>\n\t<p>La dedicaci\u00f3n del Dr. Moein a la educaci\u00f3n va m\u00e1s all\u00e1 del quir\u00f3fano. Comparte activamente sus conocimientos e ideas a trav\u00e9s de m\u00faltiples blogs, publicaciones para invitados y un canal de YouTube dedicado a prop\u00f3sitos educativos. Este compromiso de difundir informaci\u00f3n no s\u00f3lo muestra su autoridad sobre el terreno, sino que tambi\u00e9n refleja su deseo genuino de empoderar a los pacientes con valiosa informaci\u00f3n para ayudarles a tomar decisiones informadas. El Dr. Moein tambi\u00e9n es parte del programa de profesores y precepturas docentes en <a href=\"https:\/\/osteopathic.chsu.edu\/\" rel=\"noopener\" target=\"_blank\">California Health Sciences University College of Osteopathic Medicine.<\/a><\/p>\n<h2>\n\t\t\tEnfoque quir\u00fargico actual\t<\/h2>\n\t<p>Actualmente, el \u00e9nfasis quir\u00fargico del Dr. Moein est\u00e1 en dos \u00e1reas clave: cirug\u00eda pl\u00e1stica cosm\u00e9tica y cirug\u00eda bari\u00e1trica. Esta especializaci\u00f3n le permite ofrecer a los pacientes soluciones transformadoras tanto para su salud como para sus objetivos est\u00e9ticos.<\/p>\n<h2>\n\t\t\tMEMBERSHIPS\t<\/h2>\n\t\t\t<a href=\"https:\/\/www.cosmeticsurgery.org\/default.aspx\" target=\"_self\" rel=\"noopener\">\n\t\t\t\t\t\t\tAmerican Academy of Cosmetic Surgery \n\t\t\t\t\t<\/a>\n\t\t\t<a href=\"https:\/\/www.absurgery.org\/?abouthome\" target=\"_self\" rel=\"noopener\">\n\t\t\t\t\t\t\tAmerican Board of General Surgery\n\t\t\t\t\t<\/a>\n\t\t\t<a href=\"https:\/\/www.facs.org\/\" target=\"_self\" rel=\"noopener\">\n\t\t\t\t\t\t\tAmerican College of Surgeons\n\t\t\t\t\t<\/a>\n\t\t\t<a href=\"https:\/\/calcosmeticsurgery.org\/\" target=\"_self\" rel=\"noopener\">\n\t\t\t\t\t\t\tCalifornia Academy of Cosmetic Surgery\n\t\t\t\t\t<\/a>\n\n","protected":false},"excerpt":{"rendered":"<p>Sobre el Dr. Moein Dr. Babak Moeinolmolki aka El Dr. Moein es un cirujano altamente logrado con una amplia gama de conocimientos en el campo quir\u00fargico. Con m\u00e1s de 20 a\u00f1os de experiencia quir\u00fargica, es reconocido como l\u00edder en ambos Cirug\u00eda bari\u00e1trica y cirug\u00eda pl\u00e1stica cosm\u00e9tica. Su viaje en el mundo de la medicina est\u00e1 [&hellip;]<\/p>\n","protected":false},"author":7,"featured_media":45558,"parent":0,"menu_order":0,"comment_status":"closed","ping_status":"closed","template":"","meta":{"footnotes":""},"class_list":["post-49849","page","type-page","status-publish","has-post-thumbnail","hentry"],"_links":{"self":[{"href":"https:\/\/moeinsurgicalarts.com\/es\/wp-json\/wp\/v2\/pages\/49849","targetHints":{"allow":["GET"]}}],"collection":[{"href":"https:\/\/moeinsurgicalarts.com\/es\/wp-json\/wp\/v2\/pages"}],"about":[{"href":"https:\/\/moeinsurgicalarts.com\/es\/wp-json\/wp\/v2\/types\/page"}],"author":[{"embeddable":true,"href":"https:\/\/moeinsurgicalarts.com\/es\/wp-json\/wp\/v2\/users\/7"}],"replies":[{"embeddable":true,"href":"https:\/\/moeinsurgicalarts.com\/es\/wp-json\/wp\/v2\/comments?post=49849"}],"version-history":[{"count":2,"href":"https:\/\/moeinsurgicalarts.com\/es\/wp-json\/wp\/v2\/pages\/49849\/revisions"}],"predecessor-version":[{"id":54468,"href":"https:\/\/moeinsurgicalarts.com\/es\/wp-json\/wp\/v2\/pages\/49849\/revisions\/54468"}],"wp:featuredmedia":[{"embeddable":true,"href":"https:\/\/moeinsurgicalarts.com\/es\/wp-json\/wp\/v2\/media\/45558"}],"wp:attachment":[{"href":"https:\/\/moeinsurgicalarts.com\/es\/wp-json\/wp\/v2\/media?parent=49849"}],"curies":[{"name":"wp","href":"https:\/\/api.w.org\/{rel}","templated":true}]}}