{"id":49837,"date":"2018-05-09T07:30:43","date_gmt":"2018-05-09T14:30:43","guid":{"rendered":"https:\/\/moeinsurgicalarts.com\/procedimientos-corporales\/levantamiento-de-gluteos-sculptra-los-angeles\/"},"modified":"2025-08-21T06:01:35","modified_gmt":"2025-08-21T13:01:35","slug":"levantamiento-de-gluteos-sculptra-los-angeles","status":"publish","type":"page","link":"https:\/\/moeinsurgicalarts.com\/es\/procedimientos-corporales\/levantamiento-de-gluteos-sculptra-los-angeles\/","title":{"rendered":"Sculptra Levantamiento de Gl\u00fateos Los \u00c1ngeles"},"content":{"rendered":"\n<h2>\n\t\t\tLEVANTAMIENTO DE GL\u00daTEOS SCULPTRA EN LOS \u00c1NGELES\t<\/h2>\n<p>\u00bfSo\u00f1ando con los resultados de un levantamiento de gl\u00fateos, pero no quieres pasar por el quir\u00f3fano? Presentamos el <strong>Levantamiento de Gl\u00fateos Sculptra<\/strong>, el \u00fanico procedimiento no quir\u00fargico y no invasivo comprobado para realzar tu trasero solo usando inyecciones de relleno. Esta tecnolog\u00eda revolucionaria permite resultados significativos sin implantes o incisiones. Sculptra tiene una serie de ventajas sobre la <a href=\"https:\/\/moeinsurgicalarts.com\/sculptra-butt-lift-vs-traditional-butt-lift\/\">augmentaci\u00f3n de gl\u00fateos tradicional<\/a> o los implantes:<\/p>\n\n\n\n\n\n\n\n\n\n<h2>BENEFICIOS DEL LEVANTAMIENTO DE GL\u00daTEOS CON SCULPTRA<\/h2>\n\n<ul>\n<li>Sencillo \u2013 No invasivo. No se involucran incisiones, implantes o cirug\u00edas.<\/li>\n<li>R\u00e1pido \u2013 Sin tiempo de inactividad. Entrar\u00e1s y saldr\u00e1s en minutos.<\/li>\n<li>Probado \u2013 Ingrediente principal aprobado por la FDA desde 2004.<\/li>\n<\/ul>\n\n<p>Si est\u00e1s buscando una soluci\u00f3n de relleno para un trasero m\u00e1s grande, \u00a1est\u00e1 aqu\u00ed! Sculptra es una alternativa al <a href=\"https:\/\/moeinsurgicalarts.com\/es\/procedimientos-corporales\/levantamiento-de-gluteos-brasileno-en-los-angeles-ca\/\">Levantamiento de Gl\u00fateos Brasile\u00f1o<\/a> y no involucra implantes ni transferencia de grasa. Este procedimiento sencillo simplemente implica inyectar Sculptra, un relleno que produce col\u00e1geno, en el <a href=\"https:\/\/moeinsurgicalarts.com\/buttock-augmentation-procedures\/\">\u00e1rea de los gl\u00fateos<\/a> para estimular la producci\u00f3n de tu propio relleno natural. Este procedimiento es no invasivo y sin incisiones.<\/p>\n\t\t\t\t<img decoding=\"async\" src=\"https:\/\/moeinsurgicalarts.com\/wp-content\/uploads\/2023\/03\/border-bg-copia.webp\" alt=\"Space line\" itemprop=\"image\" height=\"37\" width=\"802\" title=\"border-bg copia\" onerror=\"this.style.display='none'\" loading=\"lazy\">\n<h2>PROGRAMA UNA<br>\nCONSULTA<\/h2>\n\nPara obtener m\u00e1s informaci\u00f3n sobre <strong>DR BABAK MOEIN.<\/strong> Te recomendamos solicitar una consulta en l\u00ednea. Si lo prefieres, eres m\u00e1s que bienvenido a llamar a nuestra oficina<br>\npara programar tu cita.\n\n<p><a href=\"tel:+1-310-683-4634\">310 683 4634<\/a><\/p>\n\t\t\t\t<a href=\"https:\/\/moeinsurgicalarts.com\/es\/contactar-con-el-cirujano-estetico\/\" target=\"_blank\" rel=\"noopener\" itemprop=\"url\">\n\t\t\t\t<img decoding=\"async\" src=\"https:\/\/moeinsurgicalarts.com\/wp-content\/uploads\/2023\/03\/contact-us-copia.webp\" alt=\"Logo design for a body contouring contact us page, featuring a white background.\" itemprop=\"image\" height=\"102\" width=\"397\" title=\"Logo design for a body contouring contact us page, featuring a white background.\" onerror=\"this.style.display='none'\" loading=\"lazy\">\n\t\t\t\t<\/a>\n\t\t\t\t<img decoding=\"async\" src=\"https:\/\/moeinsurgicalarts.com\/wp-content\/uploads\/2023\/03\/border-bg-copia.webp\" alt=\"Space line\" itemprop=\"image\" height=\"37\" width=\"802\" title=\"border-bg copia\" onerror=\"this.style.display='none'\" loading=\"lazy\">\n<h2>\n\t\t\t\u00bfC\u00f3mo son diferentes los Levantamientos de Gl\u00fateos, los Levantamientos de Gl\u00fateos Brasile\u00f1os y los Levantamientos de Gl\u00fateos Sculptra y qu\u00e9 puedes esperar despu\u00e9s de la cirug\u00eda?\t<\/h2>\n<h2>\u00bfQU\u00c9 ES EXACTAMENTE SCULPTRA?<\/h2>\n\n<p>Sculptra est\u00e1 hecho de \u00e1cido polil\u00e1ctico. Como tratamiento inyectable, estimula la producci\u00f3n de col\u00e1geno natural de tu cuerpo. Fue desarrollado inicialmente para las mejillas de tu rostro y ahora est\u00e1 disponible para tus otras mejillas. A diferencia de los rellenos de \u00e1cido hialur\u00f3nico que llenan tu cuerpo utilizando el volumen de la sustancia extra\u00f1a, se utiliza una peque\u00f1a cantidad de Sculptra para desencadenar el mecanismo de producci\u00f3n de col\u00e1geno natural de tu propio cuerpo. Dado que el principal ingrediente de Sculptra ha sido confiable y utilizado durante m\u00e1s de 20 a\u00f1os en productos quir\u00fargicos, puedes confiar en Sculptra para darte de manera segura los resultados que deseas.<\/p>\n\n<h2>\u00bfES EL LEVANTAMIENTO DE GL\u00daTEOS CON SCULPTRA ADECUADO PARA TI?<\/h2>\n\n<p>No todos los cuerpos son iguales. No todas las metas corporales son iguales. Deja que los especialistas de Moein Surgical Arts te ayuden a ver qu\u00e9 procedimientos son adecuados para tus metas espec\u00edficas. Si est\u00e1s considerando opciones y alternativas de levantamiento de gl\u00fateos,\u00a0<a href=\"https:\/\/moeinsurgicalarts.com\/es\/mejor-cirujano-estetico-de-los-angeles\/\"><strong>llama<\/strong>\u00a0<strong>a Moein Surgical Arts<\/strong>\u00a0<\/a><strong>hoy para una consulta telef\u00f3nica sin riesgos<\/strong>.<\/p>\n\n","protected":false},"excerpt":{"rendered":"<p>LEVANTAMIENTO DE GL\u00daTEOS SCULPTRA EN LOS \u00c1NGELES \u00bfSo\u00f1ando con los resultados de un levantamiento de gl\u00fateos, pero no quieres pasar por el quir\u00f3fano? Presentamos el Levantamiento de Gl\u00fateos Sculptra, el \u00fanico procedimiento no quir\u00fargico y no invasivo comprobado para realzar tu trasero solo usando inyecciones de relleno. Esta tecnolog\u00eda revolucionaria permite resultados significativos sin implantes [&hellip;]<\/p>\n","protected":false},"author":7,"featured_media":45665,"parent":47887,"menu_order":0,"comment_status":"closed","ping_status":"closed","template":"","meta":{"footnotes":""},"class_list":["post-49837","page","type-page","status-publish","has-post-thumbnail","hentry"],"_links":{"self":[{"href":"https:\/\/moeinsurgicalarts.com\/es\/wp-json\/wp\/v2\/pages\/49837","targetHints":{"allow":["GET"]}}],"collection":[{"href":"https:\/\/moeinsurgicalarts.com\/es\/wp-json\/wp\/v2\/pages"}],"about":[{"href":"https:\/\/moeinsurgicalarts.com\/es\/wp-json\/wp\/v2\/types\/page"}],"author":[{"embeddable":true,"href":"https:\/\/moeinsurgicalarts.com\/es\/wp-json\/wp\/v2\/users\/7"}],"replies":[{"embeddable":true,"href":"https:\/\/moeinsurgicalarts.com\/es\/wp-json\/wp\/v2\/comments?post=49837"}],"version-history":[{"count":0,"href":"https:\/\/moeinsurgicalarts.com\/es\/wp-json\/wp\/v2\/pages\/49837\/revisions"}],"up":[{"embeddable":true,"href":"https:\/\/moeinsurgicalarts.com\/es\/wp-json\/wp\/v2\/pages\/47887"}],"wp:featuredmedia":[{"embeddable":true,"href":"https:\/\/moeinsurgicalarts.com\/es\/wp-json\/wp\/v2\/media\/45665"}],"wp:attachment":[{"href":"https:\/\/moeinsurgicalarts.com\/es\/wp-json\/wp\/v2\/media?parent=49837"}],"curies":[{"name":"wp","href":"https:\/\/api.w.org\/{rel}","templated":true}]}}