{"id":49802,"date":"2023-03-27T06:53:53","date_gmt":"2023-03-27T13:53:53","guid":{"rendered":"https:\/\/moeinsurgicalarts.com\/videos-de-procedimientos-plasticos-cosmeticos-corporales\/"},"modified":"2025-08-21T05:55:25","modified_gmt":"2025-08-21T12:55:25","slug":"videos-de-procedimientos-plasticos-cosmeticos-corporales","status":"publish","type":"page","link":"https:\/\/moeinsurgicalarts.com\/es\/videos-de-procedimientos-plasticos-cosmeticos-corporales\/","title":{"rendered":"Videos de Procedimientos Cosm\u00e9ticos de Cirug\u00eda Pl\u00e1stica Corporal"},"content":{"rendered":"\n\n<nav aria-label=\"breadcrumbs\" class=\"rank-math-breadcrumb\"><p><span class=\"last\">Home<\/span><\/p><\/nav>\n<h2>\n\t\tIntroduction Body Cosmetic Plastic Procedures\n\t<\/h2>\n\t\t\t<a href=\"#liposuction\" target=\"_self\">\n\t\t\t\t\t\t\tLiposuction\n\t\t\t\t\t<\/a>\n\t\t\t<a href=\"#vaser-liposuction\" target=\"_self\">\n\t\t\t\t\t\t\tVaser Liposuction\n\t\t\t\t\t<\/a>\n\t\t\t<a href=\"#tummy-tuck\" target=\"_self\">\n\t\t\t\t\t\t\tTummy Tuck\n\t\t\t\t\t<\/a>\n\t\t\t<a href=\"#mommy-makeover\" target=\"_self\">\n\t\t\t\t\t\t\tMommy Makeover\n\t\t\t\t\t<\/a>\n\t\t\t<a href=\"#but-implants\" target=\"_self\">\n\t\t\t\t\t\t\tButt Implants\n\t\t\t\t\t<\/a>\n\t\t\t<a href=\"#brazillian-butt-lift\" target=\"_self\">\n\t\t\t\t\t\t\tBrazillian Butt Lift\n\t\t\t\t\t<\/a>\n\t\t\t<a href=\"#arm-lift\" target=\"_self\">\n\t\t\t\t\t\t\tArm Lift\n\t\t\t\t\t<\/a>\n<h2>\n\t\t<a href=\"https:\/\/moeinsurgicalarts.com\/es\/procedimientos-corporales\/liposuccion-los-angeles\/\" title=\"liposuction\" target=\"_self\">\n\t\tliposuction\n\t\t<\/a>\n\t<\/h2>\n\t<div class=\"lazyvideo\" data-url=\"https:\/\/www.youtube.com\/embed\/-ka-4cKEYaM?si=uCar8H7ujt95gyx0\"><img style=\"height:100%;\" loading=\"lazy\" alt=\"video\" src=\"\/wp-content\/themes\/drmoein\/cache\/66261cf600d1c55b0f19b4e09f1089b1.webp\"><\/div>\n\t<div class=\"lazyvideo\" data-url=\"https:\/\/www.youtube.com\/embed\/ophxxFO8h_M?si=EXZOFLVk0CI0UMe-\"><img style=\"height:100%;\" loading=\"lazy\" alt=\"video\" src=\"\/wp-content\/themes\/drmoein\/cache\/6be25b9c7a20f6ad8e689e2c6d3ec8bb.webp\"><\/div>\n\t<div class=\"lazyvideo\" data-url=\"https:\/\/www.youtube.com\/embed\/sqYEVl2XZ74?si=rabA4zMFhIrB02UU\"><img style=\"height:100%;\" loading=\"lazy\" alt=\"video\" src=\"\/wp-content\/themes\/drmoein\/cache\/c3dd85bf62ff3792d0d44de58a23752b.webp\"><\/div>\n\t<div class=\"lazyvideo\" data-url=\"https:\/\/www.youtube.com\/embed\/JoSV2crAEoo?si=wRUH48iAAvFlLfpd\"><img style=\"height:100%;\" loading=\"lazy\" alt=\"video\" src=\"\/wp-content\/themes\/drmoein\/cache\/32aa0f2907f8025948924a090be1e160.webp\"><\/div>\n\t<div class=\"lazyvideo\" data-url=\"https:\/\/www.youtube.com\/embed\/y_X1kUVWeKc?si=q36yzEgnUnAgpePk\"><img style=\"height:100%;\" loading=\"lazy\" alt=\"video\" src=\"\/wp-content\/themes\/drmoein\/cache\/7b59b1f96c518ab2bfcfd9e6135c0693.webp\"><\/div>\n\t<div class=\"lazyvideo\" data-url=\"https:\/\/www.youtube.com\/embed\/WCiaMtX7sCA?si=9z0AHRVrZ3t4HdNx\"><img style=\"height:100%;\" loading=\"lazy\" alt=\"video\" src=\"\/wp-content\/themes\/drmoein\/cache\/2a37ca4281958cb5d9281d5eed059e38.webp\"><\/div>\n\t<div class=\"lazyvideo\" data-url=\"https:\/\/www.youtube.com\/embed\/uYuen5nKDaQ?si=GZN7pNGoMyUq8vgJ\"><img style=\"height:100%;\" loading=\"lazy\" alt=\"video\" src=\"\/wp-content\/themes\/drmoein\/cache\/e44794c668cb188f65b03df1eda9dd65.webp\"><\/div>\n<h2>\n\t\tvaser liposuction\n\t<\/h2>\n\t<div class=\"lazyvideo\" data-url=\"https:\/\/www.youtube.com\/embed\/iNYPCWRl1kw?si=dntb6XXwv6dY50bS\"><img style=\"height:100%;\" loading=\"lazy\" alt=\"video\" src=\"\/wp-content\/themes\/drmoein\/cache\/803d43bbdd87e60b053f69e298f95d3a.webp\"><\/div>\n\t<div class=\"lazyvideo\" data-url=\"https:\/\/www.youtube.com\/embed\/sOM-heaI7gE?si=WDlKcS7qbQLAhaEm\"><img style=\"height:100%;\" loading=\"lazy\" alt=\"video\" src=\"\/wp-content\/themes\/drmoein\/cache\/82d905d347a4fc52b667523ed15a8db7.webp\"><\/div>\n\t<div class=\"lazyvideo\" data-url=\"https:\/\/www.youtube.com\/embed\/sOM-heaI7gE?si=TTRDb8c6teCQWpxv\"><img style=\"height:100%;\" loading=\"lazy\" alt=\"video\" src=\"\/wp-content\/themes\/drmoein\/cache\/82d905d347a4fc52b667523ed15a8db7.webp\"><\/div>\n<h2>\n\t\t<a href=\"https:\/\/healthylifebariatrics.com\/tummy-tuck-and-abdominal-skin-tightening\/\" title=\"Tummy Tuck\" target=\"_self\" rel=\"noopener\">\n\t\tTummy Tuck\n\t\t<\/a>\n\t<\/h2>\n\t<div class=\"video-container\"><div class=\"video-item\"><div class=\"lazyvideo\" data-url=\"https:\/\/www.youtube.com\/embed\/Pon1zsapm-c\"><img style=\"height:100%;\" loading=\"lazy\" alt=\"video\" src=\"\/wp-content\/themes\/drmoein\/cache\/63ba55e645bf5dd474ddaa406d575080.webp\"><\/div><\/div><div class=\"video-item\"><div class=\"lazyvideo\" data-url=\"https:\/\/www.youtube.com\/embed\/WCiaMtX7sCA\"><img style=\"height:100%;\" loading=\"lazy\" alt=\"video\" src=\"\/wp-content\/themes\/drmoein\/cache\/2a37ca4281958cb5d9281d5eed059e38.webp\"><\/div><\/div><div class=\"video-item\"><div class=\"lazyvideo\" data-url=\"https:\/\/www.youtube.com\/embed\/oYJSm69U07g\"><img style=\"height:100%;\" loading=\"lazy\" alt=\"video\" src=\"\/wp-content\/themes\/drmoein\/cache\/562a70812365d5339cfbe2a626fbd8e0.webp\"><\/div><\/div><div class=\"video-item\"><div class=\"lazyvideo\" data-url=\"https:\/\/www.youtube.com\/embed\/uYuen5nKDaQ\"><img style=\"height:100%;\" loading=\"lazy\" alt=\"video\" src=\"\/wp-content\/themes\/drmoein\/cache\/e44794c668cb188f65b03df1eda9dd65.webp\"><\/div><\/div><div class=\"video-item\"><div class=\"lazyvideo\" aria-label=\"Play video\" data-url=\"https:\/\/player.understand.com\/drmoein\/en\/980e7aef-30f9-44ef-aba8-6a8d719fe8fc\/821d9ae4-fd55-4dbb-8d21-2cf0813f6cbc?pauseFirstStep=1\"><img loading=\"lazy\" alt=\"video\" style=\"height:100%;\" data-src=\"\/wp-content\/themes\/drmoein\/cache\/547df496ab0ab4a7306489f243cf87c2.webp\" src=\"data:image\/gif;base64,R0lGODdhAQABAPAAAMPDwwAAACwAAAAAAQABAAACAkQBADs=\"><\/div><\/div><div class=\"video-item\"><div class=\"lazyvideo\" data-url=\"https:\/\/player.vimeo.com\/video\/710479964?h=3ab4adbaa0\"><img style=\"height:100%;\" loading=\"lazy\" alt=\"video\" src=\"https:\/\/vumbnail.com\/710479964.jpg\"><\/div><\/div><div class=\"video-item\"><div class=\"lazyvideo\" data-url=\"https:\/\/player.vimeo.com\/video\/710486669?h=1564cf8d85\"><img style=\"height:100%;\" loading=\"lazy\" alt=\"video\" src=\"https:\/\/vumbnail.com\/710486669.jpg\"><\/div><\/div><\/div>\n<h2>\n\t\tMommy Makeover\n\t<\/h2>\n\t<div class=\"video-container\"><div class=\"video-item\"><div class=\"lazyvideo\" aria-label=\"Play video\" data-url=\"https:\/\/player.understand.com\/drmoein\/en\/980e7aef-30f9-44ef-aba8-6a8d719fe8fc\/26df423d-0124-4577-b609-d8fb4ac15673?pauseFirstStep=1\"><img loading=\"lazy\" alt=\"video\" style=\"height:100%;\" data-src=\"\/wp-content\/themes\/drmoein\/cache\/ea395faf95832bc259db6f4691cf8bca.webp\" src=\"data:image\/gif;base64,R0lGODdhAQABAPAAAMPDwwAAACwAAAAAAQABAAACAkQBADs=\"><\/div><\/div><\/div>\n<h2>\n\t\tButt Implants\n\t<\/h2>\n\t<div class=\"video-container\"><div class=\"video-item\"><div class=\"lazyvideo\" aria-label=\"Play video\" data-url=\"https:\/\/player.understand.com\/drmoein\/en\/980e7aef-30f9-44ef-aba8-6a8d719fe8fc\/095645fa-0312-4e8a-97c2-445c3ff1176f?pauseFirstStep=1\"><img loading=\"lazy\" alt=\"video\" style=\"height:100%;\" data-src=\"https:\/\/content-files.understand.com\/70209136-5150-4066-91c5-f3bc8235e2b3.webp\" src=\"data:image\/gif;base64,R0lGODdhAQABAPAAAMPDwwAAACwAAAAAAQABAAACAkQBADs=\"><\/div><\/div><\/div>\n<h2>\n\t\tBrazilian Butt Lift\n\t<\/h2>\n\t<div class=\"video-container\"><div class=\"video-item\"><div class=\"lazyvideo\" data-url=\"https:\/\/www.youtube.com\/embed\/6iHk0WRzUVA\"><img style=\"height:100%;\" loading=\"lazy\" alt=\"video\" src=\"\/wp-content\/themes\/drmoein\/cache\/d4883fb8d4281147eac7c0ea0f967f08.webp\"><\/div><\/div><div class=\"video-item\"><div class=\"lazyvideo\" aria-label=\"Play video\" data-url=\"https:\/\/player.understand.com\/drmoein\/en\/980e7aef-30f9-44ef-aba8-6a8d719fe8fc\/41b17236-6418-43a8-9ddc-bf7c9aa82c2b?pauseFirstStep=1\"><img loading=\"lazy\" alt=\"video\" style=\"height:100%;\" data-src=\"\/wp-content\/themes\/drmoein\/cache\/cd92ff095add62af58d2c19976fc5e11.webp\" src=\"data:image\/gif;base64,R0lGODdhAQABAPAAAMPDwwAAACwAAAAAAQABAAACAkQBADs=\"><\/div><\/div><div class=\"video-item\"><div class=\"lazyvideo\" data-url=\"https:\/\/player.vimeo.com\/video\/715236185?h=0b63cb6104\"><img style=\"height:100%;\" loading=\"lazy\" alt=\"video\" src=\"https:\/\/vumbnail.com\/715236185.jpg\"><\/div><\/div><div class=\"video-item\"><div class=\"lazyvideo\" data-url=\"https:\/\/player.vimeo.com\/video\/710493724?h=72b24752b7\"><img style=\"height:100%;\" loading=\"lazy\" alt=\"video\" src=\"https:\/\/vumbnail.com\/710493724.jpg\"><\/div><\/div><\/div>\n<h2>\n\t\tArm Lift\n\t<\/h2>\n\t<div class=\"video-container\"><div class=\"video-item\"><div class=\"lazyvideo\" data-url=\"https:\/\/www.youtube.com\/embed\/Y648DeRRsE0\"><img style=\"height:100%;\" loading=\"lazy\" alt=\"video\" src=\"\/wp-content\/themes\/drmoein\/cache\/225ec93995ff1bc22411e937bea686ce.webp\"><\/div><\/div><div class=\"video-item\"><div class=\"lazyvideo\" data-url=\"https:\/\/www.youtube.com\/embed\/cG8Ljb41ZRc\"><img style=\"height:100%;\" loading=\"lazy\" alt=\"video\" src=\"\/wp-content\/themes\/drmoein\/cache\/0784ee8a928631b847d12b7aaed6846f.webp\"><\/div><\/div><div class=\"video-item\"><div class=\"lazyvideo\" data-url=\"https:\/\/www.youtube.com\/embed\/3QCdIATsZD4\"><img style=\"height:100%;\" loading=\"lazy\" alt=\"video\" src=\"\/wp-content\/themes\/drmoein\/cache\/fa1a2435b7551f54d8545200a7d67b4a.webp\"><\/div><\/div><\/div>\n\n","protected":false},"excerpt":{"rendered":"<p>Introduction Body Cosmetic Plastic Procedures Liposuction Vaser Liposuction Tummy Tuck Mommy Makeover Butt Implants Brazillian Butt Lift Arm Lift liposuction vaser liposuction Tummy Tuck Mommy Makeover Butt Implants Brazilian Butt Lift Arm Lift<\/p>\n","protected":false},"author":6,"featured_media":45980,"parent":0,"menu_order":0,"comment_status":"closed","ping_status":"closed","template":"","meta":{"footnotes":""},"class_list":["post-49802","page","type-page","status-publish","has-post-thumbnail","hentry"],"_links":{"self":[{"href":"https:\/\/moeinsurgicalarts.com\/es\/wp-json\/wp\/v2\/pages\/49802","targetHints":{"allow":["GET"]}}],"collection":[{"href":"https:\/\/moeinsurgicalarts.com\/es\/wp-json\/wp\/v2\/pages"}],"about":[{"href":"https:\/\/moeinsurgicalarts.com\/es\/wp-json\/wp\/v2\/types\/page"}],"author":[{"embeddable":true,"href":"https:\/\/moeinsurgicalarts.com\/es\/wp-json\/wp\/v2\/users\/6"}],"replies":[{"embeddable":true,"href":"https:\/\/moeinsurgicalarts.com\/es\/wp-json\/wp\/v2\/comments?post=49802"}],"version-history":[{"count":0,"href":"https:\/\/moeinsurgicalarts.com\/es\/wp-json\/wp\/v2\/pages\/49802\/revisions"}],"wp:featuredmedia":[{"embeddable":true,"href":"https:\/\/moeinsurgicalarts.com\/es\/wp-json\/wp\/v2\/media\/45980"}],"wp:attachment":[{"href":"https:\/\/moeinsurgicalarts.com\/es\/wp-json\/wp\/v2\/media?parent=49802"}],"curies":[{"name":"wp","href":"https:\/\/api.w.org\/{rel}","templated":true}]}}