{"id":49794,"date":"2023-03-24T12:42:53","date_gmt":"2023-03-24T19:42:53","guid":{"rendered":"https:\/\/moeinsurgicalarts.com\/la-mejor-liposuccion-masculina-en-los-angeles\/"},"modified":"2026-02-11T20:52:21","modified_gmt":"2026-02-12T04:52:21","slug":"la-mejor-liposuccion-masculina-en-los-angeles","status":"publish","type":"page","link":"https:\/\/moeinsurgicalarts.com\/es\/la-mejor-liposuccion-masculina-en-los-angeles\/","title":{"rendered":"Mejor Liposucci\u00f3n Masculina en Los \u00c1ngeles"},"content":{"rendered":"\n\n\t<h2>\u00bfQu\u00e9 es la Liposucci\u00f3n Masculina?<\/h2>\n\t<p>La liposucci\u00f3n masculina es un procedimiento de liposucci\u00f3n personalizado realizado para eliminar la grasa no deseada y contornear el cuerpo. La liposucci\u00f3n puede abordar la grasa persistente en el abdomen, flancos, espalda, cuello y pecho. Como especialista en liposucci\u00f3n, el Dr. Moein tiene la experiencia para ayudar a los pacientes a lograr su cuerpo ideal.<\/p>\n<p>Moein Surgical Arts est\u00e1 equipado con tecnolog\u00eda de vanguardia para realizar procedimientos de liposucci\u00f3n. El Dr. Moein ofrece varios tipos de liposucci\u00f3n, incluyendo SmartLipo\u2122, VASERlipo\u00ae, liposucci\u00f3n tumescente y liposucci\u00f3n con chorro de agua.<\/p>\n\t\t\t\t<img decoding=\"async\" src=\"https:\/\/moeinsurgicalarts.com\/wp-content\/uploads\/Male-Liposuction-Los-Angeles.webp\" alt=\"Male Liposuction Los Angeles\" itemprop=\"image\" height=\"533\" width=\"800\" title=\"Male Liposuction Los Angeles\" onerror=\"this.style.display='none'\" loading=\"lazy\">\n\t\n<p>BENEFICIOS DE LA LIPOSUCCI\u00d3N<\/p>\n\n\n\n\n<ul>\n<li>Una forma m\u00e1s esculpida y tonificada<\/li>\n<li>Resultados duraderos<\/li>\n<li>Un procedimiento seguro y efectivo<\/li>\n<li>Confianza mejorada<\/li>\n<\/ul>\n\n\n\n<h2>PROGRAMA UNA<br>\nCONSULTA<\/h2>\n\nPara obtener m\u00e1s informaci\u00f3n sobre <strong>DR BABAK MOEIN.<\/strong> Te recomendamos solicitar una consulta en l\u00ednea. Si lo prefieres, eres m\u00e1s que bienvenido a llamar a nuestra oficina<br>\npara programar tu cita.\n<p><a href=\"tel:+1(310)455-8020\">(310)455-8020<\/a><\/p>\n\t\t\t\t<a href=\"https:\/\/moeinsurgicalarts.com\/es\/contactar-con-el-cirujano-estetico\/\" target=\"_blank\" rel=\"noopener\" itemprop=\"url\">\n\t\t\t\t<img decoding=\"async\" src=\"https:\/\/moeinsurgicalarts.com\/wp-content\/uploads\/2023\/03\/contact-us-copia.webp\" alt=\"Logo design for a body contouring contact us page, featuring a white background.\" itemprop=\"image\" height=\"102\" width=\"397\" title=\"Logo design for a body contouring contact us page, featuring a white background.\" onerror=\"this.style.display='none'\" loading=\"lazy\">\n\t\t\t\t<\/a>\n\t\t\t\t<img decoding=\"async\" src=\"https:\/\/moeinsurgicalarts.com\/wp-content\/uploads\/2023\/03\/border-bg-copia.webp\" alt=\"border-bg copia\" itemprop=\"image\" height=\"37\" width=\"802\" title=\"border-bg copia\" onerror=\"this.style.display='none'\" loading=\"lazy\">\n\t\t\t\t<img decoding=\"async\" src=\"https:\/\/moeinsurgicalarts.com\/wp-content\/uploads\/MALE-LIPOSUCTION-CANDIDATES.webp\" alt=\"MALE LIPOSUCTION CANDIDATES\" itemprop=\"image\" height=\"533\" width=\"800\" title=\"MALE LIPOSUCTION CANDIDATES\" onerror=\"this.style.display='none'\" loading=\"lazy\">\n\t<p>Los candidatos pueden desear eliminar el exceso de grasa para revelar una forma m\u00e1s tonificada. Los candidatos deben estar en buena salud y tener expectativas realistas para este procedimiento. Los pacientes deben estar en su peso ideal antes de someterse a un procedimiento de liposucci\u00f3n. Los candidatos se reunir\u00e1n con el Dr. Moein para una consulta integral.<\/p>\n<p>Durante esta cita, el Dr. Moein realizar\u00e1 un examen f\u00edsico exhaustivo del \u00e1rea de preocupaci\u00f3n. El paciente discutir\u00e1 sus inquietudes, preguntas y objetivos para el procedimiento con el Dr. Moein, quien luego desarrollar\u00e1 un plan de tratamiento personalizado basado en las necesidades del paciente y su experiencia.<\/p>\n\t\t<div class=\"lazyvideo\" data-url=\"https:\/\/www.youtube.com\/embed\/ED0VGmTRby8?si=cTnJmKoyO-xrvzVn\"><img style=\"height:100%;\" loading=\"lazy\" alt=\"video\" src=\"\/wp-content\/themes\/drmoein\/cache\/d4c03ddd24bcfc7be94e342b5d16d583.webp\"><\/div>\t\n\n<p><strong>PROCEDIMIENTO DE LIPOSUCCI\u00d3N MASCULINA<\/strong><\/p>\n<p>El procedimiento de liposucci\u00f3n masculina se realiza como un procedimiento ambulatorio. La liposucci\u00f3n masculina tarda alrededor de 1 a 2 horas en completarse. Los procedimientos de liposucci\u00f3n variar\u00e1n seg\u00fan las necesidades del paciente y la experiencia del Dr. Moein. La liposucci\u00f3n puede realizarse sola o combinarse con otros procedimientos en Moein Surgical Arts. Durante el procedimiento, el Dr. Moein eliminar\u00e1 cuidadosamente toda la grasa no deseada para lograr los resultados deseados por el paciente. Despu\u00e9s del procedimiento, los pacientes pueden experimentar una ligera hinchaz\u00f3n y sensibilidad en las \u00e1reas tratadas. Se colocar\u00e1 una prenda de compresi\u00f3n en las \u00e1reas tratadas para reducir la inflamaci\u00f3n y ayudar a que la nueva forma se acomode. El Dr. Moein tambi\u00e9n puede colocar drenajes a lo largo de las incisiones para drenar los l\u00edquidos excesivos. Los resultados son duraderos y se pueden mantener con un estilo de vida saludable.<\/p>\n<p>Logra el cuerpo de tus sue\u00f1os en Moein Surgical Arts. Reserva tu consulta hoy.<\/p>\n<h2>\n\t\t\tReferencias\t<\/h2>\n\t1. Saad AN, Arbel\u00e1ez JP, de Benito J. (Revista de Cirug\u00eda Est\u00e9tica, 2019)<br>\nEn un estudio prospectivo de liposucci\u00f3n de alta definici\u00f3n en hombres utilizando liposucci\u00f3n asistida por energ\u00eda (PAL), la t\u00e9cnica produjo de manera confiable definici\u00f3n muscular atl\u00e9tica con alta satisfacci\u00f3n del paciente y bajo riesgo de complicaciones.<br>\n<a href=\"https:\/\/pubmed.ncbi.nlm.nih.gov\/31361804\/\" target=\"_blank\" rel=\"noopener\">(PubMed)<\/a>\n4. Mendez BM. (Revista de Cirug\u00eda Est\u00e9tica, 2019)<br>\nUna revisi\u00f3n sobre la optimizaci\u00f3n de los resultados del paciente y la seguridad en la liposucci\u00f3n enfatiza que, con las t\u00e9cnicas y precauciones adecuadas, la liposucci\u00f3n sigue siendo una herramienta fundamental y segura para el contorneo corporal en m\u00faltiples regiones anat\u00f3micas, incluidos pacientes masculinos.<br>\n<a href=\"https:\/\/academic.oup.com\/asj\/article-abstract\/39\/1\/66\/5045879?redirectedFrom=fulltext\" target=\"_blank\" rel=\"noopener\">(Oxford Academic)<\/a>\n<h2>PROGRAMA UNA<br>\nCONSULTA<\/h2>\n\nPara obtener m\u00e1s informaci\u00f3n sobre\u00a0<strong>DR BABAK MOEIN.<\/strong>\u00a0Te recomendamos solicitar una consulta en l\u00ednea. Si lo prefieres, eres m\u00e1s que bienvenido a llamar a nuestra oficina<br>\npara programar tu cita.\n<p><a href=\"tel:+1(310)455-8020\">(310)455-8020<\/a><\/p>\n\n","protected":false},"excerpt":{"rendered":"<p>\u00bfQu\u00e9 es la Liposucci\u00f3n Masculina? La liposucci\u00f3n masculina es un procedimiento de liposucci\u00f3n personalizado realizado para eliminar la grasa no deseada y contornear el cuerpo. La liposucci\u00f3n puede abordar la grasa persistente en el abdomen, flancos, espalda, cuello y pecho. Como especialista en liposucci\u00f3n, el Dr. Moein tiene la experiencia para ayudar a los pacientes [&hellip;]<\/p>\n","protected":false},"author":7,"featured_media":45730,"parent":0,"menu_order":0,"comment_status":"closed","ping_status":"closed","template":"","meta":{"footnotes":""},"class_list":["post-49794","page","type-page","status-publish","has-post-thumbnail","hentry"],"_links":{"self":[{"href":"https:\/\/moeinsurgicalarts.com\/es\/wp-json\/wp\/v2\/pages\/49794","targetHints":{"allow":["GET"]}}],"collection":[{"href":"https:\/\/moeinsurgicalarts.com\/es\/wp-json\/wp\/v2\/pages"}],"about":[{"href":"https:\/\/moeinsurgicalarts.com\/es\/wp-json\/wp\/v2\/types\/page"}],"author":[{"embeddable":true,"href":"https:\/\/moeinsurgicalarts.com\/es\/wp-json\/wp\/v2\/users\/7"}],"replies":[{"embeddable":true,"href":"https:\/\/moeinsurgicalarts.com\/es\/wp-json\/wp\/v2\/comments?post=49794"}],"version-history":[{"count":3,"href":"https:\/\/moeinsurgicalarts.com\/es\/wp-json\/wp\/v2\/pages\/49794\/revisions"}],"predecessor-version":[{"id":56737,"href":"https:\/\/moeinsurgicalarts.com\/es\/wp-json\/wp\/v2\/pages\/49794\/revisions\/56737"}],"wp:featuredmedia":[{"embeddable":true,"href":"https:\/\/moeinsurgicalarts.com\/es\/wp-json\/wp\/v2\/media\/45730"}],"wp:attachment":[{"href":"https:\/\/moeinsurgicalarts.com\/es\/wp-json\/wp\/v2\/media?parent=49794"}],"curies":[{"name":"wp","href":"https:\/\/api.w.org\/{rel}","templated":true}]}}