{"id":49787,"date":"2019-09-05T19:54:07","date_gmt":"2019-09-06T02:54:07","guid":{"rendered":"https:\/\/moeinsurgicalarts.com\/before-and-after-cosmetic-surgery\/fotos-de-antes-y-despues-de-la-liposuccion\/"},"modified":"2025-09-27T20:33:07","modified_gmt":"2025-09-28T03:33:07","slug":"fotos-de-antes-y-despues-de-la-liposuccion","status":"publish","type":"page","link":"https:\/\/moeinsurgicalarts.com\/es\/before-and-after-cosmetic-surgery\/fotos-de-antes-y-despues-de-la-liposuccion\/","title":{"rendered":"Fotos de Antes y Despu\u00e9s de la Liposucci\u00f3n"},"content":{"rendered":"\n<h2>\n\t\t\tLiposuction Before and After in Los Angeles, CA\t<\/h2>\n\t<style>\n   @media (max-width: 576px) {\n            .fl-photo-caption-below {\n            height: 125px;\n            }\n    }    \n<\/style>\n\t    <div id=\"ba-filter-browser\">\n        <div class=\"ba-container\">\n            <div class=\"ba-row\">\n                <div class=\"ba-filters-column\">\n                    <div class=\"ba-filters-inner\">\n                        <h3>Filter Box <button id=\"showbafilter\">Show<\/button><\/h3>\n                        <form id=\"ba-filter-form\">\n                            <div class=\"ba-filter-groups\">\n                                <div class=\"ba-filter-group\"><h4>Age<\/h4><ul class=\"ba-filter-options\"><li>\n                                                <label class=\"ba-checkbox\">\n                                                    <input type=\"checkbox\" name=\"ba_filters[]\" value=\"2904\"> \n                                                    <span>18-25<\/span>\n                                                <\/label>\n                                            <\/li><\/ul><\/div><div class=\"ba-filter-group\"><h4>Gender<\/h4><ul class=\"ba-filter-options\"><li>\n                                                <label class=\"ba-checkbox\">\n                                                    <input type=\"checkbox\" name=\"ba_filters[]\" value=\"2905\"> \n                                                    <span>Female<\/span>\n                                                <\/label>\n                                            <\/li><li>\n                                                <label class=\"ba-checkbox\">\n                                                    <input type=\"checkbox\" name=\"ba_filters[]\" value=\"2906\"> \n                                                    <span>male<\/span>\n                                                <\/label>\n                                            <\/li><\/ul><\/div>                            <\/div>\n                            <button type=\"submit\" class=\"ba-button\">Apply Filters<\/button>\n                            <button type=\"button\" class=\"ba-button ba-reset-filters\">Reset<\/button>\n                        <\/form>\n                    <\/div>\n                <\/div>\n\n                <div class=\"ba-posts-column\">\n                    <div id=\"ba-posts-results\">\n                        <div class=\"ba-posts-grid\"><article class=\"ba-post-item cat-liposuction\"><div class=\"ba-post-image\"><a href=\"https:\/\/moeinsurgicalarts.com\/es\/before-and-after-gallery\/liposuction\/liposuccion-de-espalda-antes-y-despues-paciente-16\/\"><img decoding=\"async\" width=\"600\" height=\"400\" src=\"https:\/\/moeinsurgicalarts.com\/wp-content\/uploads\/Liposuction-Before-and-After-Los-Angeles-CA-8.webp\" class=\"attachment-large size-large\" alt=\"Liposuction Before and After Los Angeles, CA\"><\/a><\/div><div class=\"ba-post-details\"><div class=\"ba-post-categories\"><span class=\"ba-category\">Liposuction<\/span><\/div><h3 class=\"ba-post-title\"><a href=\"https:\/\/moeinsurgicalarts.com\/es\/before-and-after-gallery\/liposuction\/liposuccion-de-espalda-antes-y-despues-paciente-16\/\">Liposucci\u00f3n de Espalda Antes y Despu\u00e9s: Paciente 16<\/a><\/h3><div class=\"ba-post-excerpt\">Liposucci\u00f3n de espalda antes y despu\u00e9s: observe la impresionante transformaci\u00f3n...<\/div><\/div><\/article><article class=\"ba-post-item cat-liposuction\"><div class=\"ba-post-image\"><a href=\"https:\/\/moeinsurgicalarts.com\/es\/before-and-after-gallery\/liposuction\/liposuccion-360-antes-y-despues-paciente-11\/\"><img decoding=\"async\" width=\"600\" height=\"400\" src=\"https:\/\/moeinsurgicalarts.com\/wp-content\/uploads\/Liposuction-Before-and-After-Best-Reasults-LA-CA-1.webp\" class=\"attachment-large size-large\" alt=\"Liposuction Before and After Best Results LA CA\"><\/a><\/div><div class=\"ba-post-details\"><div class=\"ba-post-categories\"><span class=\"ba-category\">Liposuction<\/span><\/div><h3 class=\"ba-post-title\"><a href=\"https:\/\/moeinsurgicalarts.com\/es\/before-and-after-gallery\/liposuction\/liposuccion-360-antes-y-despues-paciente-11\/\">Liposucci\u00f3n 360 Antes y Despu\u00e9s: Paciente 11<\/a><\/h3><div class=\"ba-post-excerpt\">Liposucci\u00f3n 360 Antes y Despu\u00e9s: Abdominoplastia, Liposucci\u00f3n y Aumento de...<\/div><\/div><\/article><article class=\"ba-post-item cat-liposuction\"><div class=\"ba-post-image\"><a href=\"https:\/\/moeinsurgicalarts.com\/es\/before-and-after-gallery\/liposuction\/vaser-liposuccion-antes-y-despues-paciente-6\/\"><img decoding=\"async\" width=\"600\" height=\"400\" src=\"https:\/\/moeinsurgicalarts.com\/wp-content\/uploads\/Liposuction-Before-and-After-in-LA-CA-3.webp\" class=\"attachment-large size-large\" alt=\"Liposuction Before and After in LA CA\"><\/a><\/div><div class=\"ba-post-details\"><div class=\"ba-post-categories\"><span class=\"ba-category\">Liposuction<\/span><\/div><h3 class=\"ba-post-title\"><a href=\"https:\/\/moeinsurgicalarts.com\/es\/before-and-after-gallery\/liposuction\/vaser-liposuccion-antes-y-despues-paciente-6\/\">Vaser Liposucci\u00f3n Antes y Despu\u00e9s: Paciente 6<\/a><\/h3><div class=\"ba-post-excerpt\">Vaser Liposucci\u00f3n Antes y Despu\u00e9s: Resultado Real de Pacientes Amanda...<\/div><\/div><\/article><article class=\"ba-post-item cat-liposuction\"><div class=\"ba-post-image\"><a href=\"https:\/\/moeinsurgicalarts.com\/es\/before-and-after-gallery\/liposuction\/liposuccion-completa-antes-y-despues-paciente-15\/\"><img decoding=\"async\" width=\"600\" height=\"400\" src=\"https:\/\/moeinsurgicalarts.com\/wp-content\/uploads\/Liposuction-Before-and-After-Best-Reasults-LA-CA-5.webp\" class=\"attachment-large size-large\" alt=\"Liposuction Before and After Best Reasults LA, CA\"><\/a><\/div><div class=\"ba-post-details\"><div class=\"ba-post-categories\"><span class=\"ba-category\">Liposuction<\/span><\/div><h3 class=\"ba-post-title\"><a href=\"https:\/\/moeinsurgicalarts.com\/es\/before-and-after-gallery\/liposuction\/liposuccion-completa-antes-y-despues-paciente-15\/\">Liposucci\u00f3n completa Antes y Despu\u00e9s: Paciente 15<\/a><\/h3><div class=\"ba-post-excerpt\">Liposucci\u00f3n completa Antes y Despu\u00e9s: Transformaci\u00f3n esculpida de Danielle Danielle,...<\/div><\/div><\/article><article class=\"ba-post-item cat-liposuction\"><div class=\"ba-post-image\"><a href=\"https:\/\/moeinsurgicalarts.com\/es\/before-and-after-gallery\/liposuction\/alta-definicion-de-liposuccion-antes-y-despues-pacientes-4\/\"><img decoding=\"async\" width=\"600\" height=\"400\" src=\"https:\/\/moeinsurgicalarts.com\/wp-content\/uploads\/Liposuction-Before-and-After-in-LA-CA-1.webp\" class=\"attachment-large size-large\" alt=\"Liposuction Before and After in LA CA\"><\/a><\/div><div class=\"ba-post-details\"><div class=\"ba-post-categories\"><span class=\"ba-category\">Liposuction<\/span><\/div><h3 class=\"ba-post-title\"><a href=\"https:\/\/moeinsurgicalarts.com\/es\/before-and-after-gallery\/liposuction\/alta-definicion-de-liposuccion-antes-y-despues-pacientes-4\/\">Alta definici\u00f3n de liposucci\u00f3n antes y despu\u00e9s: Pacientes 4<\/a><\/h3><div class=\"ba-post-excerpt\">Fotos de antes y despu\u00e9s de la liposucci\u00f3n de alta...<\/div><\/div><\/article><article class=\"ba-post-item cat-liposuction\"><div class=\"ba-post-image\"><a href=\"https:\/\/moeinsurgicalarts.com\/es\/before-and-after-gallery\/liposuction\/liposuccion-360-antes-y-despues-pacientes-5\/\"><img decoding=\"async\" width=\"600\" height=\"400\" src=\"https:\/\/moeinsurgicalarts.com\/wp-content\/uploads\/Liposuction-Before-and-After-in-LA-CA-2.webp\" class=\"attachment-large size-large\" alt=\"Liposuction Before and After in LA CA\"><\/a><\/div><div class=\"ba-post-details\"><div class=\"ba-post-categories\"><span class=\"ba-category\">Liposuction<\/span><\/div><h3 class=\"ba-post-title\"><a href=\"https:\/\/moeinsurgicalarts.com\/es\/before-and-after-gallery\/liposuction\/liposuccion-360-antes-y-despues-pacientes-5\/\">Liposucci\u00f3n 360 Antes y Despu\u00e9s: Pacientes 5<\/a><\/h3><div class=\"ba-post-excerpt\">Impresionantes Antes y Despu\u00e9s de la Liposucci\u00f3n 360 de nuestro...<\/div><\/div><\/article><article class=\"ba-post-item cat-liposuction\"><div class=\"ba-post-image\"><a href=\"https:\/\/moeinsurgicalarts.com\/es\/before-and-after-gallery\/liposuction\/liposuccion-de-abdomen-antes-y-despues-pacientes-2\/\"><img decoding=\"async\" width=\"600\" height=\"400\" src=\"https:\/\/moeinsurgicalarts.com\/wp-content\/uploads\/Liposuction-Before-and-After-in-Los-Angeles-CA.webp\" class=\"attachment-large size-large\" alt=\"Tummy Tuck Liposuction Before and After in Los Angeles CA\"><\/a><\/div><div class=\"ba-post-details\"><div class=\"ba-post-categories\"><span class=\"ba-category\">Liposuction<\/span><\/div><h3 class=\"ba-post-title\"><a href=\"https:\/\/moeinsurgicalarts.com\/es\/before-and-after-gallery\/liposuction\/liposuccion-de-abdomen-antes-y-despues-pacientes-2\/\">Liposucci\u00f3n de abdomen Antes y Despu\u00e9s: Pacientes 2<\/a><\/h3><div class=\"ba-post-excerpt\">Liposucci\u00f3n de abdomen antes y despu\u00e9s: Resultados reales de pacientes...<\/div><\/div><\/article><article class=\"ba-post-item cat-liposuction\"><div class=\"ba-post-image\"><a href=\"https:\/\/moeinsurgicalarts.com\/es\/before-and-after-gallery\/liposuction\/liposuccion-abdominal-antes-y-despues-paciente-7\/\"><img decoding=\"async\" width=\"600\" height=\"400\" src=\"https:\/\/moeinsurgicalarts.com\/wp-content\/uploads\/Liposuction-Before-and-After-in-LA-CA-4.webp\" class=\"attachment-large size-large\" alt=\"Liposuction Before and After in LA CA\"><\/a><\/div><div class=\"ba-post-details\"><div class=\"ba-post-categories\"><span class=\"ba-category\">Liposuction<\/span><\/div><h3 class=\"ba-post-title\"><a href=\"https:\/\/moeinsurgicalarts.com\/es\/before-and-after-gallery\/liposuction\/liposuccion-abdominal-antes-y-despues-paciente-7\/\">Liposucci\u00f3n abdominal Antes y Despu\u00e9s: Paciente 7<\/a><\/h3><div class=\"ba-post-excerpt\">Ver resultados de liposucci\u00f3n en Los \u00c1ngeles | Liposucci\u00f3n abdominal...<\/div><\/div><\/article><article class=\"ba-post-item cat-liposuction\"><div class=\"ba-post-image\"><a href=\"https:\/\/moeinsurgicalarts.com\/es\/before-and-after-gallery\/liposuction\/liposuccion-de-abdomen-antes-y-despues-paciente-3\/\"><img decoding=\"async\" width=\"600\" height=\"400\" src=\"https:\/\/moeinsurgicalarts.com\/wp-content\/uploads\/Liposuction-Results-in-Los-Angeles-CA-1.webp\" class=\"attachment-large size-large\" alt=\"Liposuction Results in Los Angeles, CA\"><\/a><\/div><div class=\"ba-post-details\"><div class=\"ba-post-categories\"><span class=\"ba-category\">Liposuction<\/span><\/div><h3 class=\"ba-post-title\"><a href=\"https:\/\/moeinsurgicalarts.com\/es\/before-and-after-gallery\/liposuction\/liposuccion-de-abdomen-antes-y-despues-paciente-3\/\">Liposucci\u00f3n de abdomen Antes y Despu\u00e9s: Paciente 3<\/a><\/h3><div class=\"ba-post-excerpt\">Liposucci\u00f3n de abdomen Antes y Despu\u00e9s en Los \u00c1ngeles Aumento...<\/div><\/div><\/article><article class=\"ba-post-item cat-liposuction\"><div class=\"ba-post-image\"><a href=\"https:\/\/moeinsurgicalarts.com\/es\/before-and-after-gallery\/liposuction\/liposuccion-de-cuerpo-completo-antes-y-despues-paciente-10\/\"><img decoding=\"async\" width=\"600\" height=\"400\" src=\"https:\/\/moeinsurgicalarts.com\/wp-content\/uploads\/Liposuction-Before-and-After-LA-1.webp\" class=\"attachment-large size-large\" alt=\"Liposuction Before and After LA\"><\/a><\/div><div class=\"ba-post-details\"><div class=\"ba-post-categories\"><span class=\"ba-category\">Liposuction<\/span><\/div><h3 class=\"ba-post-title\"><a href=\"https:\/\/moeinsurgicalarts.com\/es\/before-and-after-gallery\/liposuction\/liposuccion-de-cuerpo-completo-antes-y-despues-paciente-10\/\">Liposucci\u00f3n de cuerpo completo Antes y Despu\u00e9s: Paciente 10<\/a><\/h3><div class=\"ba-post-excerpt\">Liposucci\u00f3n de Cuerpo Completo Antes y Despu\u00e9s: Cuerpo Esculpido y...<\/div><\/div><\/article><article class=\"ba-post-item cat-liposuction\"><div class=\"ba-post-image\"><a href=\"https:\/\/moeinsurgicalarts.com\/es\/before-and-after-gallery\/liposuction\/antes-y-despues-de-las-fotos-de-liposuccion-paciente-9-en-los-angeles\/\"><img decoding=\"async\" width=\"600\" height=\"400\" src=\"https:\/\/moeinsurgicalarts.com\/wp-content\/uploads\/Liposuction-Before-and-After-in-LA-CA-6.webp\" class=\"attachment-large size-large\" alt=\"Liposuction Before and After LA, CA\"><\/a><\/div><div class=\"ba-post-details\"><div class=\"ba-post-categories\"><span class=\"ba-category\">Liposuction<\/span><\/div><h3 class=\"ba-post-title\"><a href=\"https:\/\/moeinsurgicalarts.com\/es\/before-and-after-gallery\/liposuction\/antes-y-despues-de-las-fotos-de-liposuccion-paciente-9-en-los-angeles\/\">Antes y despu\u00e9s de las fotos de liposucci\u00f3n: paciente-9 en Los \u00c1ngeles<\/a><\/h3><div class=\"ba-post-excerpt\">Antes y Despu\u00e9s de las Fotos de la Liposucci\u00f3n: paciente-9:...<\/div><\/div><\/article><article class=\"ba-post-item cat-liposuction\"><div class=\"ba-post-image\"><a href=\"https:\/\/moeinsurgicalarts.com\/es\/before-and-after-gallery\/liposuction\/lipo-360-antes-y-despues-paciente-12\/\"><img decoding=\"async\" width=\"600\" height=\"400\" src=\"https:\/\/moeinsurgicalarts.com\/wp-content\/uploads\/Liposuction-Before-and-After-in-LA-4.webp\" class=\"attachment-large size-large\" alt=\"Liposuction Before and After in LA\"><\/a><\/div><div class=\"ba-post-details\"><div class=\"ba-post-categories\"><span class=\"ba-category\">Liposuction<\/span><\/div><h3 class=\"ba-post-title\"><a href=\"https:\/\/moeinsurgicalarts.com\/es\/before-and-after-gallery\/liposuction\/lipo-360-antes-y-despues-paciente-12\/\">Lipo 360 Antes y Despu\u00e9s: Paciente 12<\/a><\/h3><div class=\"ba-post-excerpt\">Lipo 360 Antes y Despu\u00e9s: Transferencia de Grasa a los...<\/div><\/div><\/article><article class=\"ba-post-item cat-liposuction\"><div class=\"ba-post-image\"><a href=\"https:\/\/moeinsurgicalarts.com\/es\/before-and-after-gallery\/liposuction\/tummy-tuck-360-liposuccion-antes-y-despues-paciente-13\/\"><img decoding=\"async\" width=\"600\" height=\"400\" src=\"https:\/\/moeinsurgicalarts.com\/wp-content\/uploads\/Liposuction-Before-and-After-Best-Reasults-LA-CA-3.webp\" class=\"attachment-large size-large\" alt=\"Liposuction Before and After Best Reasults LA, CA\"><\/a><\/div><div class=\"ba-post-details\"><div class=\"ba-post-categories\"><span class=\"ba-category\">Liposuction<\/span><\/div><h3 class=\"ba-post-title\"><a href=\"https:\/\/moeinsurgicalarts.com\/es\/before-and-after-gallery\/liposuction\/tummy-tuck-360-liposuccion-antes-y-despues-paciente-13\/\">Tummy Tuck 360 Liposucci\u00f3n Antes y Despu\u00e9s: Paciente 13<\/a><\/h3><div class=\"ba-post-excerpt\">Tummy Tuck 360 lipo Antes y Despu\u00e9s: Renovaci\u00f3n Corporal de...<\/div><\/div><\/article><article class=\"ba-post-item cat-liposuction\"><div class=\"ba-post-image\"><a href=\"https:\/\/moeinsurgicalarts.com\/es\/before-and-after-gallery\/liposuction\/liposuccion-antes-y-despues-paciente-14\/\"><img decoding=\"async\" width=\"600\" height=\"400\" src=\"https:\/\/moeinsurgicalarts.com\/wp-content\/uploads\/Liposuction-Before-and-After-Best-Reasults-LA-CA-2.webp\" class=\"attachment-large size-large\" alt=\"Liposuction Before and After Best Reasults LA, CA\"><\/a><\/div><div class=\"ba-post-details\"><div class=\"ba-post-categories\"><span class=\"ba-category\">Liposuction<\/span><\/div><h3 class=\"ba-post-title\"><a href=\"https:\/\/moeinsurgicalarts.com\/es\/before-and-after-gallery\/liposuction\/liposuccion-antes-y-despues-paciente-14\/\">Liposucci\u00f3n Antes y Despu\u00e9s: Paciente 14<\/a><\/h3><div class=\"ba-post-excerpt\">Liposucci\u00f3n Antes y Despu\u00e9s: Contorneado Corporal de Kimberly Kimberly, una...<\/div><\/div><\/article><article class=\"ba-post-item cat-liposuction\"><div class=\"ba-post-image\"><a href=\"https:\/\/moeinsurgicalarts.com\/es\/before-and-after-gallery\/liposuction\/liposuccion-antes-y-despues-paciente-8\/\"><img decoding=\"async\" width=\"600\" height=\"400\" src=\"https:\/\/moeinsurgicalarts.com\/wp-content\/uploads\/Liposuction-Before-and-After-in-LA-CA-5.webp\" class=\"attachment-large size-large\" alt=\"Liposuction Before and After in LA CA\"><\/a><\/div><div class=\"ba-post-details\"><div class=\"ba-post-categories\"><span class=\"ba-category\">Liposuction<\/span><\/div><h3 class=\"ba-post-title\"><a href=\"https:\/\/moeinsurgicalarts.com\/es\/before-and-after-gallery\/liposuction\/liposuccion-antes-y-despues-paciente-8\/\">Liposucci\u00f3n Antes y Despu\u00e9s: Paciente 8<\/a><\/h3><div class=\"ba-post-excerpt\">Liposucci\u00f3n Antes y Despu\u00e9s: Resultados reales de pacientes en Los...<\/div><\/div><\/article><article class=\"ba-post-item cat-liposuction\"><div class=\"ba-post-image\"><a href=\"https:\/\/moeinsurgicalarts.com\/es\/before-and-after-gallery\/liposuction\/liposuccion-completa-antes-y-despues-pacientes-1\/\"><img decoding=\"async\" width=\"600\" height=\"400\" src=\"https:\/\/moeinsurgicalarts.com\/wp-content\/uploads\/Liposuction-Before-and-After-Best-Reasults-LA-CA.webp\" class=\"attachment-large size-large\" alt=\"Liposuction Before and After Best Reasults LA, CA\"><\/a><\/div><div class=\"ba-post-details\"><div class=\"ba-post-categories\"><span class=\"ba-category\">Liposuction<\/span><\/div><h3 class=\"ba-post-title\"><a href=\"https:\/\/moeinsurgicalarts.com\/es\/before-and-after-gallery\/liposuction\/liposuccion-completa-antes-y-despues-pacientes-1\/\">Liposucci\u00f3n completa Antes y Despu\u00e9s: Pacientes 1<\/a><\/h3><div class=\"ba-post-excerpt\">Fotos impactantes de liposucci\u00f3n antes y despu\u00e9s en Los \u00c1ngeles...<\/div><\/div><\/article><\/div>                    <\/div>\n                <\/div>\n            <\/div>\n        <\/div>\n    <\/div>\n    \n\n\t\t\t<a href=\"tel:+1-310-694-4486\" target=\"_self\">\n\t\t\t\t\t\tCall Us Today!\n\t\t\t\t\t<\/a>\n\n","protected":false},"excerpt":{"rendered":"<p>Liposuction Before and After in Los Angeles, CA Call Us Today!<\/p>\n","protected":false},"author":6,"featured_media":45627,"parent":49753,"menu_order":0,"comment_status":"closed","ping_status":"closed","template":"","meta":{"footnotes":""},"class_list":["post-49787","page","type-page","status-publish","has-post-thumbnail","hentry"],"_links":{"self":[{"href":"https:\/\/moeinsurgicalarts.com\/es\/wp-json\/wp\/v2\/pages\/49787","targetHints":{"allow":["GET"]}}],"collection":[{"href":"https:\/\/moeinsurgicalarts.com\/es\/wp-json\/wp\/v2\/pages"}],"about":[{"href":"https:\/\/moeinsurgicalarts.com\/es\/wp-json\/wp\/v2\/types\/page"}],"author":[{"embeddable":true,"href":"https:\/\/moeinsurgicalarts.com\/es\/wp-json\/wp\/v2\/users\/6"}],"replies":[{"embeddable":true,"href":"https:\/\/moeinsurgicalarts.com\/es\/wp-json\/wp\/v2\/comments?post=49787"}],"version-history":[{"count":1,"href":"https:\/\/moeinsurgicalarts.com\/es\/wp-json\/wp\/v2\/pages\/49787\/revisions"}],"predecessor-version":[{"id":54656,"href":"https:\/\/moeinsurgicalarts.com\/es\/wp-json\/wp\/v2\/pages\/49787\/revisions\/54656"}],"up":[{"embeddable":true,"href":"https:\/\/moeinsurgicalarts.com\/es\/wp-json\/wp\/v2\/pages\/49753"}],"wp:featuredmedia":[{"embeddable":true,"href":"https:\/\/moeinsurgicalarts.com\/es\/wp-json\/wp\/v2\/media\/45627"}],"wp:attachment":[{"href":"https:\/\/moeinsurgicalarts.com\/es\/wp-json\/wp\/v2\/media?parent=49787"}],"curies":[{"name":"wp","href":"https:\/\/api.w.org\/{rel}","templated":true}]}}