{"id":49781,"date":"2023-03-27T06:20:10","date_gmt":"2023-03-27T13:20:10","guid":{"rendered":"https:\/\/moeinsurgicalarts.com\/before-and-after-cosmetic-surgery\/levante-de-la-mantequilla-brasilena-antes-y-despues\/"},"modified":"2025-08-21T14:54:55","modified_gmt":"2025-08-21T21:54:55","slug":"levante-de-la-mantequilla-brasilena-antes-y-despues","status":"publish","type":"page","link":"https:\/\/moeinsurgicalarts.com\/es\/before-and-after-cosmetic-surgery\/levante-de-la-mantequilla-brasilena-antes-y-despues\/","title":{"rendered":"Levantamiento de Gl\u00fateos Brasile\u00f1o Antes y Despu\u00e9s"},"content":{"rendered":"\n\n[wpseo_breadcrumb]\n<h2>\n\t\t\tBrazilian Butt Lift in Los Angeles, CA\t<\/h2>\n\t\t\t\t<img decoding=\"async\" src=\"https:\/\/moeinsurgicalarts.com\/wp-content\/uploads\/2023\/03\/brzillian-butt-lift-111-copia-2.webp\" alt=\"A woman's thigh undergoes liposuction, resulting in a noticeable transformation before and after the procedure.\" itemprop=\"image\" height=\"175\" width=\"382\" title=\"A woman's thigh undergoes liposuction, resulting in a noticeable transformation before and after the procedure.\" onerror=\"this.style.display='none'\" loading=\"lazy\">\n\t\t\t\t<img decoding=\"async\" loading=\"lazy\" src=\"https:\/\/moeinsurgicalarts.com\/wp-content\/uploads\/2023\/03\/brzillian-butt-lift-122-copia-2.webp\" alt=\"Brazilian Butt Lift - enhancing the buttocks through liposuction procedure.\" itemprop=\"image\" height=\"175\" width=\"382\" title=\"Brazilian Butt Lift - enhancing the buttocks through liposuction procedure.\" onerror=\"this.style.display='none'\">\n<p>PATIENT<\/p>\n<h2><strong>Brazilian Butt Lift Before and After<\/strong><\/h2>\n\n","protected":false},"excerpt":{"rendered":"<p>[wpseo_breadcrumb] Brazilian Butt Lift in Los Angeles, CA PATIENT Brazilian Butt Lift Before and After<\/p>\n","protected":false},"author":6,"featured_media":45627,"parent":49753,"menu_order":0,"comment_status":"closed","ping_status":"closed","template":"","meta":{"footnotes":""},"class_list":["post-49781","page","type-page","status-publish","has-post-thumbnail","hentry"],"_links":{"self":[{"href":"https:\/\/moeinsurgicalarts.com\/es\/wp-json\/wp\/v2\/pages\/49781","targetHints":{"allow":["GET"]}}],"collection":[{"href":"https:\/\/moeinsurgicalarts.com\/es\/wp-json\/wp\/v2\/pages"}],"about":[{"href":"https:\/\/moeinsurgicalarts.com\/es\/wp-json\/wp\/v2\/types\/page"}],"author":[{"embeddable":true,"href":"https:\/\/moeinsurgicalarts.com\/es\/wp-json\/wp\/v2\/users\/6"}],"replies":[{"embeddable":true,"href":"https:\/\/moeinsurgicalarts.com\/es\/wp-json\/wp\/v2\/comments?post=49781"}],"version-history":[{"count":0,"href":"https:\/\/moeinsurgicalarts.com\/es\/wp-json\/wp\/v2\/pages\/49781\/revisions"}],"up":[{"embeddable":true,"href":"https:\/\/moeinsurgicalarts.com\/es\/wp-json\/wp\/v2\/pages\/49753"}],"wp:featuredmedia":[{"embeddable":true,"href":"https:\/\/moeinsurgicalarts.com\/es\/wp-json\/wp\/v2\/media\/45627"}],"wp:attachment":[{"href":"https:\/\/moeinsurgicalarts.com\/es\/wp-json\/wp\/v2\/media?parent=49781"}],"curies":[{"name":"wp","href":"https:\/\/api.w.org\/{rel}","templated":true}]}}