{"id":49777,"date":"2018-02-22T10:45:22","date_gmt":"2018-02-22T18:45:22","guid":{"rendered":"https:\/\/moeinsurgicalarts.com\/procedimientos-corporales\/mejor-aumento-de-la-mariposa-con-implantes-los-angeles\/"},"modified":"2025-08-21T06:02:04","modified_gmt":"2025-08-21T13:02:04","slug":"mejor-aumento-de-la-mariposa-con-implantes-los-angeles","status":"publish","type":"page","link":"https:\/\/moeinsurgicalarts.com\/es\/procedimientos-corporales\/mejor-aumento-de-la-mariposa-con-implantes-los-angeles\/","title":{"rendered":"La Mejor Aumento de Gl\u00fateos con Implantes en Los \u00c1ngeles"},"content":{"rendered":"\n<h2>\n\t\t\tAUMENTO DE GL\u00daTEOS Y IMPLANTES DE GL\u00daTEOS EN LA\t<\/h2>\n<p>Cuando una persona no tiene suficiente curvatura en los gl\u00fateos, la ampliaci\u00f3n de gl\u00fateos con implantes o grasa es una gran opci\u00f3n. Para muchos de nosotros, a pesar de cu\u00e1nto trabajamos para lograr nuestros cuerpos ideales, hay \u00e1reas que pueden estar fuera de nuestro control. Uno de los procedimientos que est\u00e1 ganando popularidad es la ampliaci\u00f3n de gl\u00fateos. Con la ampliaci\u00f3n de gl\u00fateos con implantes del Dr. Moein, puedes aumentar el tama\u00f1o y la forma de tus gl\u00fateos, lo que puede mejorar tu figura en general. Llama a <strong><a href=\"https:\/\/moeinsurgicalarts.com\/es\/\">Moein Surgical Arts<\/a>\u00a0<\/strong>hoy mismo para programar tu consulta.<\/p>\n\n\n\n\n\n\n\n<h2>\n\t\t\tANTES Y DESPU\u00c9S AUMENTO DE GL\u00daTEOS CON IMPLANTES\t<\/h2>\n\t\t\t\t<img decoding=\"async\" src=\"https:\/\/moeinsurgicalarts.com\/wp-content\/uploads\/2023\/03\/BBL-page-for-before-and-after-section_05-copia.webp\" alt=\"Before and after tummy tuck with butt implants.\" itemprop=\"image\" height=\"181\" width=\"373\" title=\"Before and after tummy tuck with butt implants.\" onerror=\"this.style.display='none'\" loading=\"lazy\">\n\t\t\t\t<img decoding=\"async\" src=\"https:\/\/moeinsurgicalarts.com\/wp-content\/uploads\/2023\/03\/BBL-page-for-before-and-after-section_09-copia.webp\" alt=\"Transformation of a woman's buttocks after undergoing liposuction and butt implants.\" itemprop=\"image\" height=\"180\" width=\"375\" title=\"Transformation of a woman's buttocks after undergoing liposuction and butt implants.\" onerror=\"this.style.display='none'\" loading=\"lazy\">\n\t\t\t\t<img decoding=\"async\" src=\"https:\/\/moeinsurgicalarts.com\/wp-content\/uploads\/2023\/03\/BBL-page-for-before-and-after-section_03-copia.webp\" alt=\"best butt augmentation with implants\" itemprop=\"image\" height=\"180\" width=\"373\" title=\"BBL-page-for-before-and-after-section_03 copia\" onerror=\"this.style.display='none'\" loading=\"lazy\">\n<h2>\n\t\t\tM\u00c1S EJEMPLOS DE LIPOSUCCI\u00d3N VASER:\t<\/h2>\n\t\t\t<a href=\"\" target=\"_self\">\n\t\t\t\t\t\t\tVER M\u00c1S\u2026\n\t\t\t\t\t<\/a>\n\t<p><a href=\"https:\/\/moeinsurgicalarts.com\/buttock-augmentation-procedures\/\">Una aumento de gl\u00fateos<\/a> es un procedimiento de cirug\u00eda pl\u00e1stica cosm\u00e9tica que aumenta la plenitud, redondez y est\u00e9tica de los gl\u00fateos. Hay varias opciones para c\u00f3mo se realiza un aumento de gl\u00fateos. <a href=\"https:\/\/moeinsurgicalarts.com\/es\/procedimientos-corporales\/levantamiento-de-gluteos-brasileno-en-los-angeles-ca\/\">Uno de los m\u00e9todos populares se llama Levantamiento de Gl\u00fateos Brasile\u00f1o<\/a>. Durante este m\u00e9todo, se toma grasa de una \u00e1rea del cuerpo y se inyecta en los gl\u00fateos. Sin embargo, para aquellos que no tienen suficiente tejido graso excesivo para usar, el aumento de gl\u00fateos con implantes es una excelente opci\u00f3n.<\/p>\n<p>El aumento de gl\u00fateos con implantes es un m\u00e9todo efectivo para lograr un realce de gl\u00fateos de apariencia natural. El tama\u00f1o y tipo de implante a utilizar se selecciona de antemano durante una consulta.<\/p>\n\t<p>Una de las mejores formas de garantizar que tenga una experiencia \u00f3ptima es llegar a la consulta preparado y con la mayor cantidad de informaci\u00f3n posible. Los pacientes deben tener expectativas realistas y estar listos para hablar sobre su historial m\u00e9dico y cualquier medicamento actual. Es \u00fatil traer fotograf\u00edas que coincidan con sus objetivos. Durante la consulta, se tomar\u00e1n fotograf\u00edas, se discutir\u00e1n sus opciones quir\u00fargicas y se recomendar\u00e1 un plan quir\u00fargico.<\/p>\n<h2>\n\t\t\t\u00bfC\u00f3mo son diferentes los levantamientos de gl\u00fateos, los levantamientos de gl\u00fateos brasile\u00f1os y los levantamientos de gl\u00fateos Sculptra y qu\u00e9 puede esperar despu\u00e9s de la cirug\u00eda?\t<\/h2>\n<p>Cada procedimiento est\u00e1 dise\u00f1ado espec\u00edficamente para las necesidades del paciente y se adapta al cuerpo del paciente. No existe una \u00fanica soluci\u00f3n para todos en la ampliaci\u00f3n de gl\u00fateos con implantes. Sin embargo, hay algunos pasos generales de los que hay que estar al tanto.<\/p>\n<p>El primer paso es administrar medicaci\u00f3n para asegurar que el paciente est\u00e9 c\u00f3modo durante el procedimiento. Se dispone de sedaci\u00f3n intravenosa o anestesia general. Luego, para permitir la inserci\u00f3n de los implantes de gl\u00fateos, se realiza una incisi\u00f3n. La incisi\u00f3n puede hacerse en la parte superior del gl\u00fateo, en la parte inferior donde las mejillas se encuentran con los muslos, o entre el pliegue de los gl\u00fateos. Estas \u00e1reas son buenas para ocultar las marcas quir\u00fargicas despu\u00e9s de que hayan cicatrizado.<\/p>\n\n<h2>OPCIONES PARA LA COLOCACI\u00d3N DEL IMPLANTE<\/h2>\n\n<img decoding=\"async\" loading=\"lazy\" src=\"https:\/\/moeinsurgicalarts.com\/wp-content\/uploads\/2018\/02\/Butt-Implant.jpeg\" alt=\"mejor doctor de implantes de gl\u00fateos en la\" data-src=\"https:\/\/moeinsurgicalarts.com\/wp-content\/uploads\/2018\/02\/Butt-Implant.jpeg\">\n\n<p>Los implantes de gl\u00fateos, que son de silicona, est\u00e1n especialmente dise\u00f1ados para los gl\u00fateos. Se insertan en el m\u00fasculo gl\u00fateo o se colocan encima de \u00e9l. La t\u00e9cnica utilizada para insertar el implante depende del tama\u00f1o del implante, el tipo de cuerpo del paciente y el aumento de tama\u00f1o deseado.<\/p>\n<p>Finalmente, las incisiones se cierran con suturas en capas, adhesivos para la piel o cinta quir\u00fargica. Despu\u00e9s del procedimiento, <a href=\"https:\/\/moeinsurgicalarts.com\/adding-volume-to-your-butt-with-implants\/\">los resultados son inmediatamente visibles<\/a> pero se vuelven m\u00e1s definitivos a medida que el cuerpo se cura y la hinchaz\u00f3n quir\u00fargica desaparece.<\/p>\n<p>Para el per\u00edodo de recuperaci\u00f3n, se te indicar\u00e1 qu\u00e9 tipo de actividades debes evitar y por cu\u00e1nto tiempo. Durante dos a tres semanas, necesitar\u00e1s una prenda de soporte para asegurar una correcta cicatrizaci\u00f3n.<\/p>\n<p>Para obtener m\u00e1s informaci\u00f3n sobre los resultados que puedes lograr con la ampliaci\u00f3n de gl\u00fateos con implantes, <a href=\"https:\/\/moeinsurgicalarts.com\/es\/mejor-cirujano-estetico-de-los-angeles\/\">habla con el Dr. Babak Moein<\/a>, un profesional experimentado.<\/p>\n\t\t\t\t<img decoding=\"async\" src=\"https:\/\/moeinsurgicalarts.com\/wp-content\/uploads\/2023\/03\/border-bg-copia.webp\" alt=\"Space line\" itemprop=\"image\" height=\"37\" width=\"802\" title=\"border-bg copia\" onerror=\"this.style.display='none'\" loading=\"lazy\">\nPROGRAMA UNA<br>\nCONSULTA\n\nPara obtener m\u00e1s informaci\u00f3n sobre\u00a0<strong>DR BABAK MOEIN.<\/strong>\u00a0Te recomendamos solicitar una consulta en l\u00ednea. Si lo prefieres, eres m\u00e1s que bienvenido a llamar a nuestra oficina<br>\npara programar tu cita.\n\n<p><a href=\"tel:+1-310-683-4634\">310 683 4634<\/a><\/p>\n\t\t\t\t<a href=\"https:\/\/moeinsurgicalarts.com\/es\/contactar-con-el-cirujano-estetico\/\" target=\"_blank\" rel=\"noopener\" itemprop=\"url\">\n\t\t\t\t<img decoding=\"async\" src=\"https:\/\/moeinsurgicalarts.com\/wp-content\/uploads\/2023\/03\/contact-us-copia.webp\" alt=\"Logo design for a body contouring contact us page, featuring a white background.\" itemprop=\"image\" height=\"102\" width=\"397\" title=\"Logo design for a body contouring contact us page, featuring a white background.\" onerror=\"this.style.display='none'\" loading=\"lazy\">\n\t\t\t\t<\/a>\n\t\t\t\t<img decoding=\"async\" src=\"https:\/\/moeinsurgicalarts.com\/wp-content\/uploads\/2023\/03\/border-bg-copia.webp\" alt=\"Space line\" itemprop=\"image\" height=\"37\" width=\"802\" title=\"border-bg copia\" onerror=\"this.style.display='none'\" loading=\"lazy\">\n\t\t\t<a href=\"https:\/\/moeinsurgicalarts.com\/es\/videos-de-procedimientos-plasticos-cosmeticos-corporales\/\" target=\"_blank\" rel=\"noopener\">\n\t\t\t\t\t\tVideos de Cirug\u00eda Pl\u00e1stica Cosm\u00e9tica Corporal\n\t\t\t\t\t<\/a>\n\t\t<div class=\"lazyvideo\" aria-label=\"Play video\" data-url=\"https:\/\/player.understand.com\/drmoein\/en\/980e7aef-30f9-44ef-aba8-6a8d719fe8fc\/095645fa-0312-4e8a-97c2-445c3ff1176f?pauseFirstStep=1\"><img loading=\"lazy\" alt=\"video\" style=\"height:100%;\" data-src=\"https:\/\/content-files.understand.com\/70209136-5150-4066-91c5-f3bc8235e2b3.webp\" src=\"data:image\/gif;base64,R0lGODdhAQABAPAAAMPDwwAAACwAAAAAAQABAAACAkQBADs=\"><\/div>\t\n\n","protected":false},"excerpt":{"rendered":"<p>AUMENTO DE GL\u00daTEOS Y IMPLANTES DE GL\u00daTEOS EN LA Cuando una persona no tiene suficiente curvatura en los gl\u00fateos, la ampliaci\u00f3n de gl\u00fateos con implantes o grasa es una gran opci\u00f3n. Para muchos de nosotros, a pesar de cu\u00e1nto trabajamos para lograr nuestros cuerpos ideales, hay \u00e1reas que pueden estar fuera de nuestro control. Uno [&hellip;]<\/p>\n","protected":false},"author":7,"featured_media":45664,"parent":47887,"menu_order":0,"comment_status":"closed","ping_status":"closed","template":"","meta":{"footnotes":""},"class_list":["post-49777","page","type-page","status-publish","has-post-thumbnail","hentry"],"_links":{"self":[{"href":"https:\/\/moeinsurgicalarts.com\/es\/wp-json\/wp\/v2\/pages\/49777","targetHints":{"allow":["GET"]}}],"collection":[{"href":"https:\/\/moeinsurgicalarts.com\/es\/wp-json\/wp\/v2\/pages"}],"about":[{"href":"https:\/\/moeinsurgicalarts.com\/es\/wp-json\/wp\/v2\/types\/page"}],"author":[{"embeddable":true,"href":"https:\/\/moeinsurgicalarts.com\/es\/wp-json\/wp\/v2\/users\/7"}],"replies":[{"embeddable":true,"href":"https:\/\/moeinsurgicalarts.com\/es\/wp-json\/wp\/v2\/comments?post=49777"}],"version-history":[{"count":0,"href":"https:\/\/moeinsurgicalarts.com\/es\/wp-json\/wp\/v2\/pages\/49777\/revisions"}],"up":[{"embeddable":true,"href":"https:\/\/moeinsurgicalarts.com\/es\/wp-json\/wp\/v2\/pages\/47887"}],"wp:featuredmedia":[{"embeddable":true,"href":"https:\/\/moeinsurgicalarts.com\/es\/wp-json\/wp\/v2\/media\/45664"}],"wp:attachment":[{"href":"https:\/\/moeinsurgicalarts.com\/es\/wp-json\/wp\/v2\/media?parent=49777"}],"curies":[{"name":"wp","href":"https:\/\/api.w.org\/{rel}","templated":true}]}}