{"id":49770,"date":"2019-04-14T16:30:02","date_gmt":"2019-04-14T23:30:02","guid":{"rendered":"https:\/\/moeinsurgicalarts.com\/procedimientos-de-mama\/levante-de-pecho-y-aumento-de-los-angeles\/"},"modified":"2026-02-03T18:15:35","modified_gmt":"2026-02-04T02:15:35","slug":"levante-de-pecho-y-aumento-de-los-angeles","status":"publish","type":"page","link":"https:\/\/moeinsurgicalarts.com\/es\/procedimientos-de-mama\/levante-de-pecho-y-aumento-de-los-angeles\/","title":{"rendered":"Levantamiento y Aumento de Senos en Los \u00c1ngeles"},"content":{"rendered":"\n<h2>\n\t\t\tIntroducci\u00f3n al Levantamiento y Aumento de Senos en Los \u00c1ngeles\t<\/h2>\n\t<section>\n<p>Para las mujeres que desean aumentar el tama\u00f1o de sus senos y tambi\u00e9n elevar y remodelar sus senos a una posici\u00f3n m\u00e1s juvenil y firme, el Dr. Moein puede realizar un procedimiento combinado de aumento y elevaci\u00f3n de senos. Este tipo de cirug\u00eda tambi\u00e9n se conoce como mastopexia con aumento.<\/p>\n<\/section>\n\n\t\n<h2>\n\t\t\tContorno Corporal: Levantamiento y Aumento de Senos\t<\/h2>\n\t<div class=\"lazyvideo\" data-url=\"https:\/\/www.youtube.com\/embed\/BKgAcotHiCs?si=rfoDe1IsZBuIWg-i\"><img style=\"height:100%;\" loading=\"lazy\" alt=\"video\" src=\"\/wp-content\/themes\/drmoein\/cache\/40134cff1dbe640e712b5f3b8bcf185e.webp\"><\/div>\n<p>La elevaci\u00f3n y la ampliaci\u00f3n de los senos son procedimientos transformadores de contorno corporal dise\u00f1ados para mejorar la forma, el tama\u00f1o y la posici\u00f3n de los senos. Esta cirug\u00eda combinada aborda la flacidez o la p\u00e9rdida de volumen debido al envejecimiento, el embarazo, las fluctuaciones de peso o la gen\u00e9tica, restaurando una apariencia juvenil y proporcionada. Un levantamiento de senos reposiciona los senos m\u00e1s alto en el pecho y aprieta la piel circundante, mientras que la ampliaci\u00f3n mejora la plenitud y la simetr\u00eda utilizando implantes o <a href=\"https:\/\/moeinsurgicalarts.com\/benefits-of-fat-grafting-for-breast-augmentation\/\">transferencia de grasa.<\/a> Juntos, estos procedimientos proporcionan una soluci\u00f3n integral para las personas que buscan mejorar los contornos corporales, aumentar la confianza y obtener una silueta m\u00e1s armoniosa.<\/p>\n\n\n\n<h2>\n\t\t\tElevaci\u00f3n y Aumento de Senos ANTES Y DESPU\u00c9S\t<\/h2>\n\t\t\t\t<img decoding=\"async\" src=\"https:\/\/moeinsurgicalarts.com\/wp-content\/uploads\/Breast-Lift-in-Los-Angeles-CA.webp\" alt=\"Breast Augmentation Before and After in Los Angeles, CA\" itemprop=\"image\" height=\"225\" width=\"350\" title=\"Breast Augmentation Before and After in Los Angeles, CA\" onerror=\"this.style.display='none'\" loading=\"lazy\">\n\t\t\t\t<img decoding=\"async\" src=\"https:\/\/moeinsurgicalarts.com\/wp-content\/uploads\/Breast-Lift.webp\" alt=\"Breast Augmentation Before and After in Los Angeles, CA\" itemprop=\"image\" height=\"225\" width=\"350\" title=\"Breast Augmentation Before and After in Los Angeles, CA\" onerror=\"this.style.display='none'\" loading=\"lazy\">\n\t\t\t\t<img decoding=\"async\" src=\"https:\/\/moeinsurgicalarts.com\/wp-content\/uploads\/Breast-Lift-Los-Angeles.webp\" alt=\"Breast Augmentation Before and After in Los Angeles, CA\" itemprop=\"image\" height=\"225\" width=\"350\" title=\"Breast Augmentation Before and After in Los Angeles, CA\" onerror=\"this.style.display='none'\" loading=\"lazy\">\n\t\t\t\t<img decoding=\"async\" src=\"https:\/\/moeinsurgicalarts.com\/wp-content\/uploads\/Breast-Lift-Los-Angeles-CA.webp\" alt=\"Breast Augmentation Before and After in Los Angeles, CA\" itemprop=\"image\" height=\"225\" width=\"350\" title=\"Breast Augmentation Before and After in Los Angeles, CA\" onerror=\"this.style.display='none'\" loading=\"lazy\">\n\t\t\t\t<img decoding=\"async\" src=\"https:\/\/moeinsurgicalarts.com\/wp-content\/uploads\/2023\/03\/Photo-Jun-27-11-45-53-AM-1-copia.webp\" alt=\"Before and after images showcasing breast augmentation combined with a lift for improved appearance.\" itemprop=\"image\" height=\"400\" width=\"400\" title=\"Before and after images showcasing breast augmentation combined with a lift for improved appearance.\" onerror=\"this.style.display='none'\" loading=\"lazy\">\n\t\t\t\t<img decoding=\"async\" src=\"https:\/\/moeinsurgicalarts.com\/wp-content\/uploads\/2023\/03\/Photo-Nov-04-7-24-43-PM-copia.webp\" alt=\"Before and after breast reduction, lift, and augmentation.\" itemprop=\"image\" height=\"400\" width=\"400\" title=\"Before and after breast reduction, lift, and augmentation.\" onerror=\"this.style.display='none'\" loading=\"lazy\">\n<h3>\n\t\t\tM\u00c1S EJEMPLOS DE AUMENTO\/ELEVACI\u00d3N DE SENOS:\t<\/h3>\n<h2>\n\t\t\tM\u00c1S EJEMPLOS DE AUMENTO\/LEVANTAMIENTO DE SENOS:\t<\/h2>\n\t\t\t<a href=\"https:\/\/moeinsurgicalarts.com\/es\/before-and-after-cosmetic-surgery\/aumentacion-de-mama-y-levantar-foto\/\" target=\"_blank\" rel=\"noopener\">\n\t\t\t\t\t\t\tVER M\u00c1S\u2026\n\t\t\t\t\t<\/a>\n<p>Los implantes mamarios por s\u00ed solos pueden aumentar dr\u00e1sticamente el tama\u00f1o de los senos, pero no los elevar\u00e1n y de hecho pueden contribuir a un mayor descolgamiento con el tiempo. Para las mujeres cuyos senos han comenzado a caer o descolgarse, un levantamiento de senos brinda la capacidad de restaurar una apariencia juvenil.<\/p>\n\n<p>Una combinaci\u00f3n de <a href=\"https:\/\/moeinsurgicalarts.com\/es\/procedimientos-de-mama\/levantamiento-de-senos\/\">levantamiento de senos<\/a> y aumento es una opci\u00f3n popular para las mujeres que han tenido hijos, y mujeres en sus 30s, 40s y 50s que quieren a\u00f1adir volumen y lograr un aspecto elevado. Es una opci\u00f3n popular para los cambios de imagen para mam\u00e1s y se puede combinar con muchos otros procedimientos de <a href=\"https:\/\/healthylifebariatrics.com\/body-contouring\/\" rel=\"noopener\">contorneado corporal<\/a>.<\/p>\n<div class=\"lazyvideo\" aria-label=\"Play video\" data-url=\"https:\/\/player.understand.com\/drmoein\/en\/b4d9716a-d5ff-4ec9-8d1a-931ad6997c9e\/79281126-3b21-46ba-a5c0-26bd54a5d912?pauseFirstStep=1\"><img loading=\"lazy\" alt=\"video\" style=\"height:100%;\" data-src=\"\/wp-content\/themes\/drmoein\/cache\/40ea2d53d6e3b4a3f5984d17929e4138.webp\" src=\"data:image\/gif;base64,R0lGODdhAQABAPAAAMPDwwAAACwAAAAAAQABAAACAkQBADs=\"><\/div>\t\n<p>Durante su consulta con el Dr. Babak Moein, \u00e9l discutir\u00e1 la t\u00e9cnica combinada de aumento y levantamiento de senos y le dar\u00e1 tiempo para hacer todas las preguntas que desee. <a href=\"https:\/\/moeinsurgicalarts.com\/es\/mejor-cirujano-estetico-de-los-angeles\/certificado-del-dr-moein-cirugia-estetica-cosmetica-y-cirugia-minimamente-invasiva\/\">El Dr. Moein tiene una amplia experiencia<\/a> en procedimientos combinados de aumento\/levantamiento de senos y ofrece algunos de los precios m\u00e1s competitivos en el \u00e1rea de Los \u00c1ngeles.<\/p>\n\n<p>Ofrecemos citas de consulta convenientes y f\u00e1ciles donde puede aprender m\u00e1s sobre el realce de senos. Puede programar una consulta en l\u00ednea o llamarnos y nuestros amables miembros del personal estar\u00e1n encantados de reservar su visita.<\/p>\n<div class=\"lazyvideo\" aria-label=\"Play video\" data-url=\"https:\/\/player.understand.com\/drmoein\/en\/b4d9716a-d5ff-4ec9-8d1a-931ad6997c9e\/2a60e26b-a17d-4bbb-930b-c4e30e4d3fa2?pauseFirstStep=1\"><img loading=\"lazy\" alt=\"video\" style=\"height:100%;\" data-src=\"\/wp-content\/themes\/drmoein\/cache\/5ecd0e63c50c33d9e5245e72844e2343.webp\" src=\"data:image\/gif;base64,R0lGODdhAQABAPAAAMPDwwAAACwAAAAAAQABAAACAkQBADs=\"><\/div>\t\n<h2>C\u00f3mo funciona el levantamiento y aumento de senos<\/h2>\n\n<p><img decoding=\"async\" loading=\"lazy\" src=\"https:\/\/moeinsurgicalarts.com\/wp-content\/uploads\/2021\/01\/Breast.jpg\" alt=\"Resultado de aumento de senos\" width=\"357\" height=\"282\" data-src=\"https:\/\/moeinsurgicalarts.com\/wp-content\/uploads\/2021\/01\/Breast.jpg\"><\/p>\n<p>Dependiendo de la <a href=\"https:\/\/www.kenhub.com\/en\/library\/anatomy\/breast\" rel=\"noopener\">anatom\u00eda de tus senos<\/a> existente y cu\u00e1nta ptosis (ca\u00edda) est\u00e9 presente, el Dr. Moein utilizar\u00e1 una de las 4 t\u00e9cnicas de incisi\u00f3n para comenzar tu combinado de <a href=\"https:\/\/moeinsurgicalarts.com\/es\/procedimientos-de-mama\/aumento-de-senos\/\">aumento de senos<\/a> y levantamiento. Ten en cuenta que, en general, cuanto m\u00e1s ca\u00eddos est\u00e9n tus senos, m\u00e1s extensas ser\u00e1n tus incisiones para proporcionar la correcci\u00f3n y el levantamiento necesarios.<\/p>\n\n<p>El procedimiento comienza con la administraci\u00f3n de anestesia general para permitirte dormir c\u00f3modamente durante el procedimiento y minimizar la incomodidad. Luego se crea una incisi\u00f3n alrededor del pez\u00f3n en cada seno. Puedes obtener m\u00e1s informaci\u00f3n sobre los\u00a0tipos de incisiones de levantamiento de senos<\/p>\n\n<p>Una vez realizadas las incisiones, el Dr. Moein tiene acceso para eliminar el exceso de piel y tejido mamario. Tambi\u00e9n puede crear un bolsillo dentro del tejido mamario donde se colocar\u00e1 cada implante. Los implantes mamarios se colocan utilizando la misma incisi\u00f3n hecha para el levantamiento de senos. Se pueden utilizar <a href=\"https:\/\/moeinsurgicalarts.com\/ideal-breast-surgery-for-body-contouring\/\">implantes de silicona o suero<\/a> como parte de este procedimiento. Para completar la operaci\u00f3n, las incisiones se cierran con puntos m\u00e9dicos.<\/p>\n\t\t\t\t<img decoding=\"async\" src=\"https:\/\/moeinsurgicalarts.com\/wp-content\/uploads\/2023\/03\/border-bg-copia.webp\" alt=\"border-bg copia\" itemprop=\"image\" height=\"37\" width=\"802\" title=\"border-bg copia\" onerror=\"this.style.display='none'\" loading=\"lazy\">\n<h2>PROGRAMA UNA<br>\nCONSULTA<\/h2>\n\nPara obtener m\u00e1s informaci\u00f3n sobre\u00a0<strong>DR BABAK MOEIN.<\/strong>\u00a0Te recomendamos solicitar una consulta en l\u00ednea. Si lo prefieres, eres m\u00e1s que bienvenido a llamar a nuestra oficina<br>\npara programar tu cita.\n\n<p><a href=\"tel:+1-310-589-3691\">310 455 8020<\/a><\/p>\n\t\t\t\t<a href=\"https:\/\/moeinsurgicalarts.com\/es\/contactar-con-el-cirujano-estetico\/\" target=\"_blank\" rel=\"noopener\" itemprop=\"url\">\n\t\t\t\t<img decoding=\"async\" src=\"https:\/\/moeinsurgicalarts.com\/wp-content\/uploads\/2023\/03\/contact-us-copia.webp\" alt=\"Logo design for a body contouring contact us page, featuring a white background.\" itemprop=\"image\" height=\"102\" width=\"397\" title=\"Logo design for a body contouring contact us page, featuring a white background.\" onerror=\"this.style.display='none'\" loading=\"lazy\">\n\t\t\t\t<\/a>\n\t\t\t\t<img decoding=\"async\" src=\"https:\/\/moeinsurgicalarts.com\/wp-content\/uploads\/2023\/03\/border-bg-copia.webp\" alt=\"border-bg copia\" itemprop=\"image\" height=\"37\" width=\"802\" title=\"border-bg copia\" onerror=\"this.style.display='none'\" loading=\"lazy\">\n<h2>\n\t\t\tCosto de Elevaci\u00f3n y Aumento de Senos\t<\/h2>\n\t\t\t\t<img decoding=\"async\" src=\"https:\/\/moeinsurgicalarts.com\/wp-content\/uploads\/2023\/05\/Breast-Reduction-in-Los-Angeles-CA.jpg\" alt=\"Breast Augmentation &amp; Lift\" itemprop=\"image\" height=\"567\" width=\"850\" title=\"Breast Augmentation &amp; Lift\" onerror=\"this.style.display='none'\" loading=\"lazy\">\n\t<p>El costo de un levantamiento y aumento de senos en Los \u00c1ngeles puede variar significativamente dependiendo de varios factores, incluyendo la experiencia del cirujano, la complejidad del procedimiento y el tipo de implantes utilizados. En promedio, los pacientes pueden esperar pagar entre $10,000 y $15,000 por un levantamiento y aumento de senos combinados. Este costo generalmente incluye la tarifa del cirujano, la anestesia, los gastos de la cl\u00ednica y el precio de los implantes. Sin embargo, gastos adicionales como pruebas preoperatorias, <a href=\"https:\/\/www.plasticsurgery.org\/news\/blog\/the-importance-of-compression-after-plastic-surgery\" rel=\"noopener\">prendas postoperatorias<\/a> y citas de seguimiento pueden no estar siempre incluidos en la cotizaci\u00f3n inicial.<\/p>\n<p>Los \u00c1ngeles es conocido por sus altamente capacitados <a href=\"https:\/\/www.cosmeticsurgery.org\/\" rel=\"noopener\">cirujanos cosm\u00e9ticos<\/a>, muchos de los cuales est\u00e1n certificados por la junta y tienen una amplia experiencia en procedimientos de senos. Aunque esto contribuye a costos ligeramente m\u00e1s altos que en otras ciudades, los pacientes se benefician del acceso a tecnolog\u00eda de vanguardia y atenci\u00f3n personalizada. Invertir en un cirujano calificado asegura seguridad, resultados \u00f3ptimos y tranquilidad. Es esencial programar una consulta para recibir una cotizaci\u00f3n detallada adaptada a sus necesidades y objetivos espec\u00edficos. A menudo est\u00e1n disponibles <a href=\"https:\/\/moeinsurgicalarts.com\/es\/cosmeticos-plastico-opciones-de-financiacion-de-cirugia\/\">opciones de financiamiento<\/a> para hacer el procedimiento m\u00e1s accesible.<\/p>\n<h2>\u00a0Recuperaci\u00f3n de la Elevaci\u00f3n y Aumento de Senos<\/h2>\n<p>Despu\u00e9s de la cirug\u00eda, te recuperar\u00e1s brevemente en nuestra sala de recuperaci\u00f3n antes de ser enviada a casa. El Dr. Moein recetar\u00e1 medicaci\u00f3n para el dolor para ayudarte a estar c\u00f3moda durante los primeros d\u00edas despu\u00e9s de tu procedimiento. Tambi\u00e9n proporcionaremos instrucciones detalladas para seguir despu\u00e9s de la cirug\u00eda para que puedas recuperarte sin complicaciones. Te instamos a seguir estas instrucciones cuidadosamente.<\/p>\n\n<p>Mientras te est\u00e1s recuperando, deber\u00e1s ser muy delicada con los tejidos en el \u00e1rea del pecho. Deber\u00edas estar lista para volver a tu rutina regular en aproximadamente una semana. Sin embargo, tendr\u00e1s que tomar un descanso de varias semanas de ejercicio extenuante u otras actividades que sean demasiado f\u00edsicamente exigentes.<\/p>\n\n<p>Es normal que haya algo de moretones e hinchaz\u00f3n despu\u00e9s de la cirug\u00eda, y estos se pueden minimizar utilizando compresas fr\u00edas y usando un sujetador de soporte quir\u00fargico especial. Tendr\u00e1s una <a href=\"https:\/\/moeinsurgicalarts.com\/es\/contactar-con-el-cirujano-estetico\/\">cita de seguimiento con el Dr. Moein<\/a> para asegurarte de que tu curaci\u00f3n est\u00e1 bien encaminada.<\/p>\n<h2>\n\t\t\tReferencias\t<\/h2>\n\t1. Payer, J. (2024)<br>\nMAMAS (mastopexia-aumento aplicable y sencillo): todos los pacientes estaban satisfechos con las evaluaciones de Breast\u2011Q<br>\nCirug\u00eda Pl\u00e1stica Est\u00e9tica<br>\nLa t\u00e9cnica quir\u00fargica MAMAS enfatiza el marcado preciso preoperatorio para optimizar los resultados de la mastopexia con aumento, logrando una alta satisfacci\u00f3n del paciente.<br>\n<a href=\"https:\/\/pmc.ncbi.nlm.nih.gov\/articles\/PMC7647657\/?utm_source=chatgpt.com\" target=\"_blank\" rel=\"noopener\">[PMC][1]<\/a>\n2. Abdelkader, R., et al. (2022)<br>\nMastopexia con Aumento: Un Enfoque de Estrategia Estandarizada de Cinco Pasos<br>\nCirug\u00eda Pl\u00e1stica y Reconstructiva \u2013 Global Open<br>\nEsta serie retrospectiva de 50 casos de mastopexia con aumento demostr\u00f3 resultados confiables con un riesgo m\u00ednimo y mejor\u00f3 la satisfacci\u00f3n tanto del paciente como del cirujano.<br>\n<a href=\"https:\/\/pmc.ncbi.nlm.nih.gov\/articles\/PMC9200382\/\" target=\"_blank\" rel=\"noopener\">National Library of Medicine<\/a>\n3. Gentile, P., &amp; De Angelis, B. (2025)<br>\nRevisi\u00f3n Sistem\u00e1tica: Mastopexia Periareolar con Implantes de Mama e Injerto de Grasa<br>\nCirug\u00eda Pl\u00e1stica Est\u00e9tica<br>\nInvolucrando 13 estudios y 1,165 pacientes, esta revisi\u00f3n mostr\u00f3 que el 85% report\u00f3 una alta satisfacci\u00f3n, con resultados est\u00e9ticos favorables en m\u00e1s del 78% de los casos y bajas tasas de complicaciones.<br>\n<a href=\"https:\/\/link.springer.com\/article\/10.1007\/s00266-025-05116-z?utm_source=chatgpt.com\" target=\"_blank\" rel=\"noopener\">link.springer.com<\/a>\n\t\t\t<a href=\"https:\/\/moeinsurgicalarts.com\/es\/surgeries-and-procedures-in-los-angeles-ca\/\" target=\"_blank\" rel=\"noopener\">\n\t\t\t\t\t\tVideos de Cirug\u00eda de Senos\n\t\t\t\t\t<\/a>\n\t<blockquote data-instgrm-captioned data-instgrm-permalink=\"https:\/\/www.instagram.com\/reel\/CmUuhXvI72d\/?utm_source=ig_embed&amp;utm_campaign=loading\" data-instgrm-version=\"14\"> <a href=\"https:\/\/www.instagram.com\/reel\/CmUuhXvI72d\/?utm_source=ig_embed&amp;utm_campaign=loading\" target=\"_blank\" rel=\"noopener\">       Ver esta publicaci\u00f3n en Instagram            <\/a><p><a href=\"https:\/\/www.instagram.com\/reel\/CmUuhXvI72d\/?utm_source=ig_embed&amp;utm_campaign=loading\" target=\"_blank\" rel=\"noopener\">Una publicaci\u00f3n compartida por Babak Moeinolmolki, MD FACS (@drbabakmoein)<\/a><\/p><\/blockquote><br>\n\t<blockquote data-instgrm-captioned data-instgrm-permalink=\"https:\/\/www.instagram.com\/reel\/CjZK_NiIUj7\/?utm_source=ig_embed&amp;utm_campaign=loading\" data-instgrm-version=\"14\"> <a href=\"https:\/\/www.instagram.com\/reel\/CjZK_NiIUj7\/?utm_source=ig_embed&amp;utm_campaign=loading\" target=\"_blank\" rel=\"noopener\">       Ver esta publicaci\u00f3n en Instagram            <\/a><p><a href=\"https:\/\/www.instagram.com\/reel\/CjZK_NiIUj7\/?utm_source=ig_embed&amp;utm_campaign=loading\" target=\"_blank\" rel=\"noopener\">Una publicaci\u00f3n compartida por Babak Moeinolmolki, MD FACS (@drbabakmoein)<\/a><\/p><\/blockquote><br>\n\n","protected":false},"excerpt":{"rendered":"<p>Introducci\u00f3n al Levantamiento y Aumento de Senos en Los \u00c1ngeles Para las mujeres que desean aumentar el tama\u00f1o de sus senos y tambi\u00e9n elevar y remodelar sus senos a una posici\u00f3n m\u00e1s juvenil y firme, el Dr. Moein puede realizar un procedimiento combinado de aumento y elevaci\u00f3n de senos. Este tipo de cirug\u00eda tambi\u00e9n se [&hellip;]<\/p>\n","protected":false},"author":7,"featured_media":45620,"parent":49767,"menu_order":0,"comment_status":"closed","ping_status":"closed","template":"","meta":{"footnotes":""},"class_list":["post-49770","page","type-page","status-publish","has-post-thumbnail","hentry"],"_links":{"self":[{"href":"https:\/\/moeinsurgicalarts.com\/es\/wp-json\/wp\/v2\/pages\/49770","targetHints":{"allow":["GET"]}}],"collection":[{"href":"https:\/\/moeinsurgicalarts.com\/es\/wp-json\/wp\/v2\/pages"}],"about":[{"href":"https:\/\/moeinsurgicalarts.com\/es\/wp-json\/wp\/v2\/types\/page"}],"author":[{"embeddable":true,"href":"https:\/\/moeinsurgicalarts.com\/es\/wp-json\/wp\/v2\/users\/7"}],"replies":[{"embeddable":true,"href":"https:\/\/moeinsurgicalarts.com\/es\/wp-json\/wp\/v2\/comments?post=49770"}],"version-history":[{"count":3,"href":"https:\/\/moeinsurgicalarts.com\/es\/wp-json\/wp\/v2\/pages\/49770\/revisions"}],"predecessor-version":[{"id":56677,"href":"https:\/\/moeinsurgicalarts.com\/es\/wp-json\/wp\/v2\/pages\/49770\/revisions\/56677"}],"up":[{"embeddable":true,"href":"https:\/\/moeinsurgicalarts.com\/es\/wp-json\/wp\/v2\/pages\/49767"}],"wp:featuredmedia":[{"embeddable":true,"href":"https:\/\/moeinsurgicalarts.com\/es\/wp-json\/wp\/v2\/media\/45620"}],"wp:attachment":[{"href":"https:\/\/moeinsurgicalarts.com\/es\/wp-json\/wp\/v2\/media?parent=49770"}],"curies":[{"name":"wp","href":"https:\/\/api.w.org\/{rel}","templated":true}]}}