{"id":49767,"date":"2018-02-20T07:49:15","date_gmt":"2018-02-20T14:49:15","guid":{"rendered":"https:\/\/moeinsurgicalarts.com\/procedimientos-de-mama\/"},"modified":"2025-08-21T06:01:24","modified_gmt":"2025-08-21T13:01:24","slug":"procedimientos-de-mama","status":"publish","type":"page","link":"https:\/\/moeinsurgicalarts.com\/es\/procedimientos-de-mama\/","title":{"rendered":"Procedimientos de Mama"},"content":{"rendered":"\n<h2>\n\t\t\tPROCEDIMIENTOS DE MAMA\t<\/h2>\n\t\t\t<a href=\"https:\/\/moeinsurgicalarts.com\/es\/procedimientos-de-mama\/aumento-de-senos\/\" target=\"_blank\" rel=\"noopener\">\n\t\t\t\t\t\t\tAumento de Senos\n\t\t\t\t\t<\/a>\n\t\t\t<a href=\"https:\/\/moeinsurgicalarts.com\/breast-procedures\/natural-breast-augmentation\/\" target=\"_blank\" rel=\"noopener\">\n\t\t\t\t\t\t\tAumento Natural de Senos\n\t\t\t\t\t<\/a>\n\t\t\t<a href=\"https:\/\/moeinsurgicalarts.com\/es\/procedimientos-de-mama\/levantamiento-de-senos\/\" target=\"_blank\" rel=\"noopener\">\n\t\t\t\t\t\t\tLevantamiento de Senos\n\t\t\t\t\t<\/a>\n\t\t\t<a href=\"https:\/\/moeinsurgicalarts.com\/breast-procedures\/breast-lift-and-augmentation\/\" target=\"_blank\" rel=\"noopener\">\n\t\t\t\t\t\t\tAumento y Levantamiento de Senos\n\t\t\t\t\t<\/a>\n\t\t\t<a href=\"https:\/\/moeinsurgicalarts.com\/breast-procedures\/breast-reduction\/\" target=\"_blank\" rel=\"noopener\">\n\t\t\t\t\t\t\tReducci\u00f3n de Senos\n\t\t\t\t\t<\/a>\n\t\t\t<a href=\"https:\/\/moeinsurgicalarts.com\/breast-procedures\/inverted-nipple-correction\/\" target=\"_blank\" rel=\"noopener\">\n\t\t\t\t\t\t\tCorrecci\u00f3n de Pez\u00f3n Invertido\n\t\t\t\t\t<\/a>\n\t\t\t\t<img decoding=\"async\" src=\"https:\/\/moeinsurgicalarts.com\/wp-content\/uploads\/2023\/03\/border-bg-copia.webp\" alt=\"Space line\" itemprop=\"image\" height=\"37\" width=\"802\" title=\"border-bg copia\" onerror=\"this.style.display='none'\" loading=\"lazy\">\nPROGRAMA UNA<br>\nCONSULTA\n\nPara obtener m\u00e1s informaci\u00f3n sobre\u00a0<strong>DR BABAK MOEIN.<\/strong>\u00a0Te recomendamos solicitar una consulta en l\u00ednea. Si lo prefieres, eres m\u00e1s que bienvenido a llamar a nuestra oficina<br>\npara programar tu cita.\n\n<p><a href=\"tel:+1-310-683-4634\">310 683 4634<\/a><\/p>\n\t\t\t\t<a href=\"https:\/\/moeinsurgicalarts.com\/es\/contactar-con-el-cirujano-estetico\/\" target=\"_blank\" rel=\"noopener\" itemprop=\"url\">\n\t\t\t\t<img decoding=\"async\" src=\"https:\/\/moeinsurgicalarts.com\/wp-content\/uploads\/2023\/03\/contact-us-copia.webp\" alt=\"Logo design for a body contouring contact us page, featuring a white background.\" itemprop=\"image\" height=\"102\" width=\"397\" title=\"Logo design for a body contouring contact us page, featuring a white background.\" onerror=\"this.style.display='none'\" loading=\"lazy\">\n\t\t\t\t<\/a>\n\t\t\t\t<img decoding=\"async\" src=\"https:\/\/moeinsurgicalarts.com\/wp-content\/uploads\/2023\/03\/border-bg-copia.webp\" alt=\"Space line\" itemprop=\"image\" height=\"37\" width=\"802\" title=\"border-bg copia\" onerror=\"this.style.display='none'\" loading=\"lazy\">\n\n","protected":false},"excerpt":{"rendered":"<p>PROCEDIMIENTOS DE MAMA Aumento de Senos Aumento Natural de Senos Levantamiento de Senos Aumento y Levantamiento de Senos Reducci\u00f3n de Senos Correcci\u00f3n de Pez\u00f3n Invertido PROGRAMA UNA CONSULTA Para obtener m\u00e1s informaci\u00f3n sobre\u00a0DR BABAK MOEIN.\u00a0Te recomendamos solicitar una consulta en l\u00ednea. Si lo prefieres, eres m\u00e1s que bienvenido a llamar a nuestra oficina para programar [&hellip;]<\/p>\n","protected":false},"author":7,"featured_media":45620,"parent":0,"menu_order":0,"comment_status":"closed","ping_status":"closed","template":"","meta":{"footnotes":""},"class_list":["post-49767","page","type-page","status-publish","has-post-thumbnail","hentry"],"_links":{"self":[{"href":"https:\/\/moeinsurgicalarts.com\/es\/wp-json\/wp\/v2\/pages\/49767","targetHints":{"allow":["GET"]}}],"collection":[{"href":"https:\/\/moeinsurgicalarts.com\/es\/wp-json\/wp\/v2\/pages"}],"about":[{"href":"https:\/\/moeinsurgicalarts.com\/es\/wp-json\/wp\/v2\/types\/page"}],"author":[{"embeddable":true,"href":"https:\/\/moeinsurgicalarts.com\/es\/wp-json\/wp\/v2\/users\/7"}],"replies":[{"embeddable":true,"href":"https:\/\/moeinsurgicalarts.com\/es\/wp-json\/wp\/v2\/comments?post=49767"}],"version-history":[{"count":0,"href":"https:\/\/moeinsurgicalarts.com\/es\/wp-json\/wp\/v2\/pages\/49767\/revisions"}],"wp:featuredmedia":[{"embeddable":true,"href":"https:\/\/moeinsurgicalarts.com\/es\/wp-json\/wp\/v2\/media\/45620"}],"wp:attachment":[{"href":"https:\/\/moeinsurgicalarts.com\/es\/wp-json\/wp\/v2\/media?parent=49767"}],"curies":[{"name":"wp","href":"https:\/\/api.w.org\/{rel}","templated":true}]}}