{"id":49766,"date":"2023-03-27T06:56:09","date_gmt":"2023-03-27T13:56:09","guid":{"rendered":"https:\/\/moeinsurgicalarts.com\/surgeries-and-procedures-in-los-angeles-ca\/"},"modified":"2025-08-21T05:56:31","modified_gmt":"2025-08-21T12:56:31","slug":"surgeries-and-procedures-in-los-angeles-ca","status":"publish","type":"page","link":"https:\/\/moeinsurgicalarts.com\/es\/surgeries-and-procedures-in-los-angeles-ca\/","title":{"rendered":"Transformaciones reales de cirug\u00eda de senos en Los \u00c1ngeles"},"content":{"rendered":"\n<h2>\n\t\t\tINTRODUCCI\u00d3N A LAS CIRUG\u00cdAS Y PROCEDIMIENTOS DE MAMAS EN LOS \u00c1NGELES, CA\t<\/h2>\n\t\t\t<a href=\"#breast-augmentation\" target=\"_self\">\n\t\t\t\t\t\t\tBreast augmentation\n\t\t\t\t\t<\/a>\n\t\t\t<a href=\"#natural-breast-augmentation\" target=\"_self\">\n\t\t\t\t\t\t\tNATURAL BREAST AUGMENTATION\n\t\t\t\t\t<\/a>\n\t\t\t<a href=\"#breast-lift\" target=\"_self\">\n\t\t\t\t\t\t\tBREAST LIFT\n\t\t\t\t\t<\/a>\n\t\t\t<a href=\"#breast-augmentation-and-lift\" target=\"_self\">\n\t\t\t\t\t\t\tBREAST AUGMENTATION &amp; LIFT\n\t\t\t\t\t<\/a>\n\t\t\t<a href=\"#breast-reduction\" target=\"_self\">\n\t\t\t\t\t\t\tBREAST REDUCTION\n\t\t\t\t\t<\/a>\n<h2>\n\t\t<a href=\"https:\/\/moeinsurgicalarts.com\/es\/procedimientos-de-mama\/aumento-de-senos\/\" title=\"Video de Aumento de Senos en Los \u00c1ngeles\" target=\"_self\">\n\t\t\tVideo de Aumento de Senos en Los \u00c1ngeles\t\t<\/a>\n\t<\/h2>\n\t<div class=\"video-container\"><div class=\"video-item\"><div class=\"lazyvideo\" data-url=\"https:\/\/www.youtube.com\/embed\/gGlYwsvvSl8\"><img style=\"height:100%;\" loading=\"lazy\" alt=\"video\" src=\"\/wp-content\/themes\/drmoein\/cache\/e526706a3b473ddcad871e3177c274e3.webp\"><\/div><\/div><div class=\"video-item\"><div class=\"lazyvideo\" data-url=\"https:\/\/www.youtube.com\/embed\/2h-tv2gHIZA\"><img style=\"height:100%;\" loading=\"lazy\" alt=\"video\" src=\"\/wp-content\/themes\/drmoein\/cache\/892e85cfe7c2b2f3e54848e050b54c23.webp\"><\/div><\/div><div class=\"video-item\"><div class=\"lazyvideo\" aria-label=\"Play video\" data-url=\"https:\/\/player.understand.com\/drmoein\/en\/b4d9716a-d5ff-4ec9-8d1a-931ad6997c9e\/2a60e26b-a17d-4bbb-930b-c4e30e4d3fa2?pauseFirstStep=1\"><img loading=\"lazy\" alt=\"video\" style=\"height:100%;\" data-src=\"\/wp-content\/themes\/drmoein\/cache\/5ecd0e63c50c33d9e5245e72844e2343.webp\" src=\"data:image\/gif;base64,R0lGODdhAQABAPAAAMPDwwAAACwAAAAAAQABAAACAkQBADs=\"><\/div><\/div><\/div>\n<h2>\n\t\t\tVideo de AUMENTO DE PECHO NATURAL en Los \u00c1ngeles\t<\/h2>\n\t<div class=\"video-container\"><div class=\"video-item\"><div class=\"lazyvideo\" aria-label=\"Play video\" data-url=\"https:\/\/content-files.understand.com\/7adee2d8-7b85-4be3-8e12-02169c6c9b73.mp4\"><img loading=\"lazy\" alt=\"video\" style=\"height:100%;\" data-src=\"\/wp-content\/themes\/drmoein\/cache\/ea395faf95832bc259db6f4691cf8bca.webp\" src=\"data:image\/gif;base64,R0lGODdhAQABAPAAAMPDwwAAACwAAAAAAQABAAACAkQBADs=\"><\/div><\/div><\/div>\n<h2>\n\t\t<a href=\"https:\/\/healthylifebariatrics.com\/breast-lift-mastopexy\/\" title=\"Video de Levantamiento de Senos en Los \u00c1ngeles\" target=\"_self\" rel=\"noopener\">\n\t\t\tVideo de Levantamiento de Senos en Los \u00c1ngeles\t\t<\/a>\n\t<\/h2>\n\t<div class=\"video-container\"><div class=\"video-item\"><div class=\"lazyvideo\" data-url=\"https:\/\/www.youtube.com\/embed\/80NpkKRGmgQ\"><img style=\"height:100%;\" loading=\"lazy\" alt=\"video\" src=\"\/wp-content\/themes\/drmoein\/cache\/ac73739addc9eb61dda2d3981291a6f8.webp\"><\/div><\/div><div class=\"video-item\"><div class=\"lazyvideo\" aria-label=\"Play video\" data-url=\"https:\/\/content-files.understand.com\/f0044aa5-80fb-4346-a64e-bf33f1b16f72.mp4\"><img loading=\"lazy\" alt=\"video\" style=\"height:100%;\" data-src=\"\/wp-content\/themes\/drmoein\/cache\/ea395faf95832bc259db6f4691cf8bca.webp\" src=\"data:image\/gif;base64,R0lGODdhAQABAPAAAMPDwwAAACwAAAAAAQABAAACAkQBADs=\"><\/div><\/div><\/div>\n<h2>\n\t\t\tBREAST AUGMENTATION &amp; LIFT Video en Los \u00c1ngeles\t<\/h2>\n\t<div class=\"video-container\"><div class=\"video-item\"><div class=\"lazyvideo\" aria-label=\"Play video\" data-url=\"https:\/\/content-files.understand.com\/b372cebf-9417-4ca3-9564-c77a2848796f.mp4\"><img loading=\"lazy\" alt=\"video\" style=\"height:100%;\" data-src=\"\/wp-content\/themes\/drmoein\/cache\/ea395faf95832bc259db6f4691cf8bca.webp\" src=\"data:image\/gif;base64,R0lGODdhAQABAPAAAMPDwwAAACwAAAAAAQABAAACAkQBADs=\"><\/div><\/div><div class=\"video-item\"><div class=\"lazyvideo\" aria-label=\"Play video\" data-url=\"https:\/\/content-files.understand.com\/5f7dd7a8-54ec-4c92-a209-eafbcfd00b2a.mp4\"><img loading=\"lazy\" alt=\"video\" style=\"height:100%;\" data-src=\"\/wp-content\/themes\/drmoein\/cache\/ea395faf95832bc259db6f4691cf8bca.webp\" src=\"data:image\/gif;base64,R0lGODdhAQABAPAAAMPDwwAAACwAAAAAAQABAAACAkQBADs=\"><\/div><\/div><\/div>\n<h2>\n\t\t\tVideo de Reducci\u00f3n de Senos en Los \u00c1ngeles\t<\/h2>\n\t<div class=\"video-container\"><div class=\"video-item\"><div class=\"lazyvideo\" aria-label=\"Play video\" data-url=\"https:\/\/content-files.understand.com\/479c3534-3e70-4ba4-85c9-5d5ac2a35f6e.mp4\"><img loading=\"lazy\" alt=\"video\" style=\"height:100%;\" data-src=\"\/wp-content\/themes\/drmoein\/cache\/ea395faf95832bc259db6f4691cf8bca.webp\" src=\"data:image\/gif;base64,R0lGODdhAQABAPAAAMPDwwAAACwAAAAAAQABAAACAkQBADs=\"><\/div><\/div><div class=\"video-item\"><div class=\"lazyvideo\" data-url=\"https:\/\/player.vimeo.com\/video\/710491910?h=56adc15b16\"><img style=\"height:100%;\" loading=\"lazy\" alt=\"video\" src=\"https:\/\/vumbnail.com\/710491910.jpg\"><\/div><\/div><\/div>\n\n","protected":false},"excerpt":{"rendered":"<p>INTRODUCCI\u00d3N A LAS CIRUG\u00cdAS Y PROCEDIMIENTOS DE MAMAS EN LOS \u00c1NGELES, CA Breast augmentation NATURAL BREAST AUGMENTATION BREAST LIFT BREAST AUGMENTATION &amp; LIFT BREAST REDUCTION Video de Aumento de Senos en Los \u00c1ngeles Video de AUMENTO DE PECHO NATURAL en Los \u00c1ngeles Video de Levantamiento de Senos en Los \u00c1ngeles BREAST AUGMENTATION &amp; LIFT Video [&hellip;]<\/p>\n","protected":false},"author":6,"featured_media":46065,"parent":0,"menu_order":0,"comment_status":"closed","ping_status":"closed","template":"","meta":{"footnotes":""},"class_list":["post-49766","page","type-page","status-publish","has-post-thumbnail","hentry"],"_links":{"self":[{"href":"https:\/\/moeinsurgicalarts.com\/es\/wp-json\/wp\/v2\/pages\/49766","targetHints":{"allow":["GET"]}}],"collection":[{"href":"https:\/\/moeinsurgicalarts.com\/es\/wp-json\/wp\/v2\/pages"}],"about":[{"href":"https:\/\/moeinsurgicalarts.com\/es\/wp-json\/wp\/v2\/types\/page"}],"author":[{"embeddable":true,"href":"https:\/\/moeinsurgicalarts.com\/es\/wp-json\/wp\/v2\/users\/6"}],"replies":[{"embeddable":true,"href":"https:\/\/moeinsurgicalarts.com\/es\/wp-json\/wp\/v2\/comments?post=49766"}],"version-history":[{"count":0,"href":"https:\/\/moeinsurgicalarts.com\/es\/wp-json\/wp\/v2\/pages\/49766\/revisions"}],"wp:featuredmedia":[{"embeddable":true,"href":"https:\/\/moeinsurgicalarts.com\/es\/wp-json\/wp\/v2\/media\/46065"}],"wp:attachment":[{"href":"https:\/\/moeinsurgicalarts.com\/es\/wp-json\/wp\/v2\/media?parent=49766"}],"curies":[{"name":"wp","href":"https:\/\/api.w.org\/{rel}","templated":true}]}}