{"id":49764,"date":"2018-05-10T09:24:47","date_gmt":"2018-05-10T16:24:47","guid":{"rendered":"https:\/\/moeinsurgicalarts.com\/procedimientos-corporales\/el-mejor-lifting-corporal-en-los-angeles-ca\/"},"modified":"2025-08-21T05:59:36","modified_gmt":"2025-08-21T12:59:36","slug":"el-mejor-lifting-corporal-en-los-angeles-ca","status":"publish","type":"page","link":"https:\/\/moeinsurgicalarts.com\/es\/procedimientos-corporales\/el-mejor-lifting-corporal-en-los-angeles-ca\/","title":{"rendered":"Mejor Lifting Corporal Los \u00c1ngeles, CA"},"content":{"rendered":"\n<h2>\n\t\t\tLEVANTAMIENTO CORPORAL\t<\/h2>\n\t<section>\n<h2>\u00bfQU\u00c9 ES UN LIFTING CORPORAL?<\/h2>\n<p>Un lifting corporal es un procedimiento de cirug\u00eda pl\u00e1stica que elimina el exceso de piel para remodelar y <a href=\"https:\/\/moeinsurgicalarts.com\/es\/med-spa-services\/body-contouring\/\">contornear el cuerpo<\/a>. El procedimiento de lifting corporal puede realizarse como un lifting superior o inferior. Un lifting superior puede enfocarse en el pecho, cuello, espalda y brazos. Un lifting inferior puede abordar problemas con el abdomen, la cintura, los muslos, los gl\u00fateos y las caderas. <a href=\"https:\/\/moeinsurgicalarts.com\/es\/\">En Moein Surgical Arts,<\/a> <a href=\"https:\/\/moeinsurgicalarts.com\/es\/mejor-cirujano-estetico-de-los-angeles\/certificado-del-dr-moein-cirugia-estetica-cosmetica-y-cirugia-minimamente-invasiva\/\">el Dr. Moein ofrece los mejores procedimientos de lifting corporal<\/a> para sus pacientes. Los procedimientos de lifting corporal pueden combinarse o realizarse por separado. Un procedimiento de lifting corporal se combina com\u00fanmente <a href=\"https:\/\/moeinsurgicalarts.com\/es\/procedimientos-corporales\/liposuccion-los-angeles\/\">con un procedimiento de liposucci\u00f3n<\/a>.<\/p>\n<\/section>\n\n\t<div class=\"lazyvideo\" data-url=\"https:\/\/www.youtube.com\/embed\/asEAVkAwFPQ?si=Rd5wiKYcTZG6PoRe\"><img style=\"height:100%;\" loading=\"lazy\" alt=\"video\" src=\"\/wp-content\/themes\/drmoein\/cache\/941b694ac0289b78109d5a484ead6d70.webp\"><\/div>\n<h2>\n\t\t\tANTES Y DESPU\u00c9S\t<\/h2>\n\t\t\t\t<img decoding=\"async\" src=\"https:\/\/moeinsurgicalarts.com\/wp-content\/uploads\/2023\/03\/body-lift-bf01-copia.webp\" alt=\"Tummy tuck and body lift before and after.\" itemprop=\"image\" height=\"243\" width=\"454\" title=\"Tummy tuck and body lift before and after.\" onerror=\"this.style.display='none'\" loading=\"lazy\">\n\t\t\t\t<img decoding=\"async\" src=\"https:\/\/moeinsurgicalarts.com\/wp-content\/uploads\/2023\/03\/body-lift-bf02-copia.webp\" alt=\"Tummy tuck and body lift before and after.\" itemprop=\"image\" height=\"243\" width=\"454\" title=\"Tummy tuck and body lift before and after.\" onerror=\"this.style.display='none'\" loading=\"lazy\">\n<h2>\n\t\t\tM\u00c1S EJEMPLOS DE ELEVACI\u00d3N CORPORAL:\t<\/h2>\n\t\t\t<a href=\"https:\/\/moeinsurgicalarts.com\/es\/before-and-after-cosmetic-surgery\/levantamiento-del-cuerpo-antes-y-despues\/\" target=\"_blank\" rel=\"noopener\">\n\t\t\t\t\t\t\tVER M\u00c1S\u2026\n\t\t\t\t\t<\/a>\n<h2>\u00bfSOY CANDIDATO PARA UN PROCEDIMIENTO DE CONTORNEADO CORPORAL?<\/h2>\n\n<p>Los candidatos pueden querer abordar preocupaciones funcionales y est\u00e9ticas despu\u00e9s de haber experimentado una p\u00e9rdida de peso significativa con un <a href=\"https:\/\/moeinsurgicalarts.com\/cosmetic-surgeries-for-the-body\/\">procedimiento de contorneado corporal<\/a>. Los pacientes deben estar cerca de su peso ideal para obtener los mejores resultados posibles. Los candidatos deben gozar de buena salud y tener expectativas realistas. <a href=\"https:\/\/moeinsurgicalarts.com\/es\/mejor-cirujano-estetico-de-los-angeles\/\">El Dr. Moein se reunir\u00e1 individualmente con cada paciente para una consulta exhaustiva<\/a>. El Dr. Moein realizar\u00e1 un examen f\u00edsico completo y revisar\u00e1 el historial m\u00e9dico del paciente. Los pacientes pueden discutir sus preocupaciones, objetivos y expectativas para este procedimiento con el Dr. Moein durante esta cita. El Dr. Moein dise\u00f1ar\u00e1 un plan de tratamiento personalizado de contorneado corporal para el paciente basado en sus objetivos ideales y su experiencia.<\/p>\n\t\t\t\t<img decoding=\"async\" src=\"https:\/\/moeinsurgicalarts.com\/wp-content\/uploads\/Body-Lift-in-Los-Angeles-CA.jpeg\" alt=\"Body Lift in Los Angeles, CA\" itemprop=\"image\" height=\"720\" width=\"1280\" title=\"Body Lift in Los Angeles, CA\" onerror=\"this.style.display='none'\" loading=\"lazy\">\n\t\t\t\t<img decoding=\"async\" src=\"https:\/\/moeinsurgicalarts.com\/wp-content\/uploads\/2023\/03\/border-bg-copia.webp\" alt=\"Space line\" itemprop=\"image\" height=\"37\" width=\"802\" title=\"border-bg copia\" onerror=\"this.style.display='none'\" loading=\"lazy\">\nPROGRAMAR UNA<br>\nCONSULTA\n\nPara obtener m\u00e1s informaci\u00f3n sobre\u00a0<strong>DR BABAK MOEIN.<\/strong>\u00a0Te recomendamos solicitar una consulta en l\u00ednea. Si lo prefieres, eres m\u00e1s que bienvenido a llamar a nuestra oficina<br>\npara programar tu cita.\n\n<p><a href=\"tel:+1-310-455-8020\">310 455 8020<\/a><\/p>\n\t\t\t\t<a href=\"https:\/\/moeinsurgicalarts.com\/es\/contactar-con-el-cirujano-estetico\/\" target=\"_blank\" rel=\"noopener\" itemprop=\"url\">\n\t\t\t\t<img decoding=\"async\" src=\"https:\/\/moeinsurgicalarts.com\/wp-content\/uploads\/2023\/03\/contact-us-copia.webp\" alt=\"Logo design for a body contouring contact us page, featuring a white background.\" itemprop=\"image\" height=\"102\" width=\"397\" title=\"Logo design for a body contouring contact us page, featuring a white background.\" onerror=\"this.style.display='none'\" loading=\"lazy\">\n\t\t\t\t<\/a>\n\t\t\t\t<img decoding=\"async\" src=\"https:\/\/moeinsurgicalarts.com\/wp-content\/uploads\/2023\/03\/border-bg-copia.webp\" alt=\"Space line\" itemprop=\"image\" height=\"37\" width=\"802\" title=\"border-bg copia\" onerror=\"this.style.display='none'\" loading=\"lazy\">\n\t<div class=\"lazyvideo\" data-url=\"https:\/\/www.youtube.com\/embed\/ophxxFO8h_M?si=R1gMCFxmTbEvXQ2_\"><img style=\"height:100%;\" loading=\"lazy\" alt=\"video\" src=\"\/wp-content\/themes\/drmoein\/cache\/6be25b9c7a20f6ad8e689e2c6d3ec8bb.webp\"><\/div>\n\t<section>\n<h2>PROCEDIMIENTO DE CONTORNEADO CORPORAL<\/h2>\n<p>Los pacientes ser\u00e1n sometidos a anestesia general para prepararse para la cirug\u00eda. El Dr. Moein colocar\u00e1 cuidadosamente las incisiones para reposicionar y tensar la piel en las \u00e1reas objetivo. Los procedimientos de contorneado corporal variar\u00e1n seg\u00fan los objetivos ideales del paciente para el procedimiento. Se colocar\u00e1 una prenda de compresi\u00f3n despu\u00e9s del procedimiento para reducir la hinchaz\u00f3n y ayudar a que la nueva forma se asiente en su lugar.<\/p>\n<figure id=\"attachment_52218\" aria-describedby=\"caption-attachment-52218\" style=\"width: 1280px\" class=\"wp-caption aligncenter\"><img decoding=\"async\" loading=\"lazy\" src=\"https:\/\/moeinsurgicalarts.com\/wp-content\/uploads\/Body-Lift-in-LA.jpeg\" alt=\"Body Lift in Los Angeles\" width=\"1280\" height=\"720\"><figcaption id=\"caption-attachment-52218\" class=\"wp-caption-text\">Elevaci\u00f3n corporal en Los \u00c1ngeles<\/figcaption><\/figure>\n<\/section>\n<section>\n<h2>PROCESO DE RECUPERACI\u00d3N DE LA ELEVACI\u00d3N CORPORAL<\/h2>\n<p>La recuperaci\u00f3n de la elevaci\u00f3n corporal variar\u00e1 seg\u00fan el procedimiento de elevaci\u00f3n corporal del paciente. Los pacientes deben organizar un transporte hacia y desde el centro quir\u00fargico. Los pacientes pueden experimentar un ligero dolor y sensibilidad despu\u00e9s del procedimiento. Los pacientes pueden volver al trabajo despu\u00e9s de 3 semanas. Se debe evitar la actividad extenuante durante al menos 6 a 8 semanas. El Dr. Moein programar\u00e1 una cita postoperatoria para monitorear el proceso de recuperaci\u00f3n del paciente. Los resultados son duraderos y se pueden mantener con una dieta saludable y ejercicio.<\/p>\n<p>Descubra si un procedimiento de elevaci\u00f3n corporal es adecuado para usted y <strong>programe una consulta con el Dr. Moein en Moein Surgical Arts hoy<\/strong>.<\/p>\n<\/section>\n\t<div class=\"lazyvideo\" data-url=\"https:\/\/www.youtube.com\/embed\/tYKOzvTrMjY?si=nGy37ELeSr6FHpZG\"><img style=\"height:100%;\" loading=\"lazy\" alt=\"video\" src=\"\/wp-content\/themes\/drmoein\/cache\/9d0d36fce45227e6d7a6e248690e7135.webp\"><\/div>\n\n","protected":false},"excerpt":{"rendered":"<p>LEVANTAMIENTO CORPORAL \u00bfQU\u00c9 ES UN LIFTING CORPORAL? Un lifting corporal es un procedimiento de cirug\u00eda pl\u00e1stica que elimina el exceso de piel para remodelar y contornear el cuerpo. El procedimiento de lifting corporal puede realizarse como un lifting superior o inferior. Un lifting superior puede enfocarse en el pecho, cuello, espalda y brazos. Un lifting [&hellip;]<\/p>\n","protected":false},"author":7,"featured_media":45627,"parent":47887,"menu_order":0,"comment_status":"closed","ping_status":"closed","template":"","meta":{"footnotes":""},"class_list":["post-49764","page","type-page","status-publish","has-post-thumbnail","hentry"],"_links":{"self":[{"href":"https:\/\/moeinsurgicalarts.com\/es\/wp-json\/wp\/v2\/pages\/49764","targetHints":{"allow":["GET"]}}],"collection":[{"href":"https:\/\/moeinsurgicalarts.com\/es\/wp-json\/wp\/v2\/pages"}],"about":[{"href":"https:\/\/moeinsurgicalarts.com\/es\/wp-json\/wp\/v2\/types\/page"}],"author":[{"embeddable":true,"href":"https:\/\/moeinsurgicalarts.com\/es\/wp-json\/wp\/v2\/users\/7"}],"replies":[{"embeddable":true,"href":"https:\/\/moeinsurgicalarts.com\/es\/wp-json\/wp\/v2\/comments?post=49764"}],"version-history":[{"count":0,"href":"https:\/\/moeinsurgicalarts.com\/es\/wp-json\/wp\/v2\/pages\/49764\/revisions"}],"up":[{"embeddable":true,"href":"https:\/\/moeinsurgicalarts.com\/es\/wp-json\/wp\/v2\/pages\/47887"}],"wp:featuredmedia":[{"embeddable":true,"href":"https:\/\/moeinsurgicalarts.com\/es\/wp-json\/wp\/v2\/media\/45627"}],"wp:attachment":[{"href":"https:\/\/moeinsurgicalarts.com\/es\/wp-json\/wp\/v2\/media?parent=49764"}],"curies":[{"name":"wp","href":"https:\/\/api.w.org\/{rel}","templated":true}]}}