{"id":49763,"date":"2023-03-23T08:38:34","date_gmt":"2023-03-23T15:38:34","guid":{"rendered":"https:\/\/moeinsurgicalarts.com\/aumento-de-senos\/"},"modified":"2026-02-09T01:28:40","modified_gmt":"2026-02-09T09:28:40","slug":"aumento-de-senos","status":"publish","type":"page","link":"https:\/\/moeinsurgicalarts.com\/es\/procedimientos-de-mama\/aumento-de-senos\/","title":{"rendered":"Aumento de Senos"},"content":{"rendered":"\n<h2>\n\t\t\tAUMENTO DE SENOS\t<\/h2>\n<p>La aumento de senos sigue siendo uno de los procedimientos cosm\u00e9ticos m\u00e1s solicitados hoy en d\u00eda, ofreciendo a las mujeres la oportunidad de mejorar el tama\u00f1o, la forma y la proyecci\u00f3n de sus senos. Ya sea debido a la insatisfacci\u00f3n con el tama\u00f1o natural de los senos, cambios despu\u00e9s del embarazo o p\u00e9rdida de peso, o el deseo de una figura m\u00e1s equilibrada, este procedimiento proporciona soluciones altamente personalizables a trav\u00e9s de implantes o transferencia de grasa.<\/p>\n<p>Con t\u00e9cnicas quir\u00fargicas avanzadas, resultados de apariencia natural y un aumento en la confianza, muchas mujeres est\u00e1n eligiendo la aumento de senos para lograr la silueta que siempre han deseado.<\/p>\n<h2>\n\t\t\tAUMENTO DE SENOS ANTES Y DESPU\u00c9S LOS \u00c1NGELES\t<\/h2>\n\t\t\t<a href=\"https:\/\/moeinsurgicalarts.com\/es\/before-and-after-cosmetic-surgery\/aumentacion-de-mama-antes-y-despues\/\" target=\"_blank\" rel=\"noopener\">\n\t\t\t\t\t\t\tVER M\u00c1S\u2026\n\t\t\t\t\t<\/a>\n\t<iframe width=\"100%\" height=\"315\" src=\"https:\/\/www.youtube.com\/embed\/Up1W_31lgEs?autoplay=0\" title=\"YouTube video player\" frameborder=\"0\" allow=\"accelerometer; clipboard-write; encrypted-media; gyroscope; picture-in-picture; web-share\" referrerpolicy=\"strict-origin-when-cross-origin\" allowfullscreen>\n<\/iframe><br>\n<h2>\n\t\t\t\u00bfQU\u00c9 ES LA AUMENTO DE PECHO?\t<\/h2>\n\tLa aumento de senos es un procedimiento quir\u00fargico cosm\u00e9tico dise\u00f1ado para mejorar el tama\u00f1o, la forma y la simetr\u00eda de los senos. A menudo es elegido por mujeres que buscan mejorar los contornos de su cuerpo, restaurar el volumen del seno perdido despu\u00e9s del embarazo o la p\u00e9rdida de peso, o corregir la asimetr\u00eda. El procedimiento es altamente individualizado, con opciones adaptadas para satisfacer los objetivos \u00fanicos de cada paciente. Las pacientes pueden elegir entre diferentes tipos de implantes, formas y colocaciones, o optar por la transferencia de grasa para un realce m\u00e1s natural. El objetivo es lograr un resultado equilibrado y est\u00e9ticamente agradable que complemente la figura general de la paciente.\n\n\n\t\t\t\t<img decoding=\"async\" src=\"https:\/\/moeinsurgicalarts.com\/wp-content\/uploads\/Breast-Augmentation-in-LA-.jpg\" alt=\"Breast Augmentation in LA\" itemprop=\"image\" height=\"567\" width=\"850\" title=\"Breast Augmentation in LA-\" onerror=\"this.style.display='none'\" loading=\"lazy\">\n<h2>\n\t\t\tTIPOS DE AUMENTO DE PECHO:\t<\/h2>\n\t<div class=\"lazyvideo\" aria-label=\"Play video\" data-url=\"https:\/\/player.understand.com\/drmoein\/en\/b4d9716a-d5ff-4ec9-8d1a-931ad6997c9e\/2a60e26b-a17d-4bbb-930b-c4e30e4d3fa2?pauseFirstStep=1\"><img loading=\"lazy\" alt=\"video\" style=\"height:100%;\" data-src=\"\/wp-content\/themes\/drmoein\/cache\/5ecd0e63c50c33d9e5245e72844e2343.webp\" src=\"data:image\/gif;base64,R0lGODdhAQABAPAAAMPDwwAAACwAAAAAAQABAAACAkQBADs=\"><\/div>\n\t<ul>\n<li data-start=\"682\" data-end=\"864\">\n<strong data-start=\"684\" data-end=\"703\">Implantes Salinos<\/strong><br data-start=\"703\" data-end=\"706\">Llenos de agua salina est\u00e9ril, estos implantes se insertan vac\u00edos y luego se llenan, lo que permite incisiones m\u00e1s peque\u00f1as. Proporcionan una forma y firmeza uniformes.\n<\/li>\n<li data-start=\"866\" data-end=\"1042\">\n<strong data-start=\"868\" data-end=\"889\">Implantes de Silicona<\/strong><br data-start=\"889\" data-end=\"892\">Prellenados con gel de silicona, estos implantes son conocidos por su sensaci\u00f3n y apariencia naturales. Son una opci\u00f3n popular por sus resultados realistas.\n<\/li>\n<li data-start=\"1389\" data-end=\"1574\">\n<strong data-start=\"1391\" data-end=\"1420\">Aumento con Transferencia de Grasa<\/strong><br data-start=\"1420\" data-end=\"1423\">Utiliza la propia grasa del paciente extra\u00edda de \u00e1reas como el abdomen o los muslos, ofreciendo una alternativa natural con el beneficio adicional de contorno corporal.\n<\/li>\n<\/ul>\n<h2>\n\t\t\tTama\u00f1o del Implante vs. Tama\u00f1o de Copa del Seno\t<\/h2>\n\t\t\t\t<img decoding=\"async\" src=\"https:\/\/moeinsurgicalarts.com\/wp-content\/uploads\/size-of-implant.jpg\" alt=\"size of implant\" itemprop=\"image\" height=\"478\" width=\"850\" title=\"size of implant\" onerror=\"this.style.display='none'\" loading=\"lazy\">\n\tAl considerar la ampliaci\u00f3n de senos, es esencial entender la correlaci\u00f3n entre el tama\u00f1o del implante y la talla de la copa para lograr los resultados deseados. Como se ilustra en la imagen de Moein Surgical Arts, el volumen del implante se mide en cent\u00edmetros c\u00fabicos (cc) y generalmente se alinea con incrementos espec\u00edficos de la talla de la copa. Un implante de 150-250cc normalmente resulta en una copa B, mientras que un implante de 250-350cc puede corresponder a una copa C. Para pacientes que buscan una apariencia m\u00e1s llena, un implante de 350-450cc a menudo se alinea con una copa D, y 450-650cc puede crear una copa DD. Los implantes de 650cc y m\u00e1s pueden resultar en una copa DDD o m\u00e1s grande. Sin embargo, los resultados individuales pueden variar en funci\u00f3n del ancho del pecho, la elasticidad del tejido y las proporciones del cuerpo. La consulta con un cirujano certificado es crucial para seleccionar un tama\u00f1o de implante que mejore tanto la est\u00e9tica como la armon\u00eda anat\u00f3mica.\n<h2>\n\t\t\tACERCA DEL CIRUJANO COSM\u00c9TICO DR. BABAK MOEIN\t<\/h2>\n\t\t\t\t<article dir=\"auto\" data-testid=\"conversation-turn-6\" data-scroll-anchor=\"true\">\nLa aumentaci\u00f3n de senos es un procedimiento est\u00e1ndar entre las mujeres que desean aumentar el tama\u00f1o y la forma de sus senos. El Dr. Babak Moein ha realizado m\u00e1s de 1,500 procedimientos quir\u00fargicos pl\u00e1sticos exitosos en el \u00e1rea de Los \u00c1ngeles, incluyendo la aumentaci\u00f3n de senos. En Moein Surgical Arts, nuestro enfoque es un excelente servicio y ofrecer un plan personalizado basado en tus metas personales.\n<\/article>\n\u00a0\n\t<p>\u00a0<\/p>\n<ul>\n<li>El Dr. Babak Moein est\u00e1 doblemente certificado en cirug\u00eda cosm\u00e9tica y cirug\u00eda general. Es el \u00fanico cirujano cosm\u00e9tico en el sur de California con una doble beca y est\u00e1 capacitado en cirug\u00eda m\u00ednimamente invasiva y cirug\u00eda est\u00e9tica de <a href=\"https:\/\/moeinsurgicalarts.com\/es\/med-spa-services\/body-contouring\/\">contorno corporal<\/a>.<\/li>\n<li>El Dr. Moein tiene m\u00e1s de 10 a\u00f1os de experiencia quir\u00fargica y m\u00e1s de 100 rese\u00f1as de cinco estrellas.<\/li>\n<li>Nuestro principal objetivo es proporcionar un excelente servicio y resultados \u00f3ptimos para cada paciente. <a href=\"https:\/\/moeinsurgicalarts.com\/es\/mejor-cirujano-estetico-de-los-angeles\/\">El Dr. Moein y su equipo<\/a> le proporcionar\u00e1n atenci\u00f3n personalizada para asegurar que obtenga los resultados que desea.<\/li>\n<li>La experiencia del Dr. Moein en cirug\u00eda cosm\u00e9tica, m\u00ednimamente invasiva y general ofrece a sus pacientes una ventaja significativa durante la evaluaci\u00f3n y la planificaci\u00f3n quir\u00fargica y hace que el Dr. Babak Moein est\u00e9 excepcionalmente calificado para satisfacer sus necesidades cosm\u00e9ticas.<\/li>\n<\/ul>\n\t\t\t\t<img decoding=\"async\" src=\"https:\/\/moeinsurgicalarts.com\/wp-content\/uploads\/Cosmetic-Sugeon-Dr.Moein_.jpg\" alt=\"Cosmetic Surgeon\" itemprop=\"image\" height=\"1080\" width=\"1080\" title=\"Cosmetic Surgeon\" onerror=\"this.style.display='none'\" loading=\"lazy\">\n\t\t\t\t<img decoding=\"async\" src=\"https:\/\/moeinsurgicalarts.com\/wp-content\/uploads\/2023\/03\/border-bg-copia.webp\" alt=\"Space line\" itemprop=\"image\" height=\"37\" width=\"802\" title=\"border-bg copia\" onerror=\"this.style.display='none'\" loading=\"lazy\">\nPROGRAMA UNA<br>\nCONSULTA\n\nPara obtener m\u00e1s informaci\u00f3n sobre\u00a0<strong>DR BABAK MOEIN.<\/strong>\u00a0Te recomendamos que solicites una consulta en l\u00ednea. Si lo prefieres, eres m\u00e1s que bienvenido a llamar a nuestra oficina<br>\npara programar tu cita.\n\n<p><a href=\"tel:+%C2%A0+1(310)455-8020\">\u00a0+1(310)455-8020<\/a><\/p>\n\t\t\t\t<img decoding=\"async\" src=\"https:\/\/moeinsurgicalarts.com\/wp-content\/uploads\/2023\/03\/border-bg-copia.webp\" alt=\"Space line\" itemprop=\"image\" height=\"37\" width=\"802\" title=\"border-bg copia\" onerror=\"this.style.display='none'\" loading=\"lazy\">\n<h2>\n\t\t\tBUENOS CANDIDATOS PARA LA AUMENTACI\u00d3N DE SENOS\t<\/h2>\n\t\t\t\t<p>Los candidatos ideales para los procedimientos de aumento de senos comparten las siguientes cualidades:<\/p>\n<ul>\n<li><a href=\"https:\/\/www.mcmillenhealth.org\/tamtalks\/physical-health\" target=\"_blank\" rel=\"noopener\">Alguien que est\u00e1 f\u00edsicamente saludable<\/a>.<\/li>\n<li>No est\u00e1 actualmente embarazada o amamantando.<\/li>\n<li>Desea mejorar el tama\u00f1o y\/o la forma de sus senos.<\/li>\n<li>El tama\u00f1o o la forma de los senos no es sim\u00e9trico o uniforme.<\/li>\n<\/ul>\n<p><a href=\"https:\/\/moeinsurgicalarts.com\/psychological-benefits-of-breast-enhancement\/\">El aumento de senos puede ayudar a las mujeres<\/a> a abordar varias preocupaciones y objetivos. El aumento de senos puede ser el procedimiento para ti si quieres aumentar la plenitud o el volumen, mejorar el equilibrio o la simetr\u00eda, o mejorar tu autoconfianza.<\/p>\n\t\t\t\t<img decoding=\"async\" src=\"https:\/\/moeinsurgicalarts.com\/wp-content\/uploads\/Good-Candidate-for-Breast-Augmen-1.jpg\" alt=\"Good Candidate for Breast Augmen\" itemprop=\"image\" height=\"567\" width=\"850\" title=\"Good Candidate for Breast Augmen\" onerror=\"this.style.display='none'\" loading=\"lazy\">\n<h2>\n\t\t\tPREP\u00c1RATE PARA TU AUMENTO DE PECHO\t<\/h2>\n\t\t\t\t<img decoding=\"async\" src=\"https:\/\/moeinsurgicalarts.com\/wp-content\/uploads\/PREPARE-FOR-YOUR-BREAST-AUGMENTA.jpg\" alt=\"PREPARE FOR YOUR BREAST AUGMENTATION\" itemprop=\"image\" height=\"567\" width=\"850\" title=\"PREPARE FOR YOUR BREAST AUGMENTATION\" onerror=\"this.style.display='none'\" loading=\"lazy\">\n\t\t\t\t<p>El Dr. Moein le guiar\u00e1 a trav\u00e9s de todos los pasos necesarios para prepararse para su cirug\u00eda de aumento de senos. Esto incluye evitar medicamentos como Aspirina, Motrin o Ibuprofeno una semana antes, dejar de fumar al menos cuatro semanas antes y posiblemente someterse a an\u00e1lisis de sangre o ajustar los medicamentos actuales. Se crear\u00e1 un plan de manejo del dolor personalizado basado en su historial m\u00e9dico, factores de riesgo y tolerancia al dolor. Se le indicar\u00e1 que evite comer y beber despu\u00e9s de la medianoche antes de la cirug\u00eda, y debe organizar que alguien lo lleve a casa y le ayude con las actividades diarias durante las primeras 48 horas despu\u00e9s de la operaci\u00f3n. Si es necesario, est\u00e1 disponible el apoyo para dejar de fumar.<\/p>\n<h2>\n\t\t\tINSTRUCCIONES POSTERIORES A LA AUMENTO DE SENOS Y RECUPERACI\u00d3N\t<\/h2>\n\t\t\t\t<p>Despu\u00e9s de la cirug\u00eda, te recuperar\u00e1s brevemente en nuestra sala de recuperaci\u00f3n. El Dr. Moein puede recetar medicaci\u00f3n para el dolor para ayudarte a estar c\u00f3modo durante los primeros d\u00edas despu\u00e9s de tu procedimiento. Tambi\u00e9n proporcionar\u00e1 instrucciones detalladas despu\u00e9s de la cirug\u00eda, para que tengas la mejor oportunidad de recuperarte sin complicaciones.<\/p>\n<p>Mientras te encuentras en la etapa de recuperaci\u00f3n de la cirug\u00eda de aumento de senos, es mejor ser muy cuidadoso con los tejidos de la zona. No se recomienda realizar ninguna actividad f\u00edsica agotadora o estresante. Los hematomas e hinchaz\u00f3n resultantes de la cirug\u00eda de aumento de senos pueden reducirse de varias maneras, como el uso de compresas fr\u00edas y prendas de soporte quir\u00fargico. Tendr\u00e1s una cita de seguimiento con el Dr. Moein para asegurarte de que tu curaci\u00f3n est\u00e1 en marcha y aconsejarte sobre cu\u00e1ndo puedes volver a actividades m\u00e1s extenuantes.<\/p>\n\t\t\t\t<img decoding=\"async\" src=\"https:\/\/moeinsurgicalarts.com\/wp-content\/uploads\/breast-augmentation-recovery-.jpg\" alt=\"breast augmentation recovery\" itemprop=\"image\" height=\"567\" width=\"850\" title=\"breast augmentation recovery\" onerror=\"this.style.display='none'\" loading=\"lazy\">\n\t\t\t\t<img decoding=\"async\" src=\"https:\/\/moeinsurgicalarts.com\/wp-content\/plugins\/bb-plugin\/img\/pixel.png\" alt=\"pixel\" itemprop=\"image\" onerror=\"this.style.display='none'\" loading=\"lazy\">\n\t\t\t<h3>COSTO DE AUMENTO DE SENOS<\/h3>\t\t\t\n\t\t\t\t<p>Seg\u00fan los datos de 2018 de la Sociedad Americana de Cirujanos Pl\u00e1sticos, el costo promedio de la cirug\u00eda de aumento de senos es de $3,824, sin incluir la anestesia y otros costos relacionados. <a href=\"https:\/\/moeinsurgicalarts.com\/es\/mejor-cirujano-estetico-de-los-angeles\/\">Hable con el Dr. Moein sobre sus opciones de financiamiento<\/a> durante su consulta para ayudar a que su procedimiento sea lo m\u00e1s asequible posible. El Dr. Moein se esfuerza especialmente para garantizar que los pacientes conozcan el costo total del procedimiento (incluyendo la visita postoperatoria) por adelantado y que los pacientes no incurran en gastos inesperados.<\/p>\n\tx<br>\t<div class=\"lazyvideo\" aria-label=\"Play video\" data-url=\"https:\/\/player.understand.com\/drmoein\/en\/b4d9716a-d5ff-4ec9-8d1a-931ad6997c9e\/2a60e26b-a17d-4bbb-930b-c4e30e4d3fa2?pauseFirstStep=1\"><img loading=\"lazy\" alt=\"video\" style=\"height:100%;\" data-src=\"\/wp-content\/themes\/drmoein\/cache\/5ecd0e63c50c33d9e5245e72844e2343.webp\" src=\"data:image\/gif;base64,R0lGODdhAQABAPAAAMPDwwAAACwAAAAAAQABAAACAkQBADs=\"><\/div><br>\n<h2>\n\t\t\t\u00bfQU\u00c9 ESPERAR?\t<\/h2>\n\n\t<p>Antes de que se realice este procedimiento, habr\u00e1 una consulta personalizada para discutir el mejor plan de tratamiento para los objetivos de su cuerpo. Durante este tiempo, el Dr. Moein repasar\u00e1 su historial de salud, realizar\u00e1 una evaluaci\u00f3n m\u00e9dica, discutir\u00e1 sus opciones y resultados de su aumento de senos. Se discutir\u00e1n sus preocupaciones y se crear\u00e1 su plan de tratamiento individual.<\/p>\n<p>Su cirug\u00eda de aumento de senos ser\u00e1 \u00fanica para sus necesidades espec\u00edficas. Sin embargo, puede esperar que su procedimiento de aumento de senos incluya lo siguiente:<\/p>\n<ul>\n<li>Se utilizar\u00e1 anestesia general durante la cirug\u00eda.<\/li>\n<li>Se crea una incisi\u00f3n en una de varias \u00e1reas. Las opciones incluyen en la axila, alrededor de la areola y en el pliegue debajo del seno.<\/li>\n<li>Una vez que se ha hecho la incisi\u00f3n, se crea un bolsillo en el tejido mamario y aqu\u00ed es donde se colocar\u00e1 el implante. El Dr. Moein y usted decidir\u00e1n si colocar el implante mamario sobre o debajo del m\u00fasculo es lo mejor para usted.<\/li>\n<li>Los implantes se insertan y se posicionan correctamente y sim\u00e9tricamente.<\/li>\n<li>Las incisiones se cierran con puntos de sutura m\u00e9dicos.<\/li>\n<\/ul>\n\tx<br>\t<video width=\"790\" height=\"450\" autoplay muted playsinline controls>\n  <source src=\"https:\/\/moeinsurgicalarts.com\/wp-content\/uploads\/Before-and-After-Breast-Augmentation-Lift-by-Top-Cosmetic-Surgeon-in-Los-Angeles-CA_-Dr.Moein-2.mp4\" type=\"video\/mp4\"><\/source>\n  Tu navegador no admite la etiqueta de video.\n<\/video><br><br>\n<h2>\n\t\t\tRESULTADOS DE AUMENTO DE PECHO\t<\/h2>\n\t<p>Al igual que con la mayor\u00eda de los procedimientos cosm\u00e9ticos, los resultados de la augmentaci\u00f3n de senos var\u00edan de persona a persona. Muchas mujeres descubren que la augmentaci\u00f3n de senos mejora su satisfacci\u00f3n corporal y les ayuda a sentirse m\u00e1s c\u00f3modas con su apariencia.<\/p>\n<p>Puede pasar algunas semanas antes de que la hinchaz\u00f3n disminuya y comiences a ver los resultados. Las cicatrices de las incisiones pueden tardar desde unos meses hasta a\u00f1os en desaparecer.<\/p>\n\t\t\t<a href=\"https:\/\/moeinsurgicalarts.com\/es\/videos-de-procedimientos-plasticos-cosmeticos-corporales\/\" target=\"_blank\" rel=\"noopener\">\n\t\t\t\t\t\tVideos de Cirug\u00eda de Senos\n\t\t\t\t\t<\/a>\n\t<blockquote data-instgrm-captioned data-instgrm-permalink=\"https:\/\/www.instagram.com\/reel\/DLBILkToCqW\/?utm_source=ig_embed&amp;utm_campaign=loading\" data-instgrm-version=\"14\"> <a href=\"https:\/\/www.instagram.com\/reel\/DLBILkToCqW\/?utm_source=ig_embed&amp;utm_campaign=loading\" target=\"_blank\" rel=\"noopener\">       View this post on Instagram            <\/a><p><a href=\"https:\/\/www.instagram.com\/reel\/DLBILkToCqW\/?utm_source=ig_embed&amp;utm_campaign=loading\" target=\"_blank\" rel=\"noopener\">A post shared by Babak Moeinolmolki, MD FACS (@drbabakmoein)<\/a><\/p><\/blockquote><br>\n\t<blockquote data-instgrm-captioned data-instgrm-permalink=\"https:\/\/www.instagram.com\/reel\/C7pwr8uo36A\/?utm_source=ig_embed&amp;utm_campaign=loading\" data-instgrm-version=\"14\"> <a href=\"https:\/\/www.instagram.com\/reel\/C7pwr8uo36A\/?utm_source=ig_embed&amp;utm_campaign=loading\" target=\"_blank\" rel=\"noopener\">       Ver esta publicaci\u00f3n en Instagram            <\/a><p><a href=\"https:\/\/www.instagram.com\/reel\/C7pwr8uo36A\/?utm_source=ig_embed&amp;utm_campaign=loading\" target=\"_blank\" rel=\"noopener\">Publicaci\u00f3n compartida por Babak Moeinolmolki, MD FACS (@drbabakmoein)<\/a><\/p><\/blockquote><br>\n\t<blockquote data-instgrm-captioned data-instgrm-permalink=\"https:\/\/www.instagram.com\/reel\/C277hJTowai\/?utm_source=ig_embed&amp;utm_campaign=loading\" data-instgrm-version=\"14\"> <a href=\"https:\/\/www.instagram.com\/reel\/C277hJTowai\/?utm_source=ig_embed&amp;utm_campaign=loading\" target=\"_blank\" rel=\"noopener\">       View this post on Instagram            <\/a><p><a href=\"https:\/\/www.instagram.com\/reel\/C277hJTowai\/?utm_source=ig_embed&amp;utm_campaign=loading\" target=\"_blank\" rel=\"noopener\">A post shared by Babak Moeinolmolki, MD FACS (@drbabakmoein)<\/a><\/p><\/blockquote><br>\n\t<blockquote data-instgrm-captioned data-instgrm-permalink=\"https:\/\/www.instagram.com\/p\/Bkv3q26HjJI\/?utm_source=ig_embed&amp;utm_campaign=loading\" data-instgrm-version=\"14\"> <a href=\"https:\/\/www.instagram.com\/p\/Bkv3q26HjJI\/?utm_source=ig_embed&amp;utm_campaign=loading\" target=\"_blank\" rel=\"noopener\">       Ver esta publicaci\u00f3n en Instagram            <\/a><p><a href=\"https:\/\/www.instagram.com\/p\/Bkv3q26HjJI\/?utm_source=ig_embed&amp;utm_campaign=loading\" target=\"_blank\" rel=\"noopener\">Una publicaci\u00f3n compartida por Babak Moeinolmolki, MD FACS (@drbabakmoein)<\/a><\/p><\/blockquote><br>\n\n","protected":false},"excerpt":{"rendered":"<p>AUMENTO DE SENOS La aumento de senos sigue siendo uno de los procedimientos cosm\u00e9ticos m\u00e1s solicitados hoy en d\u00eda, ofreciendo a las mujeres la oportunidad de mejorar el tama\u00f1o, la forma y la proyecci\u00f3n de sus senos. Ya sea debido a la insatisfacci\u00f3n con el tama\u00f1o natural de los senos, cambios despu\u00e9s del embarazo o [&hellip;]<\/p>\n","protected":false},"author":6,"featured_media":47258,"parent":49767,"menu_order":0,"comment_status":"closed","ping_status":"closed","template":"","meta":{"footnotes":""},"class_list":["post-49763","page","type-page","status-publish","has-post-thumbnail","hentry"],"_links":{"self":[{"href":"https:\/\/moeinsurgicalarts.com\/es\/wp-json\/wp\/v2\/pages\/49763","targetHints":{"allow":["GET"]}}],"collection":[{"href":"https:\/\/moeinsurgicalarts.com\/es\/wp-json\/wp\/v2\/pages"}],"about":[{"href":"https:\/\/moeinsurgicalarts.com\/es\/wp-json\/wp\/v2\/types\/page"}],"author":[{"embeddable":true,"href":"https:\/\/moeinsurgicalarts.com\/es\/wp-json\/wp\/v2\/users\/6"}],"replies":[{"embeddable":true,"href":"https:\/\/moeinsurgicalarts.com\/es\/wp-json\/wp\/v2\/comments?post=49763"}],"version-history":[{"count":1,"href":"https:\/\/moeinsurgicalarts.com\/es\/wp-json\/wp\/v2\/pages\/49763\/revisions"}],"predecessor-version":[{"id":54678,"href":"https:\/\/moeinsurgicalarts.com\/es\/wp-json\/wp\/v2\/pages\/49763\/revisions\/54678"}],"up":[{"embeddable":true,"href":"https:\/\/moeinsurgicalarts.com\/es\/wp-json\/wp\/v2\/pages\/49767"}],"wp:featuredmedia":[{"embeddable":true,"href":"https:\/\/moeinsurgicalarts.com\/es\/wp-json\/wp\/v2\/media\/47258"}],"wp:attachment":[{"href":"https:\/\/moeinsurgicalarts.com\/es\/wp-json\/wp\/v2\/media?parent=49763"}],"curies":[{"name":"wp","href":"https:\/\/api.w.org\/{rel}","templated":true}]}}