{"id":47887,"date":"2018-02-21T07:14:41","date_gmt":"2018-02-21T15:14:41","guid":{"rendered":"https:\/\/moeinsurgicalarts.com\/procedimientos-corporales\/"},"modified":"2025-08-21T06:00:40","modified_gmt":"2025-08-21T13:00:40","slug":"procedimientos-corporales","status":"publish","type":"page","link":"https:\/\/moeinsurgicalarts.com\/es\/procedimientos-corporales\/","title":{"rendered":"Procedimientos Corporales"},"content":{"rendered":"\n\n\t<h2>Procedimientos Corporales<\/h2>\n\t\t<div class=\"lazyvideo\" data-url=\"https:\/\/www.youtube.com\/embed\/Lgr8hUGS2lg\"><img style=\"height:100%;\" loading=\"lazy\" alt=\"video\" src=\"\/wp-content\/themes\/drmoein\/cache\/8dfc027fc57fd8dc4a286bef26b181f0.webp\"><\/div>\t\n\t\t\t<a href=\"https:\/\/moeinsurgicalarts.com\/body-procedures\/liposuction-los-angeles\/\" target=\"_blank\" rel=\"noopener\">\n\t\t\t\t\t\t\tLiposucci\u00f3n\n\t\t\t\t\t<\/a>\n\t\t\t<a href=\"https:\/\/moeinsurgicalarts.com\/body-procedures\/liposuction-los-angeles\/hd-lipo\/\" target=\"_blank\" rel=\"noopener\">\n\t\t\t\t\t\t\tLiposucci\u00f3n de alta definici\u00f3n\n\t\t\t\t\t<\/a>\n\t\t\t<a href=\"https:\/\/moeinsurgicalarts.com\/body-procedures\/hi-def-vaser-liposuction\/\" target=\"_blank\" rel=\"noopener\">\n\t\t\t\t\t\t\tLiposucci\u00f3n Vaser\n\t\t\t\t\t<\/a>\n\t\t\t<a href=\"https:\/\/moeinsurgicalarts.com\/med-spa-services\/renuvion\/\" target=\"_blank\" rel=\"noopener\">\n\t\t\t\t\t\t\tRenuvion\n\t\t\t\t\t<\/a>\n\t\t\t<a href=\"https:\/\/moeinsurgicalarts.com\/body-procedures\/tummy-tuck-los-angeles-ca\/\" target=\"_blank\" rel=\"noopener\">\n\t\t\t\t\t\t\tAbdominoplastia\n\t\t\t\t\t<\/a>\n\t\t\t<a href=\"https:\/\/moeinsurgicalarts.com\/body-procedures\/mommy-makeover\/\" target=\"_blank\" rel=\"noopener\">\n\t\t\t\t\t\t\tRejuvenecimiento para Mam\u00e1s\n\t\t\t\t\t<\/a>\n\t\t\t<a href=\"https:\/\/moeinsurgicalarts.com\/body-procedures\/butt-augmentation-with-implants\/\" target=\"_blank\" rel=\"noopener\">\n\t\t\t\t\t\t\tAumento de gl\u00fateos con implantes\n\t\t\t\t\t<\/a>\n\t\t\t<a href=\"https:\/\/moeinsurgicalarts.com\/body-procedures\/brazilian-butt-lift\/\" target=\"_blank\" rel=\"noopener\">\n\t\t\t\t\t\t\tElevaci\u00f3n de Gl\u00fateos Brasile\u00f1a\n\t\t\t\t\t<\/a>\n\t\t\t<a href=\"https:\/\/moeinsurgicalarts.com\/butt-implant-removal-and-lift\/\" target=\"_blank\" rel=\"noopener\">\n\t\t\t\t\t\t\tEliminaci\u00f3n de Implantes de Gl\u00fateos y Elevaci\u00f3n\n\t\t\t\t\t<\/a>\n\t\t\t<a href=\"https:\/\/moeinsurgicalarts.com\/body-procedures\/ab-etching\/\" target=\"_blank\" rel=\"noopener\">\n\t\t\t\t\t\t\tDefinici\u00f3n de Abdominales\n\t\t\t\t\t<\/a>\n\t\t\t<a href=\"https:\/\/moeinsurgicalarts.com\/body-procedures\/sculptra-butt-lift\/\" target=\"_blank\" rel=\"noopener\">\n\t\t\t\t\t\t\tElevaci\u00f3n de Gl\u00fateos con Sculptra\n\t\t\t\t\t<\/a>\n\t\t\t<a href=\"https:\/\/moeinsurgicalarts.com\/body-procedures\/arm-lift\/\" target=\"_blank\" rel=\"noopener\">\n\t\t\t\t\t\t\tLevantamiento de Brazo\n\t\t\t\t\t<\/a>\n\t\t\t<a href=\"https:\/\/moeinsurgicalarts.com\/body-procedures\/sculptra-butt-lift\/\" target=\"_blank\" rel=\"noopener\">\n\t\t\t\t\t\t\tElevaci\u00f3n de Gl\u00fateos con Sculptra\n\t\t\t\t\t<\/a>\n\t\t\t<a href=\"https:\/\/moeinsurgicalarts.com\/body-procedures\/body-lift\/\" target=\"_blank\" rel=\"noopener\">\n\t\t\t\t\t\t\tElevaci\u00f3n Corporal\n\t\t\t\t\t<\/a>\n\t\t\t<a href=\"https:\/\/moeinsurgicalarts.com\/post-bariatric-body-contouring\/\" target=\"_blank\" rel=\"noopener\">\n\t\t\t\t\t\t\tContorno Corporal despu\u00e9s de la Cirug\u00eda Bari\u00e1trica\n\t\t\t\t\t<\/a>\n\t\t\t<a href=\"https:\/\/moeinsurgicalarts.com\/body-procedures\/thigh-lift\/\" target=\"_blank\" rel=\"noopener\">\n\t\t\t\t\t\t\tElevaci\u00f3n de Muslo\n\t\t\t\t\t<\/a>\nPROGRAMA UNA<br>\nCONSULTA\n\nPara obtener m\u00e1s informaci\u00f3n sobre\u00a0<strong>DR BABAK MOEIN.<\/strong> Te recomendamos solicitar una consulta en l\u00ednea. Si lo prefieres, eres m\u00e1s que bienvenido a llamar a nuestra oficina<br>\npara programar tu cita.\n\n<p><a href=\"tel:+1-310-683-4634\">310 683 4634<\/a><\/p>\n\t\t\t\t<a href=\"https:\/\/moeinsurgicalarts.com\/es\/contactar-con-el-cirujano-estetico\/\" target=\"_blank\" rel=\"noopener\" itemprop=\"url\">\n\t\t\t\t<img decoding=\"async\" src=\"https:\/\/moeinsurgicalarts.com\/wp-content\/uploads\/2023\/03\/contact-us-copia.webp\" alt=\"Logo design for a body contouring contact us page, featuring a white background.\" itemprop=\"image\" height=\"102\" width=\"397\" title=\"Logo design for a body contouring contact us page, featuring a white background.\" onerror=\"this.style.display='none'\" loading=\"lazy\">\n\t\t\t\t<\/a>\n\n","protected":false},"excerpt":{"rendered":"<p>Liposucci\u00f3n Liposucci\u00f3n de alta definici\u00f3n Liposucci\u00f3n Vaser Renuvion Abdominoplastia Rejuvenecimiento para Mam\u00e1s Aumento de gl\u00fateos con implantes Elevaci\u00f3n de Gl\u00fateos Brasile\u00f1a Eliminaci\u00f3n de Implantes de Gl\u00fateos y Elevaci\u00f3n Definici\u00f3n de Abdominales Elevaci\u00f3n de Gl\u00fateos con Sculptra Levantamiento de Brazo Elevaci\u00f3n de Gl\u00fateos con Sculptra Elevaci\u00f3n Corporal Contorno Corporal despu\u00e9s de la Cirug\u00eda Bari\u00e1trica Elevaci\u00f3n de [&hellip;]<\/p>\n","protected":false},"author":7,"featured_media":45627,"parent":0,"menu_order":0,"comment_status":"closed","ping_status":"closed","template":"","meta":{"footnotes":""},"class_list":["post-47887","page","type-page","status-publish","has-post-thumbnail","hentry"],"_links":{"self":[{"href":"https:\/\/moeinsurgicalarts.com\/es\/wp-json\/wp\/v2\/pages\/47887","targetHints":{"allow":["GET"]}}],"collection":[{"href":"https:\/\/moeinsurgicalarts.com\/es\/wp-json\/wp\/v2\/pages"}],"about":[{"href":"https:\/\/moeinsurgicalarts.com\/es\/wp-json\/wp\/v2\/types\/page"}],"author":[{"embeddable":true,"href":"https:\/\/moeinsurgicalarts.com\/es\/wp-json\/wp\/v2\/users\/7"}],"replies":[{"embeddable":true,"href":"https:\/\/moeinsurgicalarts.com\/es\/wp-json\/wp\/v2\/comments?post=47887"}],"version-history":[{"count":0,"href":"https:\/\/moeinsurgicalarts.com\/es\/wp-json\/wp\/v2\/pages\/47887\/revisions"}],"wp:featuredmedia":[{"embeddable":true,"href":"https:\/\/moeinsurgicalarts.com\/es\/wp-json\/wp\/v2\/media\/45627"}],"wp:attachment":[{"href":"https:\/\/moeinsurgicalarts.com\/es\/wp-json\/wp\/v2\/media?parent=47887"}],"curies":[{"name":"wp","href":"https:\/\/api.w.org\/{rel}","templated":true}]}}