{"id":47879,"date":"2020-02-02T08:43:32","date_gmt":"2020-02-02T16:43:32","guid":{"rendered":"https:\/\/moeinsurgicalarts.com\/certificado-del-dr-moein-cirugia-estetica-cosmetica-y-cirugia-minimamente-invasiva\/"},"modified":"2025-08-21T05:22:19","modified_gmt":"2025-08-21T12:22:19","slug":"certificado-del-dr-moein-cirugia-estetica-cosmetica-y-cirugia-minimamente-invasiva","status":"publish","type":"page","link":"https:\/\/moeinsurgicalarts.com\/es\/mejor-cirujano-estetico-de-los-angeles\/certificado-del-dr-moein-cirugia-estetica-cosmetica-y-cirugia-minimamente-invasiva\/","title":{"rendered":"Certificado del Dr. Moein: Cirug\u00eda Est\u00e9tica Cosm\u00e9tica y Cirug\u00eda M\u00ednimamente Invasiva"},"content":{"rendered":"","protected":false},"excerpt":{"rendered":"","protected":false},"author":7,"featured_media":45558,"parent":47880,"menu_order":0,"comment_status":"closed","ping_status":"closed","template":"","meta":{"footnotes":""},"class_list":["post-47879","page","type-page","status-publish","has-post-thumbnail","hentry"],"_links":{"self":[{"href":"https:\/\/moeinsurgicalarts.com\/es\/wp-json\/wp\/v2\/pages\/47879","targetHints":{"allow":["GET"]}}],"collection":[{"href":"https:\/\/moeinsurgicalarts.com\/es\/wp-json\/wp\/v2\/pages"}],"about":[{"href":"https:\/\/moeinsurgicalarts.com\/es\/wp-json\/wp\/v2\/types\/page"}],"author":[{"embeddable":true,"href":"https:\/\/moeinsurgicalarts.com\/es\/wp-json\/wp\/v2\/users\/7"}],"replies":[{"embeddable":true,"href":"https:\/\/moeinsurgicalarts.com\/es\/wp-json\/wp\/v2\/comments?post=47879"}],"version-history":[{"count":0,"href":"https:\/\/moeinsurgicalarts.com\/es\/wp-json\/wp\/v2\/pages\/47879\/revisions"}],"up":[{"embeddable":true,"href":"https:\/\/moeinsurgicalarts.com\/es\/wp-json\/wp\/v2\/pages\/47880"}],"wp:featuredmedia":[{"embeddable":true,"href":"https:\/\/moeinsurgicalarts.com\/es\/wp-json\/wp\/v2\/media\/45558"}],"wp:attachment":[{"href":"https:\/\/moeinsurgicalarts.com\/es\/wp-json\/wp\/v2\/media?parent=47879"}],"curies":[{"name":"wp","href":"https:\/\/api.w.org\/{rel}","templated":true}]}}